{"id":1062,"date":"2026-04-27T06:50:30","date_gmt":"2026-04-27T06:50:30","guid":{"rendered":"https:\/\/chinaminiloader.com\/?post_type=product&#038;p=1062"},"modified":"2026-04-27T06:50:31","modified_gmt":"2026-04-27T06:50:31","slug":"dual-mast-masonry-lift-platform-for-construction-sites","status":"publish","type":"product","link":"https:\/\/chinaminiloader.com\/pt\/dual-mast-masonry-lift-platform-for-construction-sites\/","title":{"rendered":"Plataforma elevat\u00f3ria de alvenaria de mastro duplo para estaleiros de constru\u00e7\u00e3o"},"content":{"rendered":"<p>A nossa plataforma elevat\u00f3ria para alvenaria de mastro duplo foi concebida para satisfazer as necessidades exigentes dos locais de constru\u00e7\u00e3o modernos. Constru\u00edda com estruturas de a\u00e7o robustas e mecanismos de eleva\u00e7\u00e3o avan\u00e7ados, garante um desempenho fi\u00e1vel e est\u00e1vel no transporte de materiais pesados, como tijolos e blocos. A plataforma oferece uma excelente capacidade de carga e um movimento vertical suave, melhorando a efici\u00eancia e reduzindo o trabalho manual. As carater\u00edsticas de seguran\u00e7a, como os guarda-corpos e as pernas de apoio est\u00e1veis, proporcionam um funcionamento seguro em v\u00e1rios ambientes. Adequado para utiliza\u00e7\u00e3o em interiores e exteriores, este equipamento \u00e9 a solu\u00e7\u00e3o ideal para empreiteiros que procuram durabilidade, efici\u00eancia e manuseamento econ\u00f3mico de materiais.<\/p>","protected":false},"excerpt":{"rendered":"<p>Esta plataforma elevat\u00f3ria de alvenaria de mastro duplo foi concebida para o transporte vertical eficiente de tijolos e materiais de constru\u00e7\u00e3o. Com uma constru\u00e7\u00e3o em a\u00e7o resistente, elevada capacidade de carga e desempenho de eleva\u00e7\u00e3o est\u00e1vel, garante seguran\u00e7a e produtividade nos locais de trabalho. Ideal para aplica\u00e7\u00f5es de constru\u00e7\u00e3o em interiores e exteriores.<\/p>","protected":false},"featured_media":1063,"template":"","meta":{"_gspb_post_css":""},"product_brand":[],"product_cat":[22,24],"product_tag":[44,200,42],"class_list":{"0":"post-1062","1":"product","2":"type-product","3":"status-publish","4":"has-post-thumbnail","6":"product_cat-lift-platform","7":"product_cat-masonry-lifting-platform","8":"product_tag-construction-platform","9":"product_tag-masonry-lift","10":"product_tag-material-handling-equipment","12":"first","13":"instock","14":"shipping-taxable","15":"product-type-simple"},"_links":{"self":[{"href":"https:\/\/chinaminiloader.com\/pt\/wp-json\/wp\/v2\/product\/1062","targetHints":{"allow":["GET"]}}],"collection":[{"href":"https:\/\/chinaminiloader.com\/pt\/wp-json\/wp\/v2\/product"}],"about":[{"href":"https:\/\/chinaminiloader.com\/pt\/wp-json\/wp\/v2\/types\/product"}],"wp:featuredmedia":[{"embeddable":true,"href":"https:\/\/chinaminiloader.com\/pt\/wp-json\/wp\/v2\/media\/1063"}],"wp:attachment":[{"href":"https:\/\/chinaminiloader.com\/pt\/wp-json\/wp\/v2\/media?parent=1062"}],"wp:term":[{"taxonomy":"product_brand","embeddable":true,"href":"https:\/\/chinaminiloader.com\/pt\/wp-json\/wp\/v2\/product_brand?post=1062"},{"taxonomy":"product_cat","embeddable":true,"href":"https:\/\/chinaminiloader.com\/pt\/wp-json\/wp\/v2\/product_cat?post=1062"},{"taxonomy":"product_tag","embeddable":true,"href":"https:\/\/chinaminiloader.com\/pt\/wp-json\/wp\/v2\/product_tag?post=1062"}],"curies":[{"name":"wp","href":"https:\/\/api.w.org\/{rel}","templated":true}]}}