{"id":1051,"date":"2026-04-27T06:45:29","date_gmt":"2026-04-27T06:45:29","guid":{"rendered":"https:\/\/chinaminiloader.com\/?post_type=product&#038;p=1051"},"modified":"2026-04-27T06:45:29","modified_gmt":"2026-04-27T06:45:29","slug":"electric-hydraulic-double-mast-construction-work-platform","status":"publish","type":"product","link":"https:\/\/chinaminiloader.com\/pt\/electric-hydraulic-double-mast-construction-work-platform\/","title":{"rendered":"Plataforma de trabalho para constru\u00e7\u00e3o com duplo mastro hidr\u00e1ulico el\u00e9trico"},"content":{"rendered":"<p>A nossa plataforma de constru\u00e7\u00e3o el\u00e9ctrica hidr\u00e1ulica de mastro duplo foi concebida para durabilidade, seguran\u00e7a e desempenho. Com uma estrutura de a\u00e7o robusta e um sistema de mastro duplo, garante uma maior estabilidade durante o funcionamento. A plataforma \u00e9 f\u00e1cil de manobrar e proporciona uma eleva\u00e7\u00e3o suave para trabalhadores e materiais. Equipada com guarda-corpos de seguran\u00e7a e controlos hidr\u00e1ulicos fi\u00e1veis, \u00e9 adequada para estaleiros de constru\u00e7\u00e3o, armaz\u00e9ns e manuten\u00e7\u00e3o industrial. O seu design compacto permite um transporte e uma montagem c\u00f3modos, tornando-o numa solu\u00e7\u00e3o econ\u00f3mica para v\u00e1rias necessidades de eleva\u00e7\u00e3o. Este equipamento foi constru\u00eddo para satisfazer os requisitos exigentes do local de trabalho, mantendo a efici\u00eancia e a seguran\u00e7a do operador.<\/p>","protected":false},"excerpt":{"rendered":"<p>A sua plataforma de trabalho de mastro duplo el\u00e9trico hidr\u00e1ulico foi concebida para uma eleva\u00e7\u00e3o segura e eficiente na constru\u00e7\u00e3o e manuseamento de materiais. Oferece uma forte estabilidade, elevada capacidade de carga e movimento vertical suave. Ideal para opera\u00e7\u00f5es de armaz\u00e9m, tarefas de manuten\u00e7\u00e3o e projectos de constru\u00e7\u00e3o.<\/p>","protected":false},"featured_media":1052,"template":"","meta":{"_gspb_post_css":""},"product_brand":[],"product_cat":[22,24],"product_tag":[198,77,197],"class_list":{"0":"post-1051","1":"product","2":"type-product","3":"status-publish","4":"has-post-thumbnail","6":"product_cat-lift-platform","7":"product_cat-masonry-lifting-platform","8":"product_tag-construction-lifting-equipment","9":"product_tag-double-mast-lift-platform","10":"product_tag-hydraulic-work-platform","12":"first","13":"instock","14":"shipping-taxable","15":"product-type-simple"},"_links":{"self":[{"href":"https:\/\/chinaminiloader.com\/pt\/wp-json\/wp\/v2\/product\/1051","targetHints":{"allow":["GET"]}}],"collection":[{"href":"https:\/\/chinaminiloader.com\/pt\/wp-json\/wp\/v2\/product"}],"about":[{"href":"https:\/\/chinaminiloader.com\/pt\/wp-json\/wp\/v2\/types\/product"}],"wp:featuredmedia":[{"embeddable":true,"href":"https:\/\/chinaminiloader.com\/pt\/wp-json\/wp\/v2\/media\/1052"}],"wp:attachment":[{"href":"https:\/\/chinaminiloader.com\/pt\/wp-json\/wp\/v2\/media?parent=1051"}],"wp:term":[{"taxonomy":"product_brand","embeddable":true,"href":"https:\/\/chinaminiloader.com\/pt\/wp-json\/wp\/v2\/product_brand?post=1051"},{"taxonomy":"product_cat","embeddable":true,"href":"https:\/\/chinaminiloader.com\/pt\/wp-json\/wp\/v2\/product_cat?post=1051"},{"taxonomy":"product_tag","embeddable":true,"href":"https:\/\/chinaminiloader.com\/pt\/wp-json\/wp\/v2\/product_tag?post=1051"}],"curies":[{"name":"wp","href":"https:\/\/api.w.org\/{rel}","templated":true}]}}