{"id":1035,"date":"2026-04-27T06:37:37","date_gmt":"2026-04-27T06:37:37","guid":{"rendered":"https:\/\/chinaminiloader.com\/?post_type=product&#038;p=1035"},"modified":"2026-04-27T06:37:37","modified_gmt":"2026-04-27T06:37:37","slug":"dual-mast-construction-material-lifting-platform-hoist","status":"publish","type":"product","link":"https:\/\/chinaminiloader.com\/pt\/dual-mast-construction-material-lifting-platform-hoist\/","title":{"rendered":"Guincho de plataforma de eleva\u00e7\u00e3o de material de constru\u00e7\u00e3o de mastro duplo"},"content":{"rendered":"<p>A nossa plataforma de eleva\u00e7\u00e3o de materiais de constru\u00e7\u00e3o com mastro duplo foi concebida para satisfazer as necessidades exigentes dos locais de constru\u00e7\u00e3o modernos. Constru\u00edda com uma estrutura de a\u00e7o robusta e um mecanismo de eleva\u00e7\u00e3o avan\u00e7ado, proporciona uma excelente estabilidade e uma elevada capacidade de carga para o transporte de tijolos, ferramentas e materiais pesados. O design de mastro duplo aumenta o equil\u00edbrio e a seguran\u00e7a, enquanto a plataforma espa\u00e7osa com guarda-corpos garante uma opera\u00e7\u00e3o segura. F\u00e1cil de deslocar e instalar, este equipamento \u00e9 ideal para trabalhos de alvenaria, carregamento de armaz\u00e9ns e projectos de constru\u00e7\u00e3o de v\u00e1rios andares. Melhora a efici\u00eancia, reduz a intensidade do trabalho e garante um desempenho fi\u00e1vel em v\u00e1rias condi\u00e7\u00f5es de trabalho.<\/p>","protected":false},"excerpt":{"rendered":"<p>Esta plataforma elevat\u00f3ria de constru\u00e7\u00e3o com mastro duplo foi concebida para o transporte vertical eficiente de materiais nos locais de trabalho. Com uma estrutura est\u00e1vel, elevada capacidade de carga e um sistema de eleva\u00e7\u00e3o suave, garante um funcionamento seguro e fi\u00e1vel para tarefas de alvenaria, manuseamento de carga e manuten\u00e7\u00e3o de edif\u00edcios.<\/p>","protected":false},"featured_media":1036,"template":"","meta":{"_gspb_post_css":""},"product_brand":[],"product_cat":[22,24],"product_tag":[103,127,91],"class_list":{"0":"post-1035","1":"product","2":"type-product","3":"status-publish","4":"has-post-thumbnail","6":"product_cat-lift-platform","7":"product_cat-masonry-lifting-platform","8":"product_tag-construction-hoist","9":"product_tag-dual-mast-lift","10":"product_tag-material-lifting-platform","12":"first","13":"instock","14":"shipping-taxable","15":"product-type-simple"},"_links":{"self":[{"href":"https:\/\/chinaminiloader.com\/pt\/wp-json\/wp\/v2\/product\/1035","targetHints":{"allow":["GET"]}}],"collection":[{"href":"https:\/\/chinaminiloader.com\/pt\/wp-json\/wp\/v2\/product"}],"about":[{"href":"https:\/\/chinaminiloader.com\/pt\/wp-json\/wp\/v2\/types\/product"}],"wp:featuredmedia":[{"embeddable":true,"href":"https:\/\/chinaminiloader.com\/pt\/wp-json\/wp\/v2\/media\/1036"}],"wp:attachment":[{"href":"https:\/\/chinaminiloader.com\/pt\/wp-json\/wp\/v2\/media?parent=1035"}],"wp:term":[{"taxonomy":"product_brand","embeddable":true,"href":"https:\/\/chinaminiloader.com\/pt\/wp-json\/wp\/v2\/product_brand?post=1035"},{"taxonomy":"product_cat","embeddable":true,"href":"https:\/\/chinaminiloader.com\/pt\/wp-json\/wp\/v2\/product_cat?post=1035"},{"taxonomy":"product_tag","embeddable":true,"href":"https:\/\/chinaminiloader.com\/pt\/wp-json\/wp\/v2\/product_tag?post=1035"}],"curies":[{"name":"wp","href":"https:\/\/api.w.org\/{rel}","templated":true}]}}