{"id":1030,"date":"2026-04-27T06:35:09","date_gmt":"2026-04-27T06:35:09","guid":{"rendered":"https:\/\/chinaminiloader.com\/?post_type=product&#038;p=1030"},"modified":"2026-04-27T06:35:09","modified_gmt":"2026-04-27T06:35:09","slug":"dual-mast-hydraulic-lifting-platform-for-construction-use","status":"publish","type":"product","link":"https:\/\/chinaminiloader.com\/pt\/dual-mast-hydraulic-lifting-platform-for-construction-use\/","title":{"rendered":"Plataforma elevat\u00f3ria hidr\u00e1ulica de mastro duplo para utiliza\u00e7\u00e3o na constru\u00e7\u00e3o"},"content":{"rendered":"<p>A plataforma elevat\u00f3ria hidr\u00e1ulica de mastro duplo \u00e9 uma solu\u00e7\u00e3o fi\u00e1vel para o acesso vertical em ambientes de constru\u00e7\u00e3o, armazenamento e industriais. Constru\u00edda com uma estrutura de a\u00e7o robusta e equipada com um potente sistema de eleva\u00e7\u00e3o, garante estabilidade e seguran\u00e7a em altura. A plataforma espa\u00e7osa permite v\u00e1rios trabalhadores e ferramentas, melhorando a efici\u00eancia no local. O seu design compacto e a sua mobilidade tornam-no adequado para utiliza\u00e7\u00e3o no interior e no exterior. Amplamente utilizado para tarefas de instala\u00e7\u00e3o, manuten\u00e7\u00e3o e manuseamento de materiais, este equipamento de eleva\u00e7\u00e3o oferece um excelente desempenho, durabilidade e facilidade de opera\u00e7\u00e3o, tornando-o uma ferramenta essencial para projectos de constru\u00e7\u00e3o modernos.<\/p>","protected":false},"excerpt":{"rendered":"<p>Esta plataforma de eleva\u00e7\u00e3o hidr\u00e1ulica de mastro duplo foi concebida para uma eleva\u00e7\u00e3o segura e eficiente em aplica\u00e7\u00f5es de constru\u00e7\u00e3o e manuseamento de materiais. Com uma estrutura est\u00e1vel, elevada capacidade de carga e f\u00e1cil mobilidade, \u00e9 ideal para manuten\u00e7\u00e3o interior e exterior, instala\u00e7\u00e3o e opera\u00e7\u00f5es de armaz\u00e9m.<\/p>","protected":false},"featured_media":1031,"template":"","meta":{"_gspb_post_css":""},"product_brand":[],"product_cat":[22,24],"product_tag":[44,127,126],"class_list":{"0":"post-1030","1":"product","2":"type-product","3":"status-publish","4":"has-post-thumbnail","6":"product_cat-lift-platform","7":"product_cat-masonry-lifting-platform","8":"product_tag-construction-platform","9":"product_tag-dual-mast-lift","10":"product_tag-hydraulic-lifting-equipment","12":"first","13":"instock","14":"shipping-taxable","15":"product-type-simple"},"_links":{"self":[{"href":"https:\/\/chinaminiloader.com\/pt\/wp-json\/wp\/v2\/product\/1030","targetHints":{"allow":["GET"]}}],"collection":[{"href":"https:\/\/chinaminiloader.com\/pt\/wp-json\/wp\/v2\/product"}],"about":[{"href":"https:\/\/chinaminiloader.com\/pt\/wp-json\/wp\/v2\/types\/product"}],"wp:featuredmedia":[{"embeddable":true,"href":"https:\/\/chinaminiloader.com\/pt\/wp-json\/wp\/v2\/media\/1031"}],"wp:attachment":[{"href":"https:\/\/chinaminiloader.com\/pt\/wp-json\/wp\/v2\/media?parent=1030"}],"wp:term":[{"taxonomy":"product_brand","embeddable":true,"href":"https:\/\/chinaminiloader.com\/pt\/wp-json\/wp\/v2\/product_brand?post=1030"},{"taxonomy":"product_cat","embeddable":true,"href":"https:\/\/chinaminiloader.com\/pt\/wp-json\/wp\/v2\/product_cat?post=1030"},{"taxonomy":"product_tag","embeddable":true,"href":"https:\/\/chinaminiloader.com\/pt\/wp-json\/wp\/v2\/product_tag?post=1030"}],"curies":[{"name":"wp","href":"https:\/\/api.w.org\/{rel}","templated":true}]}}