{"id":1008,"date":"2026-04-27T06:23:19","date_gmt":"2026-04-27T06:23:19","guid":{"rendered":"https:\/\/chinaminiloader.com\/?post_type=product&#038;p=1008"},"modified":"2026-04-27T06:23:19","modified_gmt":"2026-04-27T06:23:19","slug":"three-wheel-mobile-scissor-lift-platform-truck","status":"publish","type":"product","link":"https:\/\/chinaminiloader.com\/pt\/three-wheel-mobile-scissor-lift-platform-truck\/","title":{"rendered":"Cami\u00e3o com plataforma elevat\u00f3ria de tesoura m\u00f3vel de tr\u00eas rodas"},"content":{"rendered":"<p>A plataforma elevat\u00f3ria tipo tesoura de tr\u00eas rodas montada em ve\u00edculo \u00e9 uma solu\u00e7\u00e3o vers\u00e1til para manuseamento de materiais e trabalhos em altura. O seu design compacto permite uma f\u00e1cil desloca\u00e7\u00e3o em espa\u00e7os estreitos, enquanto o sistema de eleva\u00e7\u00e3o integrado assegura um funcionamento vertical suave e est\u00e1vel. Equipada com pernas de apoio robustas e uma prote\u00e7\u00e3o segura, proporciona maior seguran\u00e7a durante a utiliza\u00e7\u00e3o. Este equipamento \u00e9 ideal para armaz\u00e9ns, f\u00e1bricas, estaleiros de constru\u00e7\u00e3o e tarefas de manuten\u00e7\u00e3o. Com um desempenho fi\u00e1vel, controlos f\u00e1ceis de utilizar e mobilidade eficiente, ajuda a melhorar a produtividade e a reduzir a intensidade do trabalho, tornando-o uma escolha pr\u00e1tica para aplica\u00e7\u00f5es industriais modernas.<\/p>","protected":false},"excerpt":{"rendered":"<p>Esta plataforma elevat\u00f3ria de tesoura m\u00f3vel de tr\u00eas rodas combina as fun\u00e7\u00f5es de transporte e eleva\u00e7\u00e3o numa unidade compacta. Concebida para utiliza\u00e7\u00e3o em armaz\u00e9ns, f\u00e1bricas e manuten\u00e7\u00e3o, oferece uma eleva\u00e7\u00e3o est\u00e1vel, f\u00e1cil manobrabilidade e uma forte capacidade de carga, tornando-a ideal para um manuseamento eficiente de materiais e opera\u00e7\u00f5es elevadas.<\/p>","protected":false},"featured_media":1011,"template":"","meta":{"_gspb_post_css":""},"product_brand":[],"product_cat":[22,23],"product_tag":[58,93,190],"class_list":{"0":"post-1008","1":"product","2":"type-product","3":"status-publish","4":"has-post-thumbnail","6":"product_cat-lift-platform","7":"product_cat-electric-tricycle-lift-truck","8":"product_tag-material-handling-lift","9":"product_tag-mobile-scissor-lift","10":"product_tag-three-wheel-platform","12":"first","13":"instock","14":"shipping-taxable","15":"product-type-simple"},"_links":{"self":[{"href":"https:\/\/chinaminiloader.com\/pt\/wp-json\/wp\/v2\/product\/1008","targetHints":{"allow":["GET"]}}],"collection":[{"href":"https:\/\/chinaminiloader.com\/pt\/wp-json\/wp\/v2\/product"}],"about":[{"href":"https:\/\/chinaminiloader.com\/pt\/wp-json\/wp\/v2\/types\/product"}],"wp:featuredmedia":[{"embeddable":true,"href":"https:\/\/chinaminiloader.com\/pt\/wp-json\/wp\/v2\/media\/1011"}],"wp:attachment":[{"href":"https:\/\/chinaminiloader.com\/pt\/wp-json\/wp\/v2\/media?parent=1008"}],"wp:term":[{"taxonomy":"product_brand","embeddable":true,"href":"https:\/\/chinaminiloader.com\/pt\/wp-json\/wp\/v2\/product_brand?post=1008"},{"taxonomy":"product_cat","embeddable":true,"href":"https:\/\/chinaminiloader.com\/pt\/wp-json\/wp\/v2\/product_cat?post=1008"},{"taxonomy":"product_tag","embeddable":true,"href":"https:\/\/chinaminiloader.com\/pt\/wp-json\/wp\/v2\/product_tag?post=1008"}],"curies":[{"name":"wp","href":"https:\/\/api.w.org\/{rel}","templated":true}]}}