{"id":913,"date":"2026-04-27T01:25:19","date_gmt":"2026-04-27T01:25:19","guid":{"rendered":"https:\/\/chinaminiloader.com\/?post_type=product&#038;p=913"},"modified":"2026-04-27T01:25:19","modified_gmt":"2026-04-27T01:25:19","slug":"custom-electric-freight-elevator-material-lift-platform","status":"publish","type":"product","link":"https:\/\/chinaminiloader.com\/it\/custom-electric-freight-elevator-material-lift-platform\/","title":{"rendered":"Piattaforma elettrica su ordinazione dell'ascensore di trasporto del materiale dell'elevatore di merci"},"content":{"rendered":"<p>Progettato per una movimentazione verticale affidabile dei carichi, questo montacarichi elettrico \u00e8 adatto per officine, magazzini, soppalchi e aree di costruzione. L'unit\u00e0 \u00e8 dotata di un telaio di guida rigido in acciaio, di una piattaforma chiusa, di un azionamento elettrico dell'argano e di un semplice sistema di controllo che consentono di spostare i materiali tra i piani in modo sicuro ed efficiente. In qualit\u00e0 di produttore cinese diretto, possiamo personalizzare l'altezza di sollevamento, le dimensioni della piattaforma, la capacit\u00e0 di carico, il colore, il voltaggio e la configurazione delle porte in base ai requisiti del progetto. La struttura resistente, l'installazione compatta e l'accesso pratico per la manutenzione ne fanno una scelta economicamente vantaggiosa per la movimentazione dei materiali laddove i carrelli elevatori, il sollevamento manuale o gli ascensori fissi per edifici non sono adatti nelle applicazioni industriali quotidiane pi\u00f9 impegnative.<\/p>","protected":false},"excerpt":{"rendered":"<p>Questo montacarichi elettrico utilizza un montante in acciaio saldato, una piattaforma a gabbia protetta e un sistema di sollevamento a paranco per il trasporto verticale di materiali. Costruito per fabbriche, magazzini e cantieri, supporta altezze, dimensioni della piattaforma, capacit\u00e0 di carico e opzioni di controllo personalizzate per una movimentazione efficiente dei carichi.<\/p>","protected":false},"featured_media":919,"template":"","meta":{"_gspb_post_css":""},"product_brand":[],"product_cat":[19,20],"product_tag":[44,89,58],"class_list":{"0":"post-913","1":"product","2":"type-product","3":"status-publish","4":"has-post-thumbnail","6":"product_cat-freight-elevator","7":"product_cat-electric-freight-elevator","8":"product_tag-construction-platform","9":"product_tag-electric-freight-elevator","10":"product_tag-material-handling-lift","12":"first","13":"instock","14":"shipping-taxable","15":"product-type-simple"},"_links":{"self":[{"href":"https:\/\/chinaminiloader.com\/it\/wp-json\/wp\/v2\/product\/913","targetHints":{"allow":["GET"]}}],"collection":[{"href":"https:\/\/chinaminiloader.com\/it\/wp-json\/wp\/v2\/product"}],"about":[{"href":"https:\/\/chinaminiloader.com\/it\/wp-json\/wp\/v2\/types\/product"}],"wp:featuredmedia":[{"embeddable":true,"href":"https:\/\/chinaminiloader.com\/it\/wp-json\/wp\/v2\/media\/919"}],"wp:attachment":[{"href":"https:\/\/chinaminiloader.com\/it\/wp-json\/wp\/v2\/media?parent=913"}],"wp:term":[{"taxonomy":"product_brand","embeddable":true,"href":"https:\/\/chinaminiloader.com\/it\/wp-json\/wp\/v2\/product_brand?post=913"},{"taxonomy":"product_cat","embeddable":true,"href":"https:\/\/chinaminiloader.com\/it\/wp-json\/wp\/v2\/product_cat?post=913"},{"taxonomy":"product_tag","embeddable":true,"href":"https:\/\/chinaminiloader.com\/it\/wp-json\/wp\/v2\/product_tag?post=913"}],"curies":[{"name":"wp","href":"https:\/\/api.w.org\/{rel}","templated":true}]}}