{"id":792,"date":"2026-04-26T12:17:44","date_gmt":"2026-04-26T12:17:44","guid":{"rendered":"https:\/\/chinaminiloader.com\/?post_type=product&#038;p=792"},"modified":"2026-04-26T12:17:44","modified_gmt":"2026-04-26T12:17:44","slug":"compact-4x4-all-wheel-drive-diesel-loader-for-job-sites","status":"publish","type":"product","link":"https:\/\/chinaminiloader.com\/it\/compact-4x4-all-wheel-drive-diesel-loader-for-job-sites\/","title":{"rendered":"Caricatore diesel compatto 4\u00d74 a trazione integrale per i cantieri"},"content":{"rendered":"<p>Costruito per le attivit\u00e0 di movimentazione dei materiali pi\u00f9 impegnative, questo caricatore diesel 4\u00d74 a trazione integrale combina dimensioni compatte con una potenza di carico affidabile. La benna anteriore \u00e8 adatta per sabbia, terra, ghiaia, mangime, detriti edili e altri materiali sciolti, mentre i robusti pneumatici aiutano a mantenere la trazione su terreni irregolari. I bracci di sollevamento idraulici consentono un funzionamento efficiente della benna e la posizione di guida seduta offre all'operatore una chiara visibilit\u00e0 in avanti. La sua struttura compatta lo rende pratico per le aziende agricole, le officine, i magazzini, i cantieri e i piazzali delle fabbriche dove \u00e8 difficile utilizzare macchine pi\u00f9 grandi. Per i distributori e gli appaltatori, offre una soluzione versatile ed economica per le esigenze di carico quotidiano in tutto il mondo.<\/p>","protected":false},"excerpt":{"rendered":"<p>Questo caricatore diesel compatto 4\u00d74 a trazione integrale \u00e8 stato progettato per caricare, spalare e trasferire materiale su brevi distanze in modo efficiente. La benna anteriore, i pneumatici robusti, i bracci di sollevamento idraulici e il sedile dell'operatore garantiscono prestazioni stabili in aziende agricole, magazzini, cantieri, fabbriche e cantieri compatti.<\/p>","protected":false},"featured_media":793,"template":"","meta":{"_gspb_post_css":""},"product_brand":[],"product_cat":[15,18],"product_tag":[170,28,42],"class_list":{"0":"post-792","1":"product","2":"type-product","3":"status-publish","4":"has-post-thumbnail","6":"product_cat-mini-loader","7":"product_cat-electric-mini-loader","8":"product_tag-4x4-diesel-loader","9":"product_tag-compact-wheel-loader","10":"product_tag-material-handling-equipment","12":"first","13":"instock","14":"shipping-taxable","15":"product-type-simple"},"_links":{"self":[{"href":"https:\/\/chinaminiloader.com\/it\/wp-json\/wp\/v2\/product\/792","targetHints":{"allow":["GET"]}}],"collection":[{"href":"https:\/\/chinaminiloader.com\/it\/wp-json\/wp\/v2\/product"}],"about":[{"href":"https:\/\/chinaminiloader.com\/it\/wp-json\/wp\/v2\/types\/product"}],"wp:featuredmedia":[{"embeddable":true,"href":"https:\/\/chinaminiloader.com\/it\/wp-json\/wp\/v2\/media\/793"}],"wp:attachment":[{"href":"https:\/\/chinaminiloader.com\/it\/wp-json\/wp\/v2\/media?parent=792"}],"wp:term":[{"taxonomy":"product_brand","embeddable":true,"href":"https:\/\/chinaminiloader.com\/it\/wp-json\/wp\/v2\/product_brand?post=792"},{"taxonomy":"product_cat","embeddable":true,"href":"https:\/\/chinaminiloader.com\/it\/wp-json\/wp\/v2\/product_cat?post=792"},{"taxonomy":"product_tag","embeddable":true,"href":"https:\/\/chinaminiloader.com\/it\/wp-json\/wp\/v2\/product_tag?post=792"}],"curies":[{"name":"wp","href":"https:\/\/api.w.org\/{rel}","templated":true}]}}