{"id":785,"date":"2026-04-26T12:12:29","date_gmt":"2026-04-26T12:12:29","guid":{"rendered":"https:\/\/chinaminiloader.com\/?post_type=product&#038;p=785"},"modified":"2026-04-26T12:12:29","modified_gmt":"2026-04-26T12:12:29","slug":"electric-4wd-mini-loader-for-construction-site-handling","status":"publish","type":"product","link":"https:\/\/chinaminiloader.com\/it\/electric-4wd-mini-loader-for-construction-site-handling\/","title":{"rendered":"Mini caricatore elettrico 4WD per la movimentazione in cantiere"},"content":{"rendered":"<p>Questo mini-caricatore elettrico a 4 ruote motrici \u00e8 costruito per gli utenti che necessitano di una soluzione compatta, pulita e maneggevole per la movimentazione dei materiali. La benna anteriore consente di caricare, trasportare e scaricare materiali sciolti come terra, sabbia, ghiaia, mangime e detriti edili. Il design ridotto della carrozzeria aiuta gli operatori a lavorare in cantieri stretti, officine, aziende agricole, magazzini e cantieri dove \u00e8 difficile utilizzare pale pi\u00f9 grandi. Pneumatici robusti, comandi semplici e una pratica disposizione dei sedili migliorano l'operativit\u00e0 quotidiana e il comfort di movimentazione. Per le fabbriche, gli appaltatori e i distributori, questo caricatore rappresenta un'opzione versatile per i lavori leggeri in cantiere, il trasporto su brevi distanze e la fornitura di attrezzature personalizzate di produzione cinese.<\/p>","protected":false},"excerpt":{"rendered":"<p>Questo caricatore elettrico compatto a trazione integrale \u00e8 stato progettato per una movimentazione flessibile dei materiali in aziende agricole, magazzini, fabbriche e cantieri. Grazie alla benna anteriore, ai pneumatici robusti, ai comandi semplici e al raggio di sterzata ridotto, consente di spostare con facilit\u00e0 e in modo efficiente terra, sabbia, ghiaia e materiali di consumo in aree di cantiere strette.<\/p>","protected":false},"featured_media":790,"template":"","meta":{"_gspb_post_css":""},"product_brand":[],"product_cat":[15,17],"product_tag":[169,168,42],"class_list":{"0":"post-785","1":"product","2":"type-product","3":"status-publish","4":"has-post-thumbnail","6":"product_cat-mini-loader","7":"product_cat-diesel-mini-loader","8":"product_tag-compact-mini-loader","9":"product_tag-electric-4wd-loader","10":"product_tag-material-handling-equipment","12":"first","13":"instock","14":"shipping-taxable","15":"product-type-simple"},"_links":{"self":[{"href":"https:\/\/chinaminiloader.com\/it\/wp-json\/wp\/v2\/product\/785","targetHints":{"allow":["GET"]}}],"collection":[{"href":"https:\/\/chinaminiloader.com\/it\/wp-json\/wp\/v2\/product"}],"about":[{"href":"https:\/\/chinaminiloader.com\/it\/wp-json\/wp\/v2\/types\/product"}],"wp:featuredmedia":[{"embeddable":true,"href":"https:\/\/chinaminiloader.com\/it\/wp-json\/wp\/v2\/media\/790"}],"wp:attachment":[{"href":"https:\/\/chinaminiloader.com\/it\/wp-json\/wp\/v2\/media?parent=785"}],"wp:term":[{"taxonomy":"product_brand","embeddable":true,"href":"https:\/\/chinaminiloader.com\/it\/wp-json\/wp\/v2\/product_brand?post=785"},{"taxonomy":"product_cat","embeddable":true,"href":"https:\/\/chinaminiloader.com\/it\/wp-json\/wp\/v2\/product_cat?post=785"},{"taxonomy":"product_tag","embeddable":true,"href":"https:\/\/chinaminiloader.com\/it\/wp-json\/wp\/v2\/product_tag?post=785"}],"curies":[{"name":"wp","href":"https:\/\/api.w.org\/{rel}","templated":true}]}}