{"id":63,"date":"2026-04-24T08:49:08","date_gmt":"2026-04-24T08:49:08","guid":{"rendered":"https:\/\/chinaminiloader.com\/?post_type=product&#038;p=63"},"modified":"2026-04-26T11:12:51","modified_gmt":"2026-04-26T11:12:51","slug":"high-quality-masonry-lifting-platform-for-efficient-material-handling","status":"publish","type":"product","link":"https:\/\/chinaminiloader.com\/it\/high-quality-masonry-lifting-platform-for-efficient-material-handling\/","title":{"rendered":"Piattaforma di sollevamento in muratura di alta qualit\u00e0 per una movimentazione efficiente dei materiali"},"content":{"rendered":"<p>Questa piattaforma di sollevamento per muratura \u00e8 costruita per garantire prestazioni elevate e sicurezza nelle applicazioni di costruzione e movimentazione dei materiali. Progettata con robusti telai in acciaio, eleva efficacemente i materiali pesanti alle altezze richieste con facilit\u00e0. Perfetta per varie attivit\u00e0 edilizie, offre una piattaforma stabile e sicura per garantire operazioni fluide e produttive nei cantieri. Dotata di funzioni avanzate come la facilit\u00e0 di mobilit\u00e0 e il controllo dell'altezza regolabile, questa piattaforma migliora la sicurezza dei lavoratori e la produttivit\u00e0 del cantiere. Con un'attenzione particolare alla durata, \u00e8 una scelta eccellente per tutte le esigenze di costruzione, in quanto offre prestazioni di lunga durata in ambienti difficili.<\/p>","protected":false},"excerpt":{"rendered":"<p>Le nostre piattaforme di sollevamento per muratura sono progettate per migliorare l'efficienza negli ambienti di costruzione. Queste piattaforme per impieghi gravosi garantiscono una movimentazione sicura dei materiali, offrendo una soluzione affidabile per il trasporto di materiali ad altezze elevate. Progettate per garantire durata e facilit\u00e0 d'uso, sono ideali per i cantieri.<\/p>","protected":false},"featured_media":742,"template":"","meta":{"_gspb_post_css":""},"product_brand":[],"product_cat":[22,24],"product_tag":[41,40,42],"class_list":{"0":"post-63","1":"product","2":"type-product","3":"status-publish","4":"has-post-thumbnail","6":"product_cat-lift-platform","7":"product_cat-masonry-lifting-platform","8":"product_tag-construction-elevator","9":"product_tag-masonry-lifting-platform","10":"product_tag-material-handling-equipment","12":"first","13":"instock","14":"shipping-taxable","15":"product-type-simple"},"_links":{"self":[{"href":"https:\/\/chinaminiloader.com\/it\/wp-json\/wp\/v2\/product\/63","targetHints":{"allow":["GET"]}}],"collection":[{"href":"https:\/\/chinaminiloader.com\/it\/wp-json\/wp\/v2\/product"}],"about":[{"href":"https:\/\/chinaminiloader.com\/it\/wp-json\/wp\/v2\/types\/product"}],"wp:featuredmedia":[{"embeddable":true,"href":"https:\/\/chinaminiloader.com\/it\/wp-json\/wp\/v2\/media\/742"}],"wp:attachment":[{"href":"https:\/\/chinaminiloader.com\/it\/wp-json\/wp\/v2\/media?parent=63"}],"wp:term":[{"taxonomy":"product_brand","embeddable":true,"href":"https:\/\/chinaminiloader.com\/it\/wp-json\/wp\/v2\/product_brand?post=63"},{"taxonomy":"product_cat","embeddable":true,"href":"https:\/\/chinaminiloader.com\/it\/wp-json\/wp\/v2\/product_cat?post=63"},{"taxonomy":"product_tag","embeddable":true,"href":"https:\/\/chinaminiloader.com\/it\/wp-json\/wp\/v2\/product_tag?post=63"}],"curies":[{"name":"wp","href":"https:\/\/api.w.org\/{rel}","templated":true}]}}