{"id":1114,"date":"2026-04-27T08:53:46","date_gmt":"2026-04-27T08:53:46","guid":{"rendered":"https:\/\/chinaminiloader.com\/?post_type=product&#038;p=1114"},"modified":"2026-04-27T08:53:46","modified_gmt":"2026-04-27T08:53:46","slug":"remote-control-tracked-lawn-mower-with-snow-blade","status":"publish","type":"product","link":"https:\/\/chinaminiloader.com\/it\/remote-control-tracked-lawn-mower-with-snow-blade\/","title":{"rendered":"Rasaerba cingolato telecomandato con lama da neve"},"content":{"rendered":"<p data-start=\"792\" data-end=\"1541\">Il nostro tosaerba cingolato telecomandato \u00e8 stato progettato per la cura del paesaggio a livello professionale e in ambienti difficili. Dotato di un motore ad alte prestazioni e di cingoli in gomma per impieghi gravosi, offre una trazione eccellente su pendii, terreni irregolari e vegetazione fitta. La macchina pu\u00f2 essere azionata a distanza, migliorando la sicurezza e l'efficienza dell'operatore. Una lama opzionale montata sulla parte anteriore consente di svolgere funzioni aggiuntive come la rimozione della neve leggera e la spinta del materiale. La struttura compatta, la robustezza e la maneggevolezza ne fanno la macchina ideale per la manutenzione comunale, i frutteti, le aziende agricole e la gestione della vegetazione nei cantieri. Questa soluzione multifunzionale aumenta la produttivit\u00e0 e riduce l'intensit\u00e0 di lavoro.<\/p>","protected":false},"excerpt":{"rendered":"<p>Questo tosaerba cingolato telecomandato \u00e8 progettato per un taglio efficiente dell'erba su pendii e terreni accidentati. Dotato di un motore potente, di cingoli in gomma resistenti e di una lama anteriore opzionale, garantisce un'elevata produttivit\u00e0, sicurezza e versatilit\u00e0 per le attivit\u00e0 di manutenzione e cura del paesaggio.<\/p>","protected":false},"featured_media":1115,"template":"","meta":{"_gspb_post_css":""},"product_brand":[],"product_cat":[27],"product_tag":[63,64,107],"class_list":{"0":"post-1114","1":"product","2":"type-product","3":"status-publish","4":"has-post-thumbnail","6":"product_cat-crawler-lawn-mower","7":"product_tag-remote-control-mower","8":"product_tag-slope-grass-cutter","9":"product_tag-tracked-lawn-mower","11":"first","12":"instock","13":"shipping-taxable","14":"product-type-simple"},"_links":{"self":[{"href":"https:\/\/chinaminiloader.com\/it\/wp-json\/wp\/v2\/product\/1114","targetHints":{"allow":["GET"]}}],"collection":[{"href":"https:\/\/chinaminiloader.com\/it\/wp-json\/wp\/v2\/product"}],"about":[{"href":"https:\/\/chinaminiloader.com\/it\/wp-json\/wp\/v2\/types\/product"}],"wp:featuredmedia":[{"embeddable":true,"href":"https:\/\/chinaminiloader.com\/it\/wp-json\/wp\/v2\/media\/1115"}],"wp:attachment":[{"href":"https:\/\/chinaminiloader.com\/it\/wp-json\/wp\/v2\/media?parent=1114"}],"wp:term":[{"taxonomy":"product_brand","embeddable":true,"href":"https:\/\/chinaminiloader.com\/it\/wp-json\/wp\/v2\/product_brand?post=1114"},{"taxonomy":"product_cat","embeddable":true,"href":"https:\/\/chinaminiloader.com\/it\/wp-json\/wp\/v2\/product_cat?post=1114"},{"taxonomy":"product_tag","embeddable":true,"href":"https:\/\/chinaminiloader.com\/it\/wp-json\/wp\/v2\/product_tag?post=1114"}],"curies":[{"name":"wp","href":"https:\/\/api.w.org\/{rel}","templated":true}]}}