{"id":998,"date":"2026-04-27T06:16:06","date_gmt":"2026-04-27T06:16:06","guid":{"rendered":"https:\/\/chinaminiloader.com\/?post_type=product&#038;p=998"},"modified":"2026-04-27T06:16:06","modified_gmt":"2026-04-27T06:16:06","slug":"three-wheel-electric-scissor-lift-platform-mobile-aerial","status":"publish","type":"product","link":"https:\/\/chinaminiloader.com\/fr\/three-wheel-electric-scissor-lift-platform-mobile-aerial\/","title":{"rendered":"Plate-forme \u00e9l\u00e9vatrice \u00e9lectrique \u00e0 ciseaux \u00e0 trois roues A\u00e9rien mobile"},"content":{"rendered":"<p>Notre plate-forme \u00e9l\u00e9vatrice \u00e9lectrique \u00e0 ciseaux \u00e0 trois roues est con\u00e7ue pour des applications polyvalentes de manutention et de travail a\u00e9rien. Dot\u00e9e d'une conception compacte et d'une forte capacit\u00e9 de levage, elle assure une excellente maniabilit\u00e9 dans les espaces restreints. La structure stable des ciseaux permet une \u00e9l\u00e9vation fiable pour les t\u00e2ches de maintenance, d'installation et de construction. \u00c9quip\u00e9 d'un syst\u00e8me d'entra\u00eenement \u00e9lectrique, il offre des performances souples, silencieuses et \u00e9conomes en \u00e9nergie. Les rails de s\u00e9curit\u00e9 et les syst\u00e8mes de commande am\u00e9liorent la s\u00e9curit\u00e9 de l'op\u00e9rateur et la facilit\u00e9 d'utilisation. Id\u00e9ale pour les entrep\u00f4ts, les usines et les chantiers, cette plate-forme \u00e9l\u00e9vatrice mobile am\u00e9liore l'efficacit\u00e9 tout en r\u00e9duisant l'intensit\u00e9 du travail, ce qui en fait une solution pratique pour les op\u00e9rations industrielles modernes.<\/p>","protected":false},"excerpt":{"rendered":"<p>Cette plate-forme \u00e9l\u00e9vatrice \u00e9lectrique \u00e0 ciseaux \u00e0 trois roues combine mobilit\u00e9 et stabilit\u00e9 pour un travail a\u00e9rien efficace. Con\u00e7ue pour la construction, la maintenance et l'utilisation en entrep\u00f4t, elle offre un levage en douceur, une structure compacte et une utilisation facile, ce qui la rend id\u00e9ale pour les chantiers \u00e9troits et confin\u00e9s.<\/p>","protected":false},"featured_media":999,"template":"","meta":{"_gspb_post_css":""},"product_brand":[],"product_cat":[22,23],"product_tag":[189,188,84],"class_list":{"0":"post-998","1":"product","2":"type-product","3":"status-publish","4":"has-post-thumbnail","6":"product_cat-lift-platform","7":"product_cat-electric-tricycle-lift-truck","8":"product_tag-electric-lifting-equipment","9":"product_tag-mobile-aerial-lift","10":"product_tag-scissor-lift-platform","12":"first","13":"instock","14":"shipping-taxable","15":"product-type-simple"},"_links":{"self":[{"href":"https:\/\/chinaminiloader.com\/fr\/wp-json\/wp\/v2\/product\/998","targetHints":{"allow":["GET"]}}],"collection":[{"href":"https:\/\/chinaminiloader.com\/fr\/wp-json\/wp\/v2\/product"}],"about":[{"href":"https:\/\/chinaminiloader.com\/fr\/wp-json\/wp\/v2\/types\/product"}],"wp:featuredmedia":[{"embeddable":true,"href":"https:\/\/chinaminiloader.com\/fr\/wp-json\/wp\/v2\/media\/999"}],"wp:attachment":[{"href":"https:\/\/chinaminiloader.com\/fr\/wp-json\/wp\/v2\/media?parent=998"}],"wp:term":[{"taxonomy":"product_brand","embeddable":true,"href":"https:\/\/chinaminiloader.com\/fr\/wp-json\/wp\/v2\/product_brand?post=998"},{"taxonomy":"product_cat","embeddable":true,"href":"https:\/\/chinaminiloader.com\/fr\/wp-json\/wp\/v2\/product_cat?post=998"},{"taxonomy":"product_tag","embeddable":true,"href":"https:\/\/chinaminiloader.com\/fr\/wp-json\/wp\/v2\/product_tag?post=998"}],"curies":[{"name":"wp","href":"https:\/\/api.w.org\/{rel}","templated":true}]}}