{"id":936,"date":"2026-04-27T02:25:26","date_gmt":"2026-04-27T02:25:26","guid":{"rendered":"https:\/\/chinaminiloader.com\/?post_type=product&#038;p=936"},"modified":"2026-04-27T02:25:26","modified_gmt":"2026-04-27T02:25:26","slug":"compact-electric-mini-loader-for-construction-farming","status":"publish","type":"product","link":"https:\/\/chinaminiloader.com\/fr\/compact-electric-mini-loader-for-construction-farming\/","title":{"rendered":"Mini chargeur \u00e9lectrique compact pour la construction et l'agriculture"},"content":{"rendered":"<p>Notre mini-chargeuse \u00e9lectrique est une solution polyvalente et \u00e9cologique pour les besoins modernes de manutention. Con\u00e7ue pour \u00eatre utilis\u00e9e dans les secteurs de la construction, de l'agriculture et de l'industrie, elle allie une taille compacte \u00e0 une puissante capacit\u00e9 de levage. La conception ergonomique assure le confort de l'op\u00e9rateur, tandis que le syst\u00e8me d'entra\u00eenement \u00e9lectrique r\u00e9duit le bruit et les \u00e9missions, ce qui en fait un outil id\u00e9al pour une utilisation \u00e0 l'int\u00e9rieur et \u00e0 l'ext\u00e9rieur. Gr\u00e2ce \u00e0 ses solides performances hydrauliques et \u00e0 sa facilit\u00e9 de man\u0153uvre, cette chargeuse am\u00e9liore la productivit\u00e9 dans les espaces confin\u00e9s. Construite avec des mat\u00e9riaux de haute qualit\u00e9, elle offre une grande durabilit\u00e9, peu d'entretien et une longue dur\u00e9e de vie, ce qui en fait un choix fiable pour les entreprises \u00e0 la recherche d'\u00e9quipements efficaces et rentables.<\/p>","protected":false},"excerpt":{"rendered":"<p>Cette mini-chargeuse \u00e9lectrique compacte est con\u00e7ue pour une manutention efficace des mat\u00e9riaux sur les chantiers, dans les exploitations agricoles et les entrep\u00f4ts. Dot\u00e9e d'un ch\u00e2ssis durable, d'une direction souple et de commandes faciles \u00e0 utiliser, elle offre des performances fiables dans les espaces restreints tout en r\u00e9duisant les \u00e9missions et les co\u00fbts d'exploitation.<\/p>","protected":false},"featured_media":937,"template":"","meta":{"_gspb_post_css":""},"product_brand":[],"product_cat":[15,17],"product_tag":[28,88,42],"class_list":{"0":"post-936","1":"product","2":"type-product","3":"status-publish","4":"has-post-thumbnail","6":"product_cat-mini-loader","7":"product_cat-diesel-mini-loader","8":"product_tag-compact-wheel-loader","9":"product_tag-electric-mini-loader","10":"product_tag-material-handling-equipment","12":"first","13":"instock","14":"shipping-taxable","15":"product-type-simple"},"_links":{"self":[{"href":"https:\/\/chinaminiloader.com\/fr\/wp-json\/wp\/v2\/product\/936","targetHints":{"allow":["GET"]}}],"collection":[{"href":"https:\/\/chinaminiloader.com\/fr\/wp-json\/wp\/v2\/product"}],"about":[{"href":"https:\/\/chinaminiloader.com\/fr\/wp-json\/wp\/v2\/types\/product"}],"wp:featuredmedia":[{"embeddable":true,"href":"https:\/\/chinaminiloader.com\/fr\/wp-json\/wp\/v2\/media\/937"}],"wp:attachment":[{"href":"https:\/\/chinaminiloader.com\/fr\/wp-json\/wp\/v2\/media?parent=936"}],"wp:term":[{"taxonomy":"product_brand","embeddable":true,"href":"https:\/\/chinaminiloader.com\/fr\/wp-json\/wp\/v2\/product_brand?post=936"},{"taxonomy":"product_cat","embeddable":true,"href":"https:\/\/chinaminiloader.com\/fr\/wp-json\/wp\/v2\/product_cat?post=936"},{"taxonomy":"product_tag","embeddable":true,"href":"https:\/\/chinaminiloader.com\/fr\/wp-json\/wp\/v2\/product_tag?post=936"}],"curies":[{"name":"wp","href":"https:\/\/api.w.org\/{rel}","templated":true}]}}