{"id":913,"date":"2026-04-27T01:25:19","date_gmt":"2026-04-27T01:25:19","guid":{"rendered":"https:\/\/chinaminiloader.com\/?post_type=product&#038;p=913"},"modified":"2026-04-27T01:25:19","modified_gmt":"2026-04-27T01:25:19","slug":"custom-electric-freight-elevator-material-lift-platform","status":"publish","type":"product","link":"https:\/\/chinaminiloader.com\/fr\/custom-electric-freight-elevator-material-lift-platform\/","title":{"rendered":"Plate-forme \u00e9l\u00e9vatrice de mat\u00e9riaux pour monte-charge \u00e9lectrique sur mesure"},"content":{"rendered":"<p>Con\u00e7u pour un d\u00e9placement vertical fiable des marchandises, ce monte-charge \u00e9lectrique convient aux ateliers, aux entrep\u00f4ts, aux mezzanines et aux zones de construction. L'appareil est dot\u00e9 d'un cadre de guidage rigide en acier, d'une plate-forme ferm\u00e9e, d'un entra\u00eenement de palan \u00e9lectrique et d'un syst\u00e8me de commande simple pour aider \u00e0 d\u00e9placer les mat\u00e9riaux entre les niveaux de plancher de mani\u00e8re s\u00fbre et efficace. En tant que fabricant chinois direct, nous pouvons personnaliser la hauteur de levage, les dimensions de la plate-forme, la capacit\u00e9 de charge, la couleur, la tension et la configuration de la porte en fonction des exigences du projet. La fabrication durable, l'installation compacte et l'acc\u00e8s pratique pour la maintenance en font un choix rentable pour la manutention de mat\u00e9riaux l\u00e0 o\u00f9 les chariots \u00e9l\u00e9vateurs, le levage manuel ou les ascenseurs fixes ne conviennent pas dans les applications industrielles quotidiennes exigeantes.<\/p>","protected":false},"excerpt":{"rendered":"<p>Ce monte-charge \u00e9lectrique utilise un m\u00e2t en acier soud\u00e9, une plate-forme \u00e0 cage prot\u00e9g\u00e9e et un syst\u00e8me de levage \u00e0 palan pour le transport vertical de mat\u00e9riaux. Con\u00e7u pour les usines, les entrep\u00f4ts et les chantiers, il permet de personnaliser la hauteur, la taille de la plate-forme, la capacit\u00e9 de charge et les options de commande pour une manutention efficace des marchandises.<\/p>","protected":false},"featured_media":919,"template":"","meta":{"_gspb_post_css":""},"product_brand":[],"product_cat":[19,20],"product_tag":[44,89,58],"class_list":{"0":"post-913","1":"product","2":"type-product","3":"status-publish","4":"has-post-thumbnail","6":"product_cat-freight-elevator","7":"product_cat-electric-freight-elevator","8":"product_tag-construction-platform","9":"product_tag-electric-freight-elevator","10":"product_tag-material-handling-lift","12":"first","13":"instock","14":"shipping-taxable","15":"product-type-simple"},"_links":{"self":[{"href":"https:\/\/chinaminiloader.com\/fr\/wp-json\/wp\/v2\/product\/913","targetHints":{"allow":["GET"]}}],"collection":[{"href":"https:\/\/chinaminiloader.com\/fr\/wp-json\/wp\/v2\/product"}],"about":[{"href":"https:\/\/chinaminiloader.com\/fr\/wp-json\/wp\/v2\/types\/product"}],"wp:featuredmedia":[{"embeddable":true,"href":"https:\/\/chinaminiloader.com\/fr\/wp-json\/wp\/v2\/media\/919"}],"wp:attachment":[{"href":"https:\/\/chinaminiloader.com\/fr\/wp-json\/wp\/v2\/media?parent=913"}],"wp:term":[{"taxonomy":"product_brand","embeddable":true,"href":"https:\/\/chinaminiloader.com\/fr\/wp-json\/wp\/v2\/product_brand?post=913"},{"taxonomy":"product_cat","embeddable":true,"href":"https:\/\/chinaminiloader.com\/fr\/wp-json\/wp\/v2\/product_cat?post=913"},{"taxonomy":"product_tag","embeddable":true,"href":"https:\/\/chinaminiloader.com\/fr\/wp-json\/wp\/v2\/product_tag?post=913"}],"curies":[{"name":"wp","href":"https:\/\/api.w.org\/{rel}","templated":true}]}}