{"id":86,"date":"2026-04-24T09:09:30","date_gmt":"2026-04-24T09:09:30","guid":{"rendered":"https:\/\/chinaminiloader.com\/?post_type=product&#038;p=86"},"modified":"2026-04-24T09:09:30","modified_gmt":"2026-04-24T09:09:30","slug":"durable-remote-controlled-mini-crawler-loader-for-construction-material-handling","status":"publish","type":"product","link":"https:\/\/chinaminiloader.com\/fr\/durable-remote-controlled-mini-crawler-loader-for-construction-material-handling\/","title":{"rendered":"Mini-chargeur sur chenilles t\u00e9l\u00e9command\u00e9 durable pour la construction et la manutention de mat\u00e9riaux"},"content":{"rendered":"<p>Cette mini chargeuse sur chenilles compacte et puissante est con\u00e7ue pour diverses applications industrielles, notamment la manutention, la construction et le levage de marchandises. Gr\u00e2ce \u00e0 ses chenilles robustes, la chargeuse offre une excellente traction sur les surfaces irr\u00e9guli\u00e8res. \u00c9quip\u00e9e d'un syst\u00e8me de commande \u00e0 distance facile \u00e0 utiliser, la machine offre une maniabilit\u00e9 pr\u00e9cise, m\u00eame dans les zones confin\u00e9es. Son moteur robuste et sa conception durable garantissent des performances \u00e0 long terme dans des environnements de travail difficiles, ce qui en fait un choix fiable pour les t\u00e2ches lourdes. Qu'il s'agisse de plates-formes de construction ou de monte-charges, cette mini chargeuse am\u00e9liore l'efficacit\u00e9 et la productivit\u00e9 sur le chantier.<\/p>","protected":false},"excerpt":{"rendered":"<p>Notre mini chargeuse sur chenilles est un \u00e9quipement de construction t\u00e9l\u00e9command\u00e9 tr\u00e8s efficace, con\u00e7u pour la manutention et les monte-charges. Con\u00e7ue pour les t\u00e2ches difficiles, elle est dot\u00e9e de chenilles durables, d'un moteur puissant et de commandes intuitives, ce qui la rend id\u00e9ale pour les espaces restreints et les travaux lourds.<\/p>","protected":false},"featured_media":92,"template":"","meta":{"_gspb_post_css":""},"product_brand":[],"product_cat":[27,25],"product_tag":[46,45,47],"class_list":{"0":"post-86","1":"product","2":"type-product","3":"status-publish","4":"has-post-thumbnail","6":"product_cat-crawler-lawn-mower","7":"product_cat-lawn-mower","8":"product_tag-construction-equipment","9":"product_tag-mini-crawler-loader","10":"product_tag-remote-controlled-loader","12":"first","13":"instock","14":"shipping-taxable","15":"product-type-simple"},"_links":{"self":[{"href":"https:\/\/chinaminiloader.com\/fr\/wp-json\/wp\/v2\/product\/86","targetHints":{"allow":["GET"]}}],"collection":[{"href":"https:\/\/chinaminiloader.com\/fr\/wp-json\/wp\/v2\/product"}],"about":[{"href":"https:\/\/chinaminiloader.com\/fr\/wp-json\/wp\/v2\/types\/product"}],"wp:featuredmedia":[{"embeddable":true,"href":"https:\/\/chinaminiloader.com\/fr\/wp-json\/wp\/v2\/media\/92"}],"wp:attachment":[{"href":"https:\/\/chinaminiloader.com\/fr\/wp-json\/wp\/v2\/media?parent=86"}],"wp:term":[{"taxonomy":"product_brand","embeddable":true,"href":"https:\/\/chinaminiloader.com\/fr\/wp-json\/wp\/v2\/product_brand?post=86"},{"taxonomy":"product_cat","embeddable":true,"href":"https:\/\/chinaminiloader.com\/fr\/wp-json\/wp\/v2\/product_cat?post=86"},{"taxonomy":"product_tag","embeddable":true,"href":"https:\/\/chinaminiloader.com\/fr\/wp-json\/wp\/v2\/product_tag?post=86"}],"curies":[{"name":"wp","href":"https:\/\/api.w.org\/{rel}","templated":true}]}}