{"id":806,"date":"2026-04-26T12:27:11","date_gmt":"2026-04-26T12:27:11","guid":{"rendered":"https:\/\/chinaminiloader.com\/?post_type=product&#038;p=806"},"modified":"2026-04-26T12:27:12","modified_gmt":"2026-04-26T12:27:12","slug":"hydraulic-single-rail-freight-elevator-cargo-lift-platfo","status":"publish","type":"product","link":"https:\/\/chinaminiloader.com\/fr\/hydraulic-single-rail-freight-elevator-cargo-lift-platfo\/","title":{"rendered":"Ascenseur hydraulique monorail pour fret Plateforme \u00e9l\u00e9vatrice de fret"},"content":{"rendered":"<p>Notre monte-charge hydraulique \u00e0 rail unique constitue une solution pratique pour le levage de marchandises entre diff\u00e9rents niveaux dans les environnements industriels et commerciaux. L'\u00e9quipement utilise un cadre en acier renforc\u00e9, une plate-forme stable, des garde-corps de protection et un syst\u00e8me d'entra\u00eenement hydraulique pour assurer le transport vertical en douceur de mat\u00e9riaux, d'outils, de cartons, de palettes et de fournitures de construction. Sa structure compacte de rail de guidage permet de l'installer dans les ateliers, les entrep\u00f4ts, les usines, les zones de chargement et les projets de r\u00e9novation de b\u00e2timents. Con\u00e7u pour durer et \u00eatre facile \u00e0 utiliser, ce monte-charge permet de r\u00e9duire les manipulations manuelles, d'am\u00e9liorer l'efficacit\u00e9 du travail et de renforcer la s\u00e9curit\u00e9 sur le site. La taille de la plate-forme, la hauteur de levage, la capacit\u00e9 de charge et les options de contr\u00f4le sont disponibles pour les acheteurs internationaux.<\/p>","protected":false},"excerpt":{"rendered":"<p>Ce monte-charge hydraulique \u00e0 rail unique est con\u00e7u pour le transfert vertical de mat\u00e9riaux entre les \u00e9tages dans les usines, les entrep\u00f4ts, les ateliers et les zones de construction. Dot\u00e9 d'une plate-forme en acier soud\u00e9, de garde-corps, d'une colonne de guidage et d'un syst\u00e8me de levage \u00e0 cha\u00eene, il permet un chargement quotidien s\u00fbr, stable et efficace des marchandises.<\/p>","protected":false},"featured_media":809,"template":"","meta":{"_gspb_post_css":""},"product_brand":[],"product_cat":[19,21],"product_tag":[32,50,42],"class_list":{"0":"post-806","1":"product","2":"type-product","3":"status-publish","4":"has-post-thumbnail","6":"product_cat-freight-elevator","7":"product_cat-hydraulic-freight-elevator","8":"product_tag-cargo-lift-platform","9":"product_tag-hydraulic-freight-elevator","10":"product_tag-material-handling-equipment","12":"first","13":"instock","14":"shipping-taxable","15":"product-type-simple"},"_links":{"self":[{"href":"https:\/\/chinaminiloader.com\/fr\/wp-json\/wp\/v2\/product\/806","targetHints":{"allow":["GET"]}}],"collection":[{"href":"https:\/\/chinaminiloader.com\/fr\/wp-json\/wp\/v2\/product"}],"about":[{"href":"https:\/\/chinaminiloader.com\/fr\/wp-json\/wp\/v2\/types\/product"}],"wp:featuredmedia":[{"embeddable":true,"href":"https:\/\/chinaminiloader.com\/fr\/wp-json\/wp\/v2\/media\/809"}],"wp:attachment":[{"href":"https:\/\/chinaminiloader.com\/fr\/wp-json\/wp\/v2\/media?parent=806"}],"wp:term":[{"taxonomy":"product_brand","embeddable":true,"href":"https:\/\/chinaminiloader.com\/fr\/wp-json\/wp\/v2\/product_brand?post=806"},{"taxonomy":"product_cat","embeddable":true,"href":"https:\/\/chinaminiloader.com\/fr\/wp-json\/wp\/v2\/product_cat?post=806"},{"taxonomy":"product_tag","embeddable":true,"href":"https:\/\/chinaminiloader.com\/fr\/wp-json\/wp\/v2\/product_tag?post=806"}],"curies":[{"name":"wp","href":"https:\/\/api.w.org\/{rel}","templated":true}]}}