{"id":785,"date":"2026-04-26T12:12:29","date_gmt":"2026-04-26T12:12:29","guid":{"rendered":"https:\/\/chinaminiloader.com\/?post_type=product&#038;p=785"},"modified":"2026-04-26T12:12:29","modified_gmt":"2026-04-26T12:12:29","slug":"electric-4wd-mini-loader-for-construction-site-handling","status":"publish","type":"product","link":"https:\/\/chinaminiloader.com\/fr\/electric-4wd-mini-loader-for-construction-site-handling\/","title":{"rendered":"Mini-chargeur \u00e9lectrique \u00e0 quatre roues motrices pour la manutention sur les chantiers de construction"},"content":{"rendered":"<p>Cette mini chargeuse \u00e9lectrique \u00e0 4 roues motrices est con\u00e7ue pour les utilisateurs qui ont besoin d'une solution de manutention compacte, propre et maniable. Son godet avant permet de charger, transporter et d\u00e9verser des mat\u00e9riaux en vrac tels que la terre, le sable, le gravier, le fourrage et les d\u00e9bris de construction. La conception de la petite carrosserie aide les op\u00e9rateurs \u00e0 travailler dans les cours \u00e9troites, les ateliers, les fermes, les entrep\u00f4ts et les chantiers o\u00f9 les chargeurs plus grands sont difficiles \u00e0 utiliser. Des pneus robustes, des commandes simples et une disposition pratique des si\u00e8ges am\u00e9liorent les op\u00e9rations quotidiennes et le confort de manutention. Pour les usines, les entrepreneurs et les distributeurs, il s'agit d'une option de chargeuse polyvalente pour les travaux de chantier l\u00e9gers, le transport sur de courtes distances et la fourniture d'\u00e9quipements personnalis\u00e9s de fabrication chinoise.<\/p>","protected":false},"excerpt":{"rendered":"<p>Cette chargeuse \u00e9lectrique compacte \u00e0 quatre roues motrices est con\u00e7ue pour la manutention flexible de mat\u00e9riaux dans les exploitations agricoles, les entrep\u00f4ts, les usines et les chantiers de construction. Avec un godet avant, des pneus robustes, des commandes simples et un faible rayon de braquage, elle permet de d\u00e9placer efficacement la terre, le sable, le gravier et les fournitures dans des zones de chantier \u00e9troites, en toute simplicit\u00e9.<\/p>","protected":false},"featured_media":790,"template":"","meta":{"_gspb_post_css":""},"product_brand":[],"product_cat":[15,17],"product_tag":[169,168,42],"class_list":{"0":"post-785","1":"product","2":"type-product","3":"status-publish","4":"has-post-thumbnail","6":"product_cat-mini-loader","7":"product_cat-diesel-mini-loader","8":"product_tag-compact-mini-loader","9":"product_tag-electric-4wd-loader","10":"product_tag-material-handling-equipment","12":"first","13":"instock","14":"shipping-taxable","15":"product-type-simple"},"_links":{"self":[{"href":"https:\/\/chinaminiloader.com\/fr\/wp-json\/wp\/v2\/product\/785","targetHints":{"allow":["GET"]}}],"collection":[{"href":"https:\/\/chinaminiloader.com\/fr\/wp-json\/wp\/v2\/product"}],"about":[{"href":"https:\/\/chinaminiloader.com\/fr\/wp-json\/wp\/v2\/types\/product"}],"wp:featuredmedia":[{"embeddable":true,"href":"https:\/\/chinaminiloader.com\/fr\/wp-json\/wp\/v2\/media\/790"}],"wp:attachment":[{"href":"https:\/\/chinaminiloader.com\/fr\/wp-json\/wp\/v2\/media?parent=785"}],"wp:term":[{"taxonomy":"product_brand","embeddable":true,"href":"https:\/\/chinaminiloader.com\/fr\/wp-json\/wp\/v2\/product_brand?post=785"},{"taxonomy":"product_cat","embeddable":true,"href":"https:\/\/chinaminiloader.com\/fr\/wp-json\/wp\/v2\/product_cat?post=785"},{"taxonomy":"product_tag","embeddable":true,"href":"https:\/\/chinaminiloader.com\/fr\/wp-json\/wp\/v2\/product_tag?post=785"}],"curies":[{"name":"wp","href":"https:\/\/api.w.org\/{rel}","templated":true}]}}