{"id":736,"date":"2026-04-26T10:50:12","date_gmt":"2026-04-26T10:50:12","guid":{"rendered":"https:\/\/chinaminiloader.com\/?post_type=product&#038;p=736"},"modified":"2026-04-26T10:50:12","modified_gmt":"2026-04-26T10:50:12","slug":"mini-diesel-wheel-loader-for-construction-material-handling","status":"publish","type":"product","link":"https:\/\/chinaminiloader.com\/fr\/mini-diesel-wheel-loader-for-construction-material-handling\/","title":{"rendered":"Mini chargeuse sur pneus diesel pour la manutention de mat\u00e9riaux de construction"},"content":{"rendered":"<p>Con\u00e7ue pour la manutention de mat\u00e9riaux, cette chargeuse sur pneus diesel compacte allie de solides performances de levage \u00e0 une grande facilit\u00e9 d'utilisation dans les zones de travail exigu\u00ebs. Le godet avant permet de d\u00e9placer rapidement la terre, le sable, le gravier, les aliments pour animaux, les d\u00e9chets et autres mat\u00e9riaux en vrac, tandis que les bras de chargement sur\u00e9lev\u00e9s permettent un chargement efficace dans les camions ou les zones de stockage. Ses pneus robustes, sa disposition des commandes assises et sa carrosserie compacte la rendent adapt\u00e9e aux chantiers de construction, aux fermes, aux usines, aux entrep\u00f4ts et aux projets municipaux. En tant que fabricant chinois, nous pouvons soutenir les acheteurs avec des prix d'usine, des options de personnalisation et un approvisionnement fiable pour les entrepreneurs, les distributeurs et les entreprises de location d'\u00e9quipement \u00e0 la recherche d'\u00e9quipements de chargement compacts pour les travaux quotidiens.<\/p>","protected":false},"excerpt":{"rendered":"<p>Cette chargeuse sur pneus diesel compacte est con\u00e7ue pour le chargement, le levage et le transport sur de courtes distances. Dot\u00e9e d'un godet avant robuste, de bras de levage articul\u00e9s, d'un si\u00e8ge pour l'op\u00e9rateur et de pneus robustes, elle convient aux chantiers de construction, aux exploitations agricoles, aux entrep\u00f4ts et aux petits projets n\u00e9cessitant des travaux de manutention flexibles.<\/p>","protected":false},"featured_media":737,"template":"","meta":{"_gspb_post_css":""},"product_brand":[],"product_cat":[15,18],"product_tag":[164,163,165],"class_list":{"0":"post-736","1":"product","2":"type-product","3":"status-publish","4":"has-post-thumbnail","6":"product_cat-mini-loader","7":"product_cat-electric-mini-loader","8":"product_tag-agriculture","9":"product_tag-buy-compact-diesel-wheel-loaders-from-a-chinese-factory-durable-bucket-loader-for-construction","10":"product_tag-warehouse-and-material-handling-tasks-with-support","12":"first","13":"instock","14":"shipping-taxable","15":"product-type-simple"},"_links":{"self":[{"href":"https:\/\/chinaminiloader.com\/fr\/wp-json\/wp\/v2\/product\/736","targetHints":{"allow":["GET"]}}],"collection":[{"href":"https:\/\/chinaminiloader.com\/fr\/wp-json\/wp\/v2\/product"}],"about":[{"href":"https:\/\/chinaminiloader.com\/fr\/wp-json\/wp\/v2\/types\/product"}],"wp:featuredmedia":[{"embeddable":true,"href":"https:\/\/chinaminiloader.com\/fr\/wp-json\/wp\/v2\/media\/737"}],"wp:attachment":[{"href":"https:\/\/chinaminiloader.com\/fr\/wp-json\/wp\/v2\/media?parent=736"}],"wp:term":[{"taxonomy":"product_brand","embeddable":true,"href":"https:\/\/chinaminiloader.com\/fr\/wp-json\/wp\/v2\/product_brand?post=736"},{"taxonomy":"product_cat","embeddable":true,"href":"https:\/\/chinaminiloader.com\/fr\/wp-json\/wp\/v2\/product_cat?post=736"},{"taxonomy":"product_tag","embeddable":true,"href":"https:\/\/chinaminiloader.com\/fr\/wp-json\/wp\/v2\/product_tag?post=736"}],"curies":[{"name":"wp","href":"https:\/\/api.w.org\/{rel}","templated":true}]}}