{"id":733,"date":"2026-04-26T10:44:45","date_gmt":"2026-04-26T10:44:45","guid":{"rendered":"https:\/\/chinaminiloader.com\/?post_type=product&#038;p=733"},"modified":"2026-04-26T10:44:45","modified_gmt":"2026-04-26T10:44:45","slug":"compact-electric-wheel-loader-with-bucket-and-forklift-arm","status":"publish","type":"product","link":"https:\/\/chinaminiloader.com\/fr\/compact-electric-wheel-loader-with-bucket-and-forklift-arm\/","title":{"rendered":"Chargeuse sur pneus \u00e9lectrique compacte avec godet et bras de chariot \u00e9l\u00e9vateur"},"content":{"rendered":"<p>Cette chargeuse sur pneus \u00e9lectrique \u00e0 \u00e9nergie nouvelle est une machine de manutention compacte pour les utilisateurs qui ont besoin d'un chargement efficace dans des espaces limit\u00e9s. Sa carrosserie verte, ses pneus robustes, son bras de levage hydraulique, son godet avant et son accessoire de type fourche la rendent pratique pour d\u00e9placer de la terre, du sable, des aliments pour animaux, des palettes, des mat\u00e9riaux de construction et des marchandises d'entrep\u00f4t. Sa conception \u00e9lectrique permet de r\u00e9duire les \u00e9missions de gaz d'\u00e9chappement et de favoriser un fonctionnement plus propre dans les fermes, les usines, les cours et les zones de travail int\u00e9rieures et ext\u00e9rieures. Le poste de conduite ouvert offre aux op\u00e9rateurs une bonne visibilit\u00e9, tandis que l'empattement court permet de tourner facilement. Elle convient aux distributeurs, aux entrepreneurs, aux soci\u00e9t\u00e9s de location et aux acheteurs qui ont besoin d'une petite chargeuse polyvalente aujourd'hui.<\/p>","protected":false},"excerpt":{"rendered":"<p>Cette chargeuse compacte sur pneus \u00e9lectrique \u00e0 \u00e9nergie nouvelle est con\u00e7ue pour le chargement, le levage, le pelletage et le transport sur de courtes distances. Dot\u00e9e d'une fl\u00e8che hydraulique, d'un godet avant et d'une option de fixation de type chariot \u00e9l\u00e9vateur, elle convient aux exploitations agricoles, aux entrep\u00f4ts, aux petits chantiers de construction, aux usines, aux cours et aux t\u00e2ches de manutention.<\/p>","protected":false},"featured_media":728,"template":"","meta":{"_gspb_post_css":""},"product_brand":[],"product_cat":[15,17],"product_tag":[57,55,42],"class_list":{"0":"post-733","1":"product","2":"type-product","3":"status-publish","4":"has-post-thumbnail","6":"product_cat-mini-loader","7":"product_cat-diesel-mini-loader","8":"product_tag-compact-loader","9":"product_tag-electric-wheel-loader","10":"product_tag-material-handling-equipment","12":"first","13":"instock","14":"shipping-taxable","15":"product-type-simple"},"_links":{"self":[{"href":"https:\/\/chinaminiloader.com\/fr\/wp-json\/wp\/v2\/product\/733","targetHints":{"allow":["GET"]}}],"collection":[{"href":"https:\/\/chinaminiloader.com\/fr\/wp-json\/wp\/v2\/product"}],"about":[{"href":"https:\/\/chinaminiloader.com\/fr\/wp-json\/wp\/v2\/types\/product"}],"wp:featuredmedia":[{"embeddable":true,"href":"https:\/\/chinaminiloader.com\/fr\/wp-json\/wp\/v2\/media\/728"}],"wp:attachment":[{"href":"https:\/\/chinaminiloader.com\/fr\/wp-json\/wp\/v2\/media?parent=733"}],"wp:term":[{"taxonomy":"product_brand","embeddable":true,"href":"https:\/\/chinaminiloader.com\/fr\/wp-json\/wp\/v2\/product_brand?post=733"},{"taxonomy":"product_cat","embeddable":true,"href":"https:\/\/chinaminiloader.com\/fr\/wp-json\/wp\/v2\/product_cat?post=733"},{"taxonomy":"product_tag","embeddable":true,"href":"https:\/\/chinaminiloader.com\/fr\/wp-json\/wp\/v2\/product_tag?post=733"}],"curies":[{"name":"wp","href":"https:\/\/api.w.org\/{rel}","templated":true}]}}