{"id":694,"date":"2026-04-26T10:20:57","date_gmt":"2026-04-26T10:20:57","guid":{"rendered":"https:\/\/chinaminiloader.com\/?post_type=product&#038;p=694"},"modified":"2026-04-26T10:20:57","modified_gmt":"2026-04-26T10:20:57","slug":"compact-electric-wheel-loader-for-farm-and-site-handling","status":"publish","type":"product","link":"https:\/\/chinaminiloader.com\/fr\/compact-electric-wheel-loader-for-farm-and-site-handling\/","title":{"rendered":"Chargeuse sur pneus \u00e9lectrique compacte pour l'agriculture et la manutention sur site"},"content":{"rendered":"<p>Con\u00e7ue pour une manipulation souple dans des espaces compacts, cette petite chargeuse sur pneus \u00e9lectrique aide les op\u00e9rateurs \u00e0 d\u00e9placer de la terre, du gravier, des aliments pour animaux, de la neige et des mat\u00e9riaux en g\u00e9n\u00e9ral avec moins d'efforts. La machine est \u00e9quip\u00e9e d'un godet robuste, d'un syst\u00e8me de levage hydraulique, de pneus en caoutchouc et d'une carrosserie en acier \u00e9paissi pour un fonctionnement quotidien fiable. Son poste de conduite assis, son volant et sa lampe de poche avant facilitent le contr\u00f4le dans les entrep\u00f4ts, les fermes, les jardins, les ateliers et les chantiers de construction. En tant que chargeuse pratique d'une usine chinoise d'\u00e9quipements de manutention, elle convient aux acheteurs qui recherchent un fonctionnement simple, une maintenance r\u00e9duite, une rotation compacte et des performances de chargement efficaces pour les t\u00e2ches de transport l\u00e9g\u00e8res \u00e0 moyennes et l'utilisation en int\u00e9rieur et en ext\u00e9rieur.<\/p>","protected":false},"excerpt":{"rendered":"<p>Chargeuse sur pneus \u00e9lectrique compacte pour la manutention de mat\u00e9riaux dans les fermes, les jardins, les entrep\u00f4ts et les chantiers de construction. Le godet durable, les tiges hydrauliques, les pneus en caoutchouc, le volant, le si\u00e8ge, la lampe de poche et la carrosserie en acier \u00e9pais permettent un chargement, un ramassage, un nivellement et un transport sur de courtes distances fiables pendant les journ\u00e9es de travail.<\/p>","protected":false},"featured_media":696,"template":"","meta":{"_gspb_post_css":""},"product_brand":[],"product_cat":[15,17],"product_tag":[55,42,159],"class_list":{"0":"post-694","1":"product","2":"type-product","3":"status-publish","4":"has-post-thumbnail","6":"product_cat-mini-loader","7":"product_cat-diesel-mini-loader","8":"product_tag-electric-wheel-loader","9":"product_tag-material-handling-equipment","10":"product_tag-mini-loader","12":"first","13":"instock","14":"shipping-taxable","15":"product-type-simple"},"_links":{"self":[{"href":"https:\/\/chinaminiloader.com\/fr\/wp-json\/wp\/v2\/product\/694","targetHints":{"allow":["GET"]}}],"collection":[{"href":"https:\/\/chinaminiloader.com\/fr\/wp-json\/wp\/v2\/product"}],"about":[{"href":"https:\/\/chinaminiloader.com\/fr\/wp-json\/wp\/v2\/types\/product"}],"wp:featuredmedia":[{"embeddable":true,"href":"https:\/\/chinaminiloader.com\/fr\/wp-json\/wp\/v2\/media\/696"}],"wp:attachment":[{"href":"https:\/\/chinaminiloader.com\/fr\/wp-json\/wp\/v2\/media?parent=694"}],"wp:term":[{"taxonomy":"product_brand","embeddable":true,"href":"https:\/\/chinaminiloader.com\/fr\/wp-json\/wp\/v2\/product_brand?post=694"},{"taxonomy":"product_cat","embeddable":true,"href":"https:\/\/chinaminiloader.com\/fr\/wp-json\/wp\/v2\/product_cat?post=694"},{"taxonomy":"product_tag","embeddable":true,"href":"https:\/\/chinaminiloader.com\/fr\/wp-json\/wp\/v2\/product_tag?post=694"}],"curies":[{"name":"wp","href":"https:\/\/api.w.org\/{rel}","templated":true}]}}