{"id":648,"date":"2026-04-26T08:13:37","date_gmt":"2026-04-26T08:13:37","guid":{"rendered":"https:\/\/chinaminiloader.com\/?post_type=product&#038;p=648"},"modified":"2026-04-26T08:13:37","modified_gmt":"2026-04-26T08:13:37","slug":"remote-controlled-masonry-lifting-work-platform-lift","status":"publish","type":"product","link":"https:\/\/chinaminiloader.com\/fr\/remote-controlled-masonry-lifting-work-platform-lift\/","title":{"rendered":"Plate-forme de travail t\u00e9l\u00e9command\u00e9e pour le levage de ma\u00e7onnerie Lift"},"content":{"rendered":"<p>Notre plate-forme de travail t\u00e9l\u00e9command\u00e9e pour la ma\u00e7onnerie est sp\u00e9cialement con\u00e7ue pour transporter des briques, des blocs de b\u00e9ton et des mat\u00e9riaux de construction lourds vers des zones de travail sur\u00e9lev\u00e9es, de mani\u00e8re s\u00fbre et efficace. \u00c9quip\u00e9e d'un syst\u00e8me de levage \u00e0 double m\u00e2t, la plate-forme offre une excellente stabilit\u00e9, une forte capacit\u00e9 de chargement et un mouvement vertical fluide. La commande \u00e0 distance sans fil r\u00e9duit le travail manuel et am\u00e9liore la s\u00e9curit\u00e9 sur le chantier. Elle est largement utilis\u00e9e dans la construction de b\u00e2timents, les projets de ma\u00e7onnerie, le chargement d'entrep\u00f4ts et la manutention industrielle. Gr\u00e2ce \u00e0 sa construction en acier durable, \u00e0 sa mobilit\u00e9 ais\u00e9e et \u00e0 ses dimensions personnalisables, cette plate-forme de levage est une solution id\u00e9ale pour les besoins modernes en mati\u00e8re de construction et de transport de mat\u00e9riaux.<\/p>","protected":false},"excerpt":{"rendered":"<p>Cette plate-forme de levage de ma\u00e7onnerie t\u00e9l\u00e9command\u00e9e est con\u00e7ue pour une manutention efficace des briques, des blocs et des mat\u00e9riaux de construction sur les chantiers en hauteur. Dot\u00e9e d'un double m\u00e2t de levage, d'une structure stable et d'une commande \u00e0 distance facile, elle am\u00e9liore la s\u00e9curit\u00e9, l'efficacit\u00e9 du travail et la productivit\u00e9 de la construction.<\/p>","protected":false},"featured_media":654,"template":"","meta":{"_gspb_post_css":""},"product_brand":[],"product_cat":[22,24],"product_tag":[40,91,153],"class_list":{"0":"post-648","1":"product","2":"type-product","3":"status-publish","4":"has-post-thumbnail","6":"product_cat-lift-platform","7":"product_cat-masonry-lifting-platform","8":"product_tag-masonry-lifting-platform","9":"product_tag-material-lifting-platform","10":"product_tag-remote-control-construction-lift","12":"first","13":"instock","14":"shipping-taxable","15":"product-type-simple"},"_links":{"self":[{"href":"https:\/\/chinaminiloader.com\/fr\/wp-json\/wp\/v2\/product\/648","targetHints":{"allow":["GET"]}}],"collection":[{"href":"https:\/\/chinaminiloader.com\/fr\/wp-json\/wp\/v2\/product"}],"about":[{"href":"https:\/\/chinaminiloader.com\/fr\/wp-json\/wp\/v2\/types\/product"}],"wp:featuredmedia":[{"embeddable":true,"href":"https:\/\/chinaminiloader.com\/fr\/wp-json\/wp\/v2\/media\/654"}],"wp:attachment":[{"href":"https:\/\/chinaminiloader.com\/fr\/wp-json\/wp\/v2\/media?parent=648"}],"wp:term":[{"taxonomy":"product_brand","embeddable":true,"href":"https:\/\/chinaminiloader.com\/fr\/wp-json\/wp\/v2\/product_brand?post=648"},{"taxonomy":"product_cat","embeddable":true,"href":"https:\/\/chinaminiloader.com\/fr\/wp-json\/wp\/v2\/product_cat?post=648"},{"taxonomy":"product_tag","embeddable":true,"href":"https:\/\/chinaminiloader.com\/fr\/wp-json\/wp\/v2\/product_tag?post=648"}],"curies":[{"name":"wp","href":"https:\/\/api.w.org\/{rel}","templated":true}]}}