{"id":63,"date":"2026-04-24T08:49:08","date_gmt":"2026-04-24T08:49:08","guid":{"rendered":"https:\/\/chinaminiloader.com\/?post_type=product&#038;p=63"},"modified":"2026-04-26T11:12:51","modified_gmt":"2026-04-26T11:12:51","slug":"high-quality-masonry-lifting-platform-for-efficient-material-handling","status":"publish","type":"product","link":"https:\/\/chinaminiloader.com\/fr\/high-quality-masonry-lifting-platform-for-efficient-material-handling\/","title":{"rendered":"Plate-forme de levage de ma\u00e7onnerie de haute qualit\u00e9 pour une manutention efficace des mat\u00e9riaux"},"content":{"rendered":"<p>Cette plate-forme de levage pour ma\u00e7onnerie est con\u00e7ue pour offrir de hautes performances et une grande s\u00e9curit\u00e9 dans les applications de construction et de manutention. Con\u00e7ue avec des cadres en acier robustes, elle permet d'\u00e9lever efficacement des mat\u00e9riaux lourds aux hauteurs requises, en toute simplicit\u00e9. Parfaite pour diverses t\u00e2ches de construction, elle offre une plate-forme stable et s\u00fbre pour garantir des op\u00e9rations fluides et productives sur les chantiers. Dot\u00e9e de fonctions avanc\u00e9es telles que la mobilit\u00e9 facile et le contr\u00f4le de la hauteur r\u00e9glable, cette plate-forme am\u00e9liore \u00e0 la fois la s\u00e9curit\u00e9 des travailleurs et la productivit\u00e9 du chantier. L'accent \u00e9tant mis sur la durabilit\u00e9, elle constitue un excellent choix pour tous les besoins de construction, offrant des performances durables dans des environnements exigeants.<\/p>","protected":false},"excerpt":{"rendered":"<p>Nos plates-formes de levage pour ma\u00e7onnerie sont con\u00e7ues pour am\u00e9liorer l'efficacit\u00e9 dans les environnements de construction. Ces plates-formes robustes garantissent une manipulation s\u00fbre des mat\u00e9riaux et offrent une solution fiable pour le transport de mat\u00e9riaux en hauteur. Con\u00e7ues pour \u00eatre durables et faciles \u00e0 utiliser, elles sont id\u00e9ales pour les chantiers de construction.<\/p>","protected":false},"featured_media":742,"template":"","meta":{"_gspb_post_css":""},"product_brand":[],"product_cat":[22,24],"product_tag":[41,40,42],"class_list":{"0":"post-63","1":"product","2":"type-product","3":"status-publish","4":"has-post-thumbnail","6":"product_cat-lift-platform","7":"product_cat-masonry-lifting-platform","8":"product_tag-construction-elevator","9":"product_tag-masonry-lifting-platform","10":"product_tag-material-handling-equipment","12":"first","13":"instock","14":"shipping-taxable","15":"product-type-simple"},"_links":{"self":[{"href":"https:\/\/chinaminiloader.com\/fr\/wp-json\/wp\/v2\/product\/63","targetHints":{"allow":["GET"]}}],"collection":[{"href":"https:\/\/chinaminiloader.com\/fr\/wp-json\/wp\/v2\/product"}],"about":[{"href":"https:\/\/chinaminiloader.com\/fr\/wp-json\/wp\/v2\/types\/product"}],"wp:featuredmedia":[{"embeddable":true,"href":"https:\/\/chinaminiloader.com\/fr\/wp-json\/wp\/v2\/media\/742"}],"wp:attachment":[{"href":"https:\/\/chinaminiloader.com\/fr\/wp-json\/wp\/v2\/media?parent=63"}],"wp:term":[{"taxonomy":"product_brand","embeddable":true,"href":"https:\/\/chinaminiloader.com\/fr\/wp-json\/wp\/v2\/product_brand?post=63"},{"taxonomy":"product_cat","embeddable":true,"href":"https:\/\/chinaminiloader.com\/fr\/wp-json\/wp\/v2\/product_cat?post=63"},{"taxonomy":"product_tag","embeddable":true,"href":"https:\/\/chinaminiloader.com\/fr\/wp-json\/wp\/v2\/product_tag?post=63"}],"curies":[{"name":"wp","href":"https:\/\/api.w.org\/{rel}","templated":true}]}}