{"id":620,"date":"2026-04-26T07:32:21","date_gmt":"2026-04-26T07:32:21","guid":{"rendered":"https:\/\/chinaminiloader.com\/?post_type=product&#038;p=620"},"modified":"2026-04-26T10:50:57","modified_gmt":"2026-04-26T10:50:57","slug":"hydraulic-masonry-lifting-platform-for-construction-use","status":"publish","type":"product","link":"https:\/\/chinaminiloader.com\/fr\/hydraulic-masonry-lifting-platform-for-construction-use\/","title":{"rendered":"Plate-forme hydraulique de levage de ma\u00e7onnerie pour la construction"},"content":{"rendered":"<p>Notre plate-forme de levage hydraulique pour ma\u00e7onnerie est sp\u00e9cialement con\u00e7ue pour les chantiers de construction n\u00e9cessitant un levage s\u00fbr et efficace des briques, des blocs de b\u00e9ton et des mat\u00e9riaux de construction lourds. La structure \u00e0 deux m\u00e2ts garantit une grande stabilit\u00e9 et des performances de levage \u00e9quilibr\u00e9es, tandis que le syst\u00e8me d'entra\u00eenement hydraulique assure un fonctionnement souple et fiable. \u00c9quip\u00e9 d'une plate-forme de travail spacieuse, de garde-corps de s\u00e9curit\u00e9 et de roues mobiles pour un d\u00e9placement ais\u00e9, cet \u00e9quipement r\u00e9duit consid\u00e9rablement l'intensit\u00e9 du travail et am\u00e9liore la productivit\u00e9. Il est id\u00e9al pour les travaux de ma\u00e7onnerie, le chargement des entrep\u00f4ts, l'entretien des b\u00e2timents et diverses applications de levage industriel. Sa construction durable et sa simplicit\u00e9 d'utilisation en font un choix de confiance pour les entrepreneurs du monde entier.<\/p>","protected":false},"excerpt":{"rendered":"<p>Cette plate-forme de levage hydraulique pour ma\u00e7onnerie est con\u00e7ue pour le transport vertical efficace de briques, de blocs et de mat\u00e9riaux de construction. Dot\u00e9e d'un double m\u00e2t de levage, d'un fonctionnement stable, d'une forte capacit\u00e9 de charge et d'une mobilit\u00e9 ais\u00e9e, elle am\u00e9liore l'efficacit\u00e9 et la s\u00e9curit\u00e9 du travail sur les chantiers de construction.<\/p>","protected":false},"featured_media":746,"template":"","meta":{"_gspb_post_css":""},"product_brand":[],"product_cat":[19,21],"product_tag":[70,148,149],"class_list":{"0":"post-620","1":"product","2":"type-product","3":"status-publish","4":"has-post-thumbnail","6":"product_cat-freight-elevator","7":"product_cat-hydraulic-freight-elevator","8":"product_tag-construction-material-lift","9":"product_tag-hydraulic-lifting-platform","10":"product_tag-masonry-lifting-equipment","12":"first","13":"instock","14":"shipping-taxable","15":"product-type-simple"},"_links":{"self":[{"href":"https:\/\/chinaminiloader.com\/fr\/wp-json\/wp\/v2\/product\/620","targetHints":{"allow":["GET"]}}],"collection":[{"href":"https:\/\/chinaminiloader.com\/fr\/wp-json\/wp\/v2\/product"}],"about":[{"href":"https:\/\/chinaminiloader.com\/fr\/wp-json\/wp\/v2\/types\/product"}],"wp:featuredmedia":[{"embeddable":true,"href":"https:\/\/chinaminiloader.com\/fr\/wp-json\/wp\/v2\/media\/746"}],"wp:attachment":[{"href":"https:\/\/chinaminiloader.com\/fr\/wp-json\/wp\/v2\/media?parent=620"}],"wp:term":[{"taxonomy":"product_brand","embeddable":true,"href":"https:\/\/chinaminiloader.com\/fr\/wp-json\/wp\/v2\/product_brand?post=620"},{"taxonomy":"product_cat","embeddable":true,"href":"https:\/\/chinaminiloader.com\/fr\/wp-json\/wp\/v2\/product_cat?post=620"},{"taxonomy":"product_tag","embeddable":true,"href":"https:\/\/chinaminiloader.com\/fr\/wp-json\/wp\/v2\/product_tag?post=620"}],"curies":[{"name":"wp","href":"https:\/\/api.w.org\/{rel}","templated":true}]}}