{"id":613,"date":"2026-04-26T07:03:22","date_gmt":"2026-04-26T07:03:22","guid":{"rendered":"https:\/\/chinaminiloader.com\/?post_type=product&#038;p=613"},"modified":"2026-04-26T07:03:23","modified_gmt":"2026-04-26T07:03:23","slug":"electric-tricycle-scissor-lift-platform-for-aerial-work-3","status":"publish","type":"product","link":"https:\/\/chinaminiloader.com\/fr\/electric-tricycle-scissor-lift-platform-for-aerial-work-3\/","title":{"rendered":"Plate-forme \u00e9l\u00e9vatrice \u00e9lectrique \u00e0 ciseaux tricycle pour le travail a\u00e9rien"},"content":{"rendered":"<p>Notre plate-forme \u00e9l\u00e9vatrice \u00e9lectrique tricycle \u00e0 ciseaux est une solution fiable pour les travaux en hauteur sur les chantiers de construction, dans les entrep\u00f4ts, les usines et les projets d'entretien. \u00c9quip\u00e9e d'un puissant syst\u00e8me de levage hydraulique, elle offre un mouvement vertical fluide et une excellente stabilit\u00e9 pendant le fonctionnement. La conception mobile de type tricycle assure un transport pratique et un positionnement flexible, tandis que la structure renforc\u00e9e de la plate-forme offre une s\u00e9curit\u00e9 et une durabilit\u00e9 accrues. Avec des commandes faciles, une forte capacit\u00e9 de charge et des hauteurs de levage personnalisables, cette plate-forme est id\u00e9ale pour les applications de travail a\u00e9rien \u00e0 l'int\u00e9rieur et \u00e0 l'ext\u00e9rieur. Elle contribue \u00e0 am\u00e9liorer la productivit\u00e9, \u00e0 r\u00e9duire les co\u00fbts de main-d'\u0153uvre et \u00e0 garantir des conditions de travail plus s\u00fbres.<\/p>","protected":false},"excerpt":{"rendered":"<p>Cette plate-forme \u00e9l\u00e9vatrice \u00e9lectrique tricycle \u00e0 ciseaux est con\u00e7ue pour un travail a\u00e9rien s\u00fbr et efficace. Dot\u00e9e d'un syst\u00e8me de levage hydraulique stable, d'une capacit\u00e9 de charge \u00e9lev\u00e9e, d'un d\u00e9placement ais\u00e9 et d'une construction en acier durable, elle est id\u00e9ale pour l'entretien des entrep\u00f4ts, les projets de construction, les op\u00e9rations en usine et les travaux d'installation en ext\u00e9rieur.<\/p>","protected":false},"featured_media":616,"template":"","meta":{"_gspb_post_css":""},"product_brand":[],"product_cat":[22,23],"product_tag":[147,146,145],"class_list":{"0":"post-613","1":"product","2":"type-product","3":"status-publish","4":"has-post-thumbnail","6":"product_cat-lift-platform","7":"product_cat-electric-tricycle-lift-truck","8":"product_tag-and-safe-aerial-work-use-for-warehouses-and-construction","9":"product_tag-easy-mobility","10":"product_tag-heavy-duty-electric-tricycle-scissor-lift-platform-with-stable-lifting","12":"first","13":"instock","14":"shipping-taxable","15":"product-type-simple"},"_links":{"self":[{"href":"https:\/\/chinaminiloader.com\/fr\/wp-json\/wp\/v2\/product\/613","targetHints":{"allow":["GET"]}}],"collection":[{"href":"https:\/\/chinaminiloader.com\/fr\/wp-json\/wp\/v2\/product"}],"about":[{"href":"https:\/\/chinaminiloader.com\/fr\/wp-json\/wp\/v2\/types\/product"}],"wp:featuredmedia":[{"embeddable":true,"href":"https:\/\/chinaminiloader.com\/fr\/wp-json\/wp\/v2\/media\/616"}],"wp:attachment":[{"href":"https:\/\/chinaminiloader.com\/fr\/wp-json\/wp\/v2\/media?parent=613"}],"wp:term":[{"taxonomy":"product_brand","embeddable":true,"href":"https:\/\/chinaminiloader.com\/fr\/wp-json\/wp\/v2\/product_brand?post=613"},{"taxonomy":"product_cat","embeddable":true,"href":"https:\/\/chinaminiloader.com\/fr\/wp-json\/wp\/v2\/product_cat?post=613"},{"taxonomy":"product_tag","embeddable":true,"href":"https:\/\/chinaminiloader.com\/fr\/wp-json\/wp\/v2\/product_tag?post=613"}],"curies":[{"name":"wp","href":"https:\/\/api.w.org\/{rel}","templated":true}]}}