{"id":510,"date":"2026-04-25T12:46:55","date_gmt":"2026-04-25T12:46:55","guid":{"rendered":"https:\/\/chinaminiloader.com\/?post_type=product&#038;p=510"},"modified":"2026-04-25T12:46:56","modified_gmt":"2026-04-25T12:46:56","slug":"small-electric-loader-for-farm-warehouse-construction-56-characters","status":"publish","type":"product","link":"https:\/\/chinaminiloader.com\/fr\/small-electric-loader-for-farm-warehouse-construction-56-characters\/","title":{"rendered":"Petit chargeur \u00e9lectrique pour la ferme, l'entrep\u00f4t et la construction 56 caract\u00e8res"},"content":{"rendered":"<p>Cette petite chargeuse \u00e9lectrique est con\u00e7ue pour les usines, les fermes, les entrep\u00f4ts, les projets d'am\u00e9nagement paysager et les petits chantiers qui ont besoin d'un \u00e9quipement de manutention flexible. Le corps compact permet de se d\u00e9placer facilement dans les cours \u00e9troites, les ateliers et les zones de stockage, tandis que les bras de levage avant fonctionnent avec un godet, une fourche ou un grappin pour diff\u00e9rentes t\u00e2ches de chargement. L'alimentation \u00e9lectrique contribue \u00e0 r\u00e9duire le bruit, les \u00e9missions et les co\u00fbts d'exploitation quotidiens, ce qui permet de l'utiliser pour des travaux en int\u00e9rieur ou en milieu semi-clos. Avec des commandes simples, des pneus durables et un poste de conduite pratique, elle permet de transporter efficacement du sable, de la terre, des aliments pour animaux, des palettes, des d\u00e9bris et d'autres mat\u00e9riaux en vrac ou emball\u00e9s pour les programmes de travail quotidiens en toute s\u00e9curit\u00e9.<\/p>","protected":false},"excerpt":{"rendered":"<p>Cette petite chargeuse \u00e9lectrique est con\u00e7ue pour la manutention de mat\u00e9riaux l\u00e9gers dans les fermes, les entrep\u00f4ts, les jardins et les chantiers de construction. Son ch\u00e2ssis compact, son godet avant et sa fourche en option permettent de d\u00e9placer efficacement la terre, le sable, les aliments pour animaux, les palettes et les d\u00e9bris dans les espaces restreints. Elle permet une utilisation quotidienne efficace.<br data-start=\"734\" data-end=\"737\" \/><em data-start=\"737\" data-end=\"753\">300 caract\u00e8res<\/em><\/p>","protected":false},"featured_media":511,"template":"","meta":{"_gspb_post_css":""},"product_brand":[],"product_cat":[15,17],"product_tag":[42,53,130],"class_list":{"0":"post-510","1":"product","2":"type-product","3":"status-publish","4":"has-post-thumbnail","6":"product_cat-mini-loader","7":"product_cat-diesel-mini-loader","8":"product_tag-material-handling-equipment","9":"product_tag-mini-wheel-loader","10":"product_tag-small-electric-loader","12":"first","13":"instock","14":"shipping-taxable","15":"product-type-simple"},"_links":{"self":[{"href":"https:\/\/chinaminiloader.com\/fr\/wp-json\/wp\/v2\/product\/510","targetHints":{"allow":["GET"]}}],"collection":[{"href":"https:\/\/chinaminiloader.com\/fr\/wp-json\/wp\/v2\/product"}],"about":[{"href":"https:\/\/chinaminiloader.com\/fr\/wp-json\/wp\/v2\/types\/product"}],"wp:featuredmedia":[{"embeddable":true,"href":"https:\/\/chinaminiloader.com\/fr\/wp-json\/wp\/v2\/media\/511"}],"wp:attachment":[{"href":"https:\/\/chinaminiloader.com\/fr\/wp-json\/wp\/v2\/media?parent=510"}],"wp:term":[{"taxonomy":"product_brand","embeddable":true,"href":"https:\/\/chinaminiloader.com\/fr\/wp-json\/wp\/v2\/product_brand?post=510"},{"taxonomy":"product_cat","embeddable":true,"href":"https:\/\/chinaminiloader.com\/fr\/wp-json\/wp\/v2\/product_cat?post=510"},{"taxonomy":"product_tag","embeddable":true,"href":"https:\/\/chinaminiloader.com\/fr\/wp-json\/wp\/v2\/product_tag?post=510"}],"curies":[{"name":"wp","href":"https:\/\/api.w.org\/{rel}","templated":true}]}}