{"id":464,"date":"2026-04-25T11:17:02","date_gmt":"2026-04-25T11:17:02","guid":{"rendered":"https:\/\/chinaminiloader.com\/?post_type=product&#038;p=464"},"modified":"2026-04-25T11:17:02","modified_gmt":"2026-04-25T11:17:02","slug":"mobile-masonry-hoist-for-blocks-construction-materials-58-characters","status":"publish","type":"product","link":"https:\/\/chinaminiloader.com\/fr\/mobile-masonry-hoist-for-blocks-construction-materials-58-characters\/","title":{"rendered":"Palan de ma\u00e7onnerie mobile pour blocs et mat\u00e9riaux de construction 58 caract\u00e8res"},"content":{"rendered":"<p>Con\u00e7u pour la ma\u00e7onnerie et la manutention de mat\u00e9riaux de construction, ce palan mobile pour ma\u00e7onnerie permet de d\u00e9placer des briques, des blocs, des palettes et des outils vers des zones de travail sur\u00e9lev\u00e9es en r\u00e9duisant les d\u00e9placements manuels. Son syst\u00e8me de levage \u00e0 double m\u00e2t, son ch\u00e2ssis en acier renforc\u00e9, sa plate-forme spacieuse, ses garde-corps de s\u00e9curit\u00e9, ses stabilisateurs et sa base remorquable permettent une utilisation efficace sur des chantiers changeants. La disposition de la plate-forme permet aux travailleurs de charger et de d\u00e9charger les mat\u00e9riaux des deux c\u00f4t\u00e9s, ce qui am\u00e9liore le flux de travail pour les fa\u00e7ades de b\u00e2timents, l'entretien, la r\u00e9novation et les t\u00e2ches de transfert d'entrep\u00f4t. En tant qu'usine chinoise, nous pouvons prendre en charge la personnalisation OEM, les options de configuration pratiques et la production par lots pour les concessionnaires, les entrepreneurs, les soci\u00e9t\u00e9s de location, les \u00e9quipes d'ing\u00e9nierie et les projets globaux dans le monde entier.<\/p>","protected":false},"excerpt":{"rendered":"<p>Cet engin de levage mobile pour la ma\u00e7onnerie est con\u00e7u pour soulever des briques, des blocs, des palettes et des mat\u00e9riaux de chantier. La structure de levage \u00e0 deux m\u00e2ts, la grande plate-forme de travail, le syst\u00e8me de garde-corps, les stabilisateurs et la base de la remorque permettent un transfert stable et efficace des mat\u00e9riaux sur les chantiers de construction, de ma\u00e7onnerie et d'entretien.<br data-start=\"725\" data-end=\"728\" \/><em data-start=\"728\" data-end=\"744\">300 caract\u00e8res<\/em><\/p>","protected":false},"featured_media":470,"template":"","meta":{"_gspb_post_css":""},"product_brand":[],"product_cat":[22,24],"product_tag":[119,95,74],"class_list":{"0":"post-464","1":"product","2":"type-product","3":"status-publish","4":"has-post-thumbnail","6":"product_cat-lift-platform","7":"product_cat-masonry-lifting-platform","8":"product_tag-construction-lift","9":"product_tag-masonry-hoist","10":"product_tag-material-handling-platform","12":"first","13":"instock","14":"shipping-taxable","15":"product-type-simple"},"_links":{"self":[{"href":"https:\/\/chinaminiloader.com\/fr\/wp-json\/wp\/v2\/product\/464","targetHints":{"allow":["GET"]}}],"collection":[{"href":"https:\/\/chinaminiloader.com\/fr\/wp-json\/wp\/v2\/product"}],"about":[{"href":"https:\/\/chinaminiloader.com\/fr\/wp-json\/wp\/v2\/types\/product"}],"wp:featuredmedia":[{"embeddable":true,"href":"https:\/\/chinaminiloader.com\/fr\/wp-json\/wp\/v2\/media\/470"}],"wp:attachment":[{"href":"https:\/\/chinaminiloader.com\/fr\/wp-json\/wp\/v2\/media?parent=464"}],"wp:term":[{"taxonomy":"product_brand","embeddable":true,"href":"https:\/\/chinaminiloader.com\/fr\/wp-json\/wp\/v2\/product_brand?post=464"},{"taxonomy":"product_cat","embeddable":true,"href":"https:\/\/chinaminiloader.com\/fr\/wp-json\/wp\/v2\/product_cat?post=464"},{"taxonomy":"product_tag","embeddable":true,"href":"https:\/\/chinaminiloader.com\/fr\/wp-json\/wp\/v2\/product_tag?post=464"}],"curies":[{"name":"wp","href":"https:\/\/api.w.org\/{rel}","templated":true}]}}