{"id":457,"date":"2026-04-25T11:11:08","date_gmt":"2026-04-25T11:11:08","guid":{"rendered":"https:\/\/chinaminiloader.com\/?post_type=product&#038;p=457"},"modified":"2026-04-25T11:11:08","modified_gmt":"2026-04-25T11:11:08","slug":"electric-scaffolding-lift-platform-for-construction-work","status":"publish","type":"product","link":"https:\/\/chinaminiloader.com\/fr\/electric-scaffolding-lift-platform-for-construction-work\/","title":{"rendered":"Plate-forme \u00e9l\u00e9vatrice \u00e9lectrique d'\u00e9chafaudage pour travaux de construction"},"content":{"rendered":"<p>Con\u00e7ue pour les projets de construction, de d\u00e9coration et d'entretien, cette plate-forme \u00e9l\u00e9vatrice pour \u00e9chafaudage \u00e9lectrique offre une solution pratique d'acc\u00e8s vertical pour les travailleurs et les mat\u00e9riaux l\u00e9gers. La structure se compose d'un cadre en acier solide, d'une plate-forme de travail antid\u00e9rapante, de garde-corps de protection, d'un syst\u00e8me de levage par c\u00e2ble, de roulettes mobiles et de stabilisateurs r\u00e9glables pour une meilleure stabilit\u00e9 sur le chantier. Sa conception modulaire compacte permet aux usines, aux entrepreneurs et aux soci\u00e9t\u00e9s de location de d\u00e9placer, de positionner et d'utiliser la plate-forme de mani\u00e8re efficace. Adapt\u00e9e aux travaux de fa\u00e7ade, \u00e0 l'installation de murs, \u00e0 l'inspection d'\u00e9quipements et \u00e0 l'entretien d'ateliers, elle permet des op\u00e9rations en hauteur plus s\u00fbres tout en r\u00e9duisant les op\u00e9rations manuelles d'escalade et de repositionnement. La hauteur, la taille de la plate-forme, la capacit\u00e9 de charge et la configuration de l'alimentation peuvent \u00e9galement \u00eatre personnalis\u00e9es.<\/p>","protected":false},"excerpt":{"rendered":"<p>Cette plate-forme d'\u00e9chafaudage \u00e9lectrique utilise un cadre en acier soud\u00e9, un syst\u00e8me de levage par c\u00e2ble, une plate-forme de travail antid\u00e9rapante, des garde-corps, des roulettes et des stabilisateurs r\u00e9glables. Elle offre un acc\u00e8s vertical stable pour la construction de fa\u00e7ades, l'installation d'\u00e9quipements, l'inspection, la r\u00e9paration et l'entretien quotidiens sur les chantiers.<\/p>","protected":false},"featured_media":463,"template":"","meta":{"_gspb_post_css":""},"product_brand":[],"product_cat":[22,23],"product_tag":[118,117,96],"class_list":{"0":"post-457","1":"product","2":"type-product","3":"status-publish","4":"has-post-thumbnail","6":"product_cat-lift-platform","7":"product_cat-electric-tricycle-lift-truck","8":"product_tag-construction-lift-platform","9":"product_tag-electric-scaffolding","10":"product_tag-mobile-work-platform","12":"first","13":"instock","14":"shipping-taxable","15":"product-type-simple"},"_links":{"self":[{"href":"https:\/\/chinaminiloader.com\/fr\/wp-json\/wp\/v2\/product\/457","targetHints":{"allow":["GET"]}}],"collection":[{"href":"https:\/\/chinaminiloader.com\/fr\/wp-json\/wp\/v2\/product"}],"about":[{"href":"https:\/\/chinaminiloader.com\/fr\/wp-json\/wp\/v2\/types\/product"}],"wp:featuredmedia":[{"embeddable":true,"href":"https:\/\/chinaminiloader.com\/fr\/wp-json\/wp\/v2\/media\/463"}],"wp:attachment":[{"href":"https:\/\/chinaminiloader.com\/fr\/wp-json\/wp\/v2\/media?parent=457"}],"wp:term":[{"taxonomy":"product_brand","embeddable":true,"href":"https:\/\/chinaminiloader.com\/fr\/wp-json\/wp\/v2\/product_brand?post=457"},{"taxonomy":"product_cat","embeddable":true,"href":"https:\/\/chinaminiloader.com\/fr\/wp-json\/wp\/v2\/product_cat?post=457"},{"taxonomy":"product_tag","embeddable":true,"href":"https:\/\/chinaminiloader.com\/fr\/wp-json\/wp\/v2\/product_tag?post=457"}],"curies":[{"name":"wp","href":"https:\/\/api.w.org\/{rel}","templated":true}]}}