{"id":444,"date":"2026-04-25T10:53:31","date_gmt":"2026-04-25T10:53:31","guid":{"rendered":"https:\/\/chinaminiloader.com\/?post_type=product&#038;p=444"},"modified":"2026-04-25T10:53:31","modified_gmt":"2026-04-25T10:53:31","slug":"16hp-4wd-remote-control-crawler-lawn-mower-machine","status":"publish","type":"product","link":"https:\/\/chinaminiloader.com\/fr\/16hp-4wd-remote-control-crawler-lawn-mower-machine\/","title":{"rendered":"Tondeuse \u00e0 gazon \u00e0 chenilles t\u00e9l\u00e9command\u00e9e 16HP 4WD"},"content":{"rendered":"<p>La tondeuse \u00e0 gazon sur chenilles t\u00e9l\u00e9command\u00e9e 16HP 4WD est une machine \u00e0 couper l'herbe tr\u00e8s performante, con\u00e7ue pour les terrains complexes et les t\u00e2ches de tonte difficiles. Elle est largement utilis\u00e9e dans les vergers, les fermes, les parcs, les jardins, les bords de route et les zones en pente. Gr\u00e2ce \u00e0 ses quatre roues motrices puissantes et \u00e0 ses chenilles, la machine offre une excellente adh\u00e9rence, stabilit\u00e9 et capacit\u00e9 \u00e0 grimper sur les sols irr\u00e9guliers et les pentes raides. La commande \u00e0 distance am\u00e9liore la s\u00e9curit\u00e9 de l'utilisateur et r\u00e9duit l'intensit\u00e9 du travail. Son moteur puissant, sa structure durable et sa grande efficacit\u00e9 de tonte en font une solution id\u00e9ale pour les travaux professionnels d'am\u00e9nagement paysager et d'entretien agricole.<\/p>","protected":false},"excerpt":{"rendered":"<p>Cette tondeuse \u00e0 chenilles 16HP 4WD t\u00e9l\u00e9command\u00e9e est con\u00e7ue pour une tonte efficace de l'herbe dans les fermes, les vergers, les parcs, les jardins et les pentes raides. Dot\u00e9e d'une forte capacit\u00e9 de mont\u00e9e, de chenilles en caoutchouc durables et d'une commande \u00e0 distance stable, elle am\u00e9liore la s\u00e9curit\u00e9 et la productivit\u00e9 de la tonte.<\/p>","protected":false},"featured_media":447,"template":"","meta":{"_gspb_post_css":""},"product_brand":[],"product_cat":[15],"product_tag":[109,66,65],"class_list":{"0":"post-444","1":"product","2":"type-product","3":"status-publish","4":"has-post-thumbnail","6":"product_cat-mini-loader","7":"product_tag-4wd-slope-mower","8":"product_tag-crawler-grass-cutter","9":"product_tag-remote-lawn-mower","11":"first","12":"instock","13":"shipping-taxable","14":"product-type-simple"},"_links":{"self":[{"href":"https:\/\/chinaminiloader.com\/fr\/wp-json\/wp\/v2\/product\/444","targetHints":{"allow":["GET"]}}],"collection":[{"href":"https:\/\/chinaminiloader.com\/fr\/wp-json\/wp\/v2\/product"}],"about":[{"href":"https:\/\/chinaminiloader.com\/fr\/wp-json\/wp\/v2\/types\/product"}],"wp:featuredmedia":[{"embeddable":true,"href":"https:\/\/chinaminiloader.com\/fr\/wp-json\/wp\/v2\/media\/447"}],"wp:attachment":[{"href":"https:\/\/chinaminiloader.com\/fr\/wp-json\/wp\/v2\/media?parent=444"}],"wp:term":[{"taxonomy":"product_brand","embeddable":true,"href":"https:\/\/chinaminiloader.com\/fr\/wp-json\/wp\/v2\/product_brand?post=444"},{"taxonomy":"product_cat","embeddable":true,"href":"https:\/\/chinaminiloader.com\/fr\/wp-json\/wp\/v2\/product_cat?post=444"},{"taxonomy":"product_tag","embeddable":true,"href":"https:\/\/chinaminiloader.com\/fr\/wp-json\/wp\/v2\/product_tag?post=444"}],"curies":[{"name":"wp","href":"https:\/\/api.w.org\/{rel}","templated":true}]}}