{"id":426,"date":"2026-04-25T10:48:32","date_gmt":"2026-04-25T10:48:32","guid":{"rendered":"https:\/\/chinaminiloader.com\/?post_type=product&#038;p=426"},"modified":"2026-04-25T10:48:32","modified_gmt":"2026-04-25T10:48:32","slug":"electric-freight-elevator-lift-platform-for-warehouse-use","status":"publish","type":"product","link":"https:\/\/chinaminiloader.com\/fr\/electric-freight-elevator-lift-platform-for-warehouse-use\/","title":{"rendered":"Plate-forme \u00e9l\u00e9vatrice \u00e9lectrique pour entrep\u00f4ts de marchandises"},"content":{"rendered":"<p>Notre monte-charge \u00e9lectrique constitue une solution pratique de transport vertical pour les ateliers, les entrep\u00f4ts, les usines et les projets de construction. Dot\u00e9 d'une structure en acier rigide, d'une plate-forme de chargement prot\u00e9g\u00e9e, d'un moteur \u00e9lectrique, d'un c\u00e2ble en acier et d'une protection antichute, il permet de d\u00e9placer des mat\u00e9riaux d'un \u00e9tage \u00e0 l'autre avec une efficacit\u00e9 et une stabilit\u00e9 accrues. La conception compacte du ch\u00e2ssis permet une installation dans des espaces limit\u00e9s, tandis que la taille de la plate-forme, la hauteur de levage, la capacit\u00e9 de charge et les options de commande personnalisables permettent \u00e0 l'unit\u00e9 de s'adapter aux diff\u00e9rentes exigences du site. Adapt\u00e9 aux cartons, aux outils, aux composants et aux marchandises emball\u00e9es, cet \u00e9l\u00e9vateur de manutention est con\u00e7u pour un fonctionnement quotidien fiable et une r\u00e9duction de la charge de travail li\u00e9e \u00e0 la manutention manuelle en toute s\u00e9curit\u00e9 sur le site.<\/p>","protected":false},"excerpt":{"rendered":"<p>Ce monte-charge \u00e9lectrique est con\u00e7u pour le transport vertical de marchandises dans les usines, les entrep\u00f4ts et les chantiers de construction. Il est \u00e9quip\u00e9 d'un m\u00e2t en acier renforc\u00e9, d'une plate-forme prot\u00e9g\u00e9e, d'un c\u00e2ble \u00e9pais, d'un dispositif antichute et d'un entra\u00eenement \u00e9lectrique compact pour une manutention stable et efficace au quotidien.<\/p>","protected":false},"featured_media":439,"template":"","meta":{"_gspb_post_css":""},"product_brand":[],"product_cat":[19,20],"product_tag":[44,89,58],"class_list":{"0":"post-426","1":"product","2":"type-product","3":"status-publish","4":"has-post-thumbnail","6":"product_cat-freight-elevator","7":"product_cat-electric-freight-elevator","8":"product_tag-construction-platform","9":"product_tag-electric-freight-elevator","10":"product_tag-material-handling-lift","12":"first","13":"instock","14":"shipping-taxable","15":"product-type-simple"},"_links":{"self":[{"href":"https:\/\/chinaminiloader.com\/fr\/wp-json\/wp\/v2\/product\/426","targetHints":{"allow":["GET"]}}],"collection":[{"href":"https:\/\/chinaminiloader.com\/fr\/wp-json\/wp\/v2\/product"}],"about":[{"href":"https:\/\/chinaminiloader.com\/fr\/wp-json\/wp\/v2\/types\/product"}],"wp:featuredmedia":[{"embeddable":true,"href":"https:\/\/chinaminiloader.com\/fr\/wp-json\/wp\/v2\/media\/439"}],"wp:attachment":[{"href":"https:\/\/chinaminiloader.com\/fr\/wp-json\/wp\/v2\/media?parent=426"}],"wp:term":[{"taxonomy":"product_brand","embeddable":true,"href":"https:\/\/chinaminiloader.com\/fr\/wp-json\/wp\/v2\/product_brand?post=426"},{"taxonomy":"product_cat","embeddable":true,"href":"https:\/\/chinaminiloader.com\/fr\/wp-json\/wp\/v2\/product_cat?post=426"},{"taxonomy":"product_tag","embeddable":true,"href":"https:\/\/chinaminiloader.com\/fr\/wp-json\/wp\/v2\/product_tag?post=426"}],"curies":[{"name":"wp","href":"https:\/\/api.w.org\/{rel}","templated":true}]}}