{"id":402,"date":"2026-04-25T09:30:07","date_gmt":"2026-04-25T09:30:07","guid":{"rendered":"https:\/\/chinaminiloader.com\/?post_type=product&#038;p=402"},"modified":"2026-04-25T09:30:07","modified_gmt":"2026-04-25T09:30:07","slug":"remote-control-4wd-crawler-lawn-mower-for-rough-terrain","status":"publish","type":"product","link":"https:\/\/chinaminiloader.com\/fr\/remote-control-4wd-crawler-lawn-mower-for-rough-terrain\/","title":{"rendered":"Tondeuse \u00e0 gazon \u00e0 chenilles 4RM t\u00e9l\u00e9command\u00e9e pour terrain accident\u00e9"},"content":{"rendered":"<p>Notre tondeuse \u00e0 chenilles 4WD t\u00e9l\u00e9command\u00e9e est sp\u00e9cialement con\u00e7ue pour les environnements de tonte difficiles tels que les coteaux, les vergers, les fermes, les autoroutes et les zones d'herbe sauvage. Dot\u00e9e d'un puissant moteur \u00e0 essence, d'un syst\u00e8me de chenilles et d'une commande \u00e0 distance, elle offre d'excellentes performances de mont\u00e9e, une forte traction et un contr\u00f4le s\u00fbr sur de longues distances. La machine peut facilement traiter les terrains in\u00e9gaux, les pentes raides et les mauvaises herbes denses tout en r\u00e9duisant l'intensit\u00e9 du travail et en am\u00e9liorant l'efficacit\u00e9 du travail. Sa structure durable, sa facilit\u00e9 d'entretien et ses performances stables en font une solution id\u00e9ale pour l'entretien agricole, l'am\u00e9nagement paysager et la gestion de la v\u00e9g\u00e9tation sur des terrains complexes.<\/p>","protected":false},"excerpt":{"rendered":"<p>Cette tondeuse \u00e0 chenilles 4RM t\u00e9l\u00e9command\u00e9e est con\u00e7ue pour une tonte efficace de l'herbe sur les pentes, les vergers, les fermes et les terrains accident\u00e9s. \u00c9quip\u00e9e d'un moteur puissant, d'une forte capacit\u00e9 de mont\u00e9e et de chenilles durables, elle assure des op\u00e9rations de tonte s\u00fbres, stables et performantes.<\/p>","protected":false},"featured_media":403,"template":"","meta":{"_gspb_post_css":""},"product_brand":[],"product_cat":[27,25],"product_tag":[109,66,80],"class_list":{"0":"post-402","1":"product","2":"type-product","3":"status-publish","4":"has-post-thumbnail","6":"product_cat-crawler-lawn-mower","7":"product_cat-lawn-mower","8":"product_tag-4wd-slope-mower","9":"product_tag-crawler-grass-cutter","10":"product_tag-remote-control-lawn-mower","12":"first","13":"instock","14":"shipping-taxable","15":"product-type-simple"},"_links":{"self":[{"href":"https:\/\/chinaminiloader.com\/fr\/wp-json\/wp\/v2\/product\/402","targetHints":{"allow":["GET"]}}],"collection":[{"href":"https:\/\/chinaminiloader.com\/fr\/wp-json\/wp\/v2\/product"}],"about":[{"href":"https:\/\/chinaminiloader.com\/fr\/wp-json\/wp\/v2\/types\/product"}],"wp:featuredmedia":[{"embeddable":true,"href":"https:\/\/chinaminiloader.com\/fr\/wp-json\/wp\/v2\/media\/403"}],"wp:attachment":[{"href":"https:\/\/chinaminiloader.com\/fr\/wp-json\/wp\/v2\/media?parent=402"}],"wp:term":[{"taxonomy":"product_brand","embeddable":true,"href":"https:\/\/chinaminiloader.com\/fr\/wp-json\/wp\/v2\/product_brand?post=402"},{"taxonomy":"product_cat","embeddable":true,"href":"https:\/\/chinaminiloader.com\/fr\/wp-json\/wp\/v2\/product_cat?post=402"},{"taxonomy":"product_tag","embeddable":true,"href":"https:\/\/chinaminiloader.com\/fr\/wp-json\/wp\/v2\/product_tag?post=402"}],"curies":[{"name":"wp","href":"https:\/\/api.w.org\/{rel}","templated":true}]}}