{"id":375,"date":"2026-04-25T08:50:35","date_gmt":"2026-04-25T08:50:35","guid":{"rendered":"https:\/\/chinaminiloader.com\/?post_type=product&#038;p=375"},"modified":"2026-04-25T08:51:03","modified_gmt":"2026-04-25T08:51:03","slug":"custom-hydraulic-freight-elevator-for-warehouse-loading","status":"publish","type":"product","link":"https:\/\/chinaminiloader.com\/fr\/custom-hydraulic-freight-elevator-for-warehouse-loading\/","title":{"rendered":"Monte-charge hydraulique sur mesure pour le chargement d'un entrep\u00f4t"},"content":{"rendered":"<p>Con\u00e7u pour les usines, les entrep\u00f4ts et les mezzanines, ce monte-charge hydraulique assure un levage vertical stable des marchandises gr\u00e2ce \u00e0 un ch\u00e2ssis en acier soud\u00e9, une plate-forme prot\u00e9g\u00e9e, des rails de guidage et un entra\u00eenement hydraulique. La taille de la plate-forme, la hauteur de levage, la capacit\u00e9 de charge et la direction d'entr\u00e9e peuvent \u00eatre personnalis\u00e9es en fonction des besoins du site.<\/p>","protected":false},"excerpt":{"rendered":"<p>Con\u00e7u pour les usines, les entrep\u00f4ts et les mezzanines, ce monte-charge hydraulique assure un levage vertical stable des marchandises gr\u00e2ce \u00e0 un ch\u00e2ssis en acier soud\u00e9, une plate-forme prot\u00e9g\u00e9e, des rails de guidage et un entra\u00eenement hydraulique. La taille de la plate-forme, la hauteur de levage, la capacit\u00e9 de charge et la direction d'entr\u00e9e peuvent \u00eatre personnalis\u00e9es en fonction des besoins du site.<\/p>","protected":false},"featured_media":380,"template":"","meta":{"_gspb_post_css":""},"product_brand":[],"product_cat":[19,21],"product_tag":[104,50,42],"class_list":{"0":"post-375","1":"product","2":"type-product","3":"status-publish","4":"has-post-thumbnail","6":"product_cat-freight-elevator","7":"product_cat-hydraulic-freight-elevator","8":"product_tag-cargo-lift","9":"product_tag-hydraulic-freight-elevator","10":"product_tag-material-handling-equipment","12":"first","13":"instock","14":"shipping-taxable","15":"product-type-simple"},"_links":{"self":[{"href":"https:\/\/chinaminiloader.com\/fr\/wp-json\/wp\/v2\/product\/375","targetHints":{"allow":["GET"]}}],"collection":[{"href":"https:\/\/chinaminiloader.com\/fr\/wp-json\/wp\/v2\/product"}],"about":[{"href":"https:\/\/chinaminiloader.com\/fr\/wp-json\/wp\/v2\/types\/product"}],"wp:featuredmedia":[{"embeddable":true,"href":"https:\/\/chinaminiloader.com\/fr\/wp-json\/wp\/v2\/media\/380"}],"wp:attachment":[{"href":"https:\/\/chinaminiloader.com\/fr\/wp-json\/wp\/v2\/media?parent=375"}],"wp:term":[{"taxonomy":"product_brand","embeddable":true,"href":"https:\/\/chinaminiloader.com\/fr\/wp-json\/wp\/v2\/product_brand?post=375"},{"taxonomy":"product_cat","embeddable":true,"href":"https:\/\/chinaminiloader.com\/fr\/wp-json\/wp\/v2\/product_cat?post=375"},{"taxonomy":"product_tag","embeddable":true,"href":"https:\/\/chinaminiloader.com\/fr\/wp-json\/wp\/v2\/product_tag?post=375"}],"curies":[{"name":"wp","href":"https:\/\/api.w.org\/{rel}","templated":true}]}}