{"id":363,"date":"2026-04-25T09:07:31","date_gmt":"2026-04-25T09:07:31","guid":{"rendered":"https:\/\/chinaminiloader.com\/?post_type=product&#038;p=363"},"modified":"2026-04-25T09:07:31","modified_gmt":"2026-04-25T09:07:31","slug":"remote-control-crawler-lawn-mower-for-slopes-and-rough-terrain","status":"publish","type":"product","link":"https:\/\/chinaminiloader.com\/fr\/remote-control-crawler-lawn-mower-for-slopes-and-rough-terrain\/","title":{"rendered":"Tondeuse \u00e0 chenilles t\u00e9l\u00e9command\u00e9e pour les pentes et les terrains accident\u00e9s"},"content":{"rendered":"<p>les pentes raides, les vergers, les jardins, les fermes, les autoroutes et les terrains accident\u00e9s o\u00f9 les tondeuses traditionnelles ne peuvent pas fonctionner en toute s\u00e9curit\u00e9. Dot\u00e9e de chenilles durables, d'un puissant moteur \u00e0 essence et d'une commande \u00e0 distance intelligente, elle offre une excellente capacit\u00e9 de mont\u00e9e, une grande stabilit\u00e9 et une grande efficacit\u00e9 de tonte. Sa structure compacte permet de se d\u00e9placer avec souplesse dans les espaces \u00e9troits tout en r\u00e9duisant l'intensit\u00e9 du travail et en am\u00e9liorant la s\u00e9curit\u00e9 de l'op\u00e9rateur. Elle est largement utilis\u00e9e dans les champs agricoles, les projets d'am\u00e9nagement paysager, l'entretien municipal et la gestion de la v\u00e9g\u00e9tation des collines. Cette machine est une solution id\u00e9ale pour les t\u00e2ches professionnelles de tonte de l'herbe et d'entretien des terrains.<\/p>","protected":false},"excerpt":{"rendered":"<p>Cette tondeuse \u00e0 chenilles t\u00e9l\u00e9command\u00e9e est con\u00e7ue pour une tonte efficace de l'herbe sur les pentes, les vergers, les fermes et les terrains accident\u00e9s. \u00c9quip\u00e9e de chenilles robustes, d'un moteur puissant et d'une t\u00e9l\u00e9commande sans fil, elle assure une tonte s\u00fbre, stable et performante dans les environnements difficiles.<\/p>","protected":false},"featured_media":385,"template":"","meta":{"_gspb_post_css":""},"product_brand":[],"product_cat":[27,25],"product_tag":[63,64,107],"class_list":{"0":"post-363","1":"product","2":"type-product","3":"status-publish","4":"has-post-thumbnail","6":"product_cat-crawler-lawn-mower","7":"product_cat-lawn-mower","8":"product_tag-remote-control-mower","9":"product_tag-slope-grass-cutter","10":"product_tag-tracked-lawn-mower","12":"first","13":"instock","14":"shipping-taxable","15":"product-type-simple"},"_links":{"self":[{"href":"https:\/\/chinaminiloader.com\/fr\/wp-json\/wp\/v2\/product\/363","targetHints":{"allow":["GET"]}}],"collection":[{"href":"https:\/\/chinaminiloader.com\/fr\/wp-json\/wp\/v2\/product"}],"about":[{"href":"https:\/\/chinaminiloader.com\/fr\/wp-json\/wp\/v2\/types\/product"}],"wp:featuredmedia":[{"embeddable":true,"href":"https:\/\/chinaminiloader.com\/fr\/wp-json\/wp\/v2\/media\/385"}],"wp:attachment":[{"href":"https:\/\/chinaminiloader.com\/fr\/wp-json\/wp\/v2\/media?parent=363"}],"wp:term":[{"taxonomy":"product_brand","embeddable":true,"href":"https:\/\/chinaminiloader.com\/fr\/wp-json\/wp\/v2\/product_brand?post=363"},{"taxonomy":"product_cat","embeddable":true,"href":"https:\/\/chinaminiloader.com\/fr\/wp-json\/wp\/v2\/product_cat?post=363"},{"taxonomy":"product_tag","embeddable":true,"href":"https:\/\/chinaminiloader.com\/fr\/wp-json\/wp\/v2\/product_tag?post=363"}],"curies":[{"name":"wp","href":"https:\/\/api.w.org\/{rel}","templated":true}]}}