{"id":361,"date":"2026-04-25T08:33:29","date_gmt":"2026-04-25T08:33:29","guid":{"rendered":"https:\/\/chinaminiloader.com\/?post_type=product&#038;p=361"},"modified":"2026-04-25T08:33:29","modified_gmt":"2026-04-25T08:33:29","slug":"compact-diesel-mini-loader-for-construction-material-work","status":"publish","type":"product","link":"https:\/\/chinaminiloader.com\/fr\/compact-diesel-mini-loader-for-construction-material-work\/","title":{"rendered":"Mini chargeur diesel compact pour les travaux de construction"},"content":{"rendered":"<p>Notre mini chargeuse diesel compacte est un choix pratique pour les travaux de manutention de petite et moyenne envergure. La machine associe un godet avant robuste \u00e0 un empattement court, ce qui permet aux op\u00e9rateurs de travailler efficacement dans les cours, les ateliers, les fermes, les entrep\u00f4ts et les zones de construction. Son syst\u00e8me d'alimentation diesel assure des performances de chargement stables pour le sable, la terre, le gravier, les aliments pour animaux, les d\u00e9chets et les marchandises g\u00e9n\u00e9rales. Le poste de conduite ouvert, les commandes simples et les pneus robustes contribuent \u00e0 am\u00e9liorer la visibilit\u00e9, la maniabilit\u00e9 et le confort d'utilisation au quotidien. Construite pour la fourniture directe \u00e0 l'usine chinoise, cette chargeuse offre une solution rentable aux clients qui ont besoin d'un \u00e9quipement flexible pour le chargement, le transfert, le nettoyage des sites et les travaux d'entretien de routine.<\/p>","protected":false},"excerpt":{"rendered":"<p>Cette mini chargeuse diesel compacte est con\u00e7ue pour la manutention de mat\u00e9riaux dans les usines, les exploitations agricoles, les entrep\u00f4ts et les chantiers de construction. Dot\u00e9e d'un godet avant, d'une carrosserie compacte et d'une grande facilit\u00e9 d'utilisation, elle peut charger de la terre, du sable, du gravier, des aliments pour animaux et des marchandises dans des espaces \u00e9troits, tout en r\u00e9duisant la main-d'\u0153uvre et en am\u00e9liorant l'efficacit\u00e9 du chantier au quotidien.<\/p>","protected":false},"featured_media":367,"template":"","meta":{"_gspb_post_css":""},"product_brand":[],"product_cat":[15,18],"product_tag":[28,101,42],"class_list":{"0":"post-361","1":"product","2":"type-product","3":"status-publish","4":"has-post-thumbnail","6":"product_cat-mini-loader","7":"product_cat-electric-mini-loader","8":"product_tag-compact-wheel-loader","9":"product_tag-diesel-mini-loader","10":"product_tag-material-handling-equipment","12":"first","13":"instock","14":"shipping-taxable","15":"product-type-simple"},"_links":{"self":[{"href":"https:\/\/chinaminiloader.com\/fr\/wp-json\/wp\/v2\/product\/361","targetHints":{"allow":["GET"]}}],"collection":[{"href":"https:\/\/chinaminiloader.com\/fr\/wp-json\/wp\/v2\/product"}],"about":[{"href":"https:\/\/chinaminiloader.com\/fr\/wp-json\/wp\/v2\/types\/product"}],"wp:featuredmedia":[{"embeddable":true,"href":"https:\/\/chinaminiloader.com\/fr\/wp-json\/wp\/v2\/media\/367"}],"wp:attachment":[{"href":"https:\/\/chinaminiloader.com\/fr\/wp-json\/wp\/v2\/media?parent=361"}],"wp:term":[{"taxonomy":"product_brand","embeddable":true,"href":"https:\/\/chinaminiloader.com\/fr\/wp-json\/wp\/v2\/product_brand?post=361"},{"taxonomy":"product_cat","embeddable":true,"href":"https:\/\/chinaminiloader.com\/fr\/wp-json\/wp\/v2\/product_cat?post=361"},{"taxonomy":"product_tag","embeddable":true,"href":"https:\/\/chinaminiloader.com\/fr\/wp-json\/wp\/v2\/product_tag?post=361"}],"curies":[{"name":"wp","href":"https:\/\/api.w.org\/{rel}","templated":true}]}}