{"id":343,"date":"2026-04-25T08:01:34","date_gmt":"2026-04-25T08:01:34","guid":{"rendered":"https:\/\/chinaminiloader.com\/?post_type=product&#038;p=343"},"modified":"2026-04-25T08:01:35","modified_gmt":"2026-04-25T08:01:35","slug":"mobile-masonry-hoist-for-construction-materials-lifting","status":"publish","type":"product","link":"https:\/\/chinaminiloader.com\/fr\/mobile-masonry-hoist-for-construction-materials-lifting\/","title":{"rendered":"Palan de ma\u00e7onnerie mobile pour le levage de mat\u00e9riaux de construction"},"content":{"rendered":"<p>Con\u00e7u pour la ma\u00e7onnerie et la logistique g\u00e9n\u00e9rale de la construction, ce monte-mat\u00e9riaux mobile permet de d\u00e9placer des briques, des blocs, du mortier, des outils et des marchandises emball\u00e9es vers des niveaux de travail \u00e9lev\u00e9s en r\u00e9duisant les manipulations manuelles. La structure \u00e0 deux m\u00e2ts assure un levage vertical \u00e9quilibr\u00e9, tandis que les plates-formes cr\u00e9ent un espace de chargement pratique pour les mat\u00e9riaux de chantier. Les garde-corps, les stabilisateurs et la mobilit\u00e9 sur roues permettent de s'adapter \u00e0 l'\u00e9volution de la configuration du chantier. En tant que fabricant chinois d'\u00e9quipements de manutention, de monte-charges et de plates-formes de construction, nous pouvons prendre en charge la personnalisation OEM, l'approvisionnement direct en usine et les configurations sp\u00e9cifiques aux projets pour les entrepreneurs, les soci\u00e9t\u00e9s de location et les distributeurs \u00e0 la recherche d'\u00e9quipements de levage fiables avec une capacit\u00e9 de production \u00e9volutive et un service d'exportation r\u00e9actif.<\/p>","protected":false},"excerpt":{"rendered":"<p>Cet engin de levage mobile pour la ma\u00e7onnerie soul\u00e8ve les briques, les blocs, les outils et les mat\u00e9riaux de construction depuis le niveau du sol jusqu'aux zones de travail sur\u00e9lev\u00e9es. Les cadres \u00e0 double m\u00e2t, les larges ponts de chargement, les garde-corps, les roues et les stabilisateurs permettent un transfert efficace et plus s\u00fbr des mat\u00e9riaux sur les chantiers de ma\u00e7onnerie, les entrep\u00f4ts et les chantiers de construction.<\/p>","protected":false},"featured_media":348,"template":"","meta":{"_gspb_post_css":""},"product_brand":[],"product_cat":[22,24],"product_tag":[70,95,96],"class_list":{"0":"post-343","1":"product","2":"type-product","3":"status-publish","4":"has-post-thumbnail","6":"product_cat-lift-platform","7":"product_cat-masonry-lifting-platform","8":"product_tag-construction-material-lift","9":"product_tag-masonry-hoist","10":"product_tag-mobile-work-platform","12":"first","13":"instock","14":"shipping-taxable","15":"product-type-simple"},"_links":{"self":[{"href":"https:\/\/chinaminiloader.com\/fr\/wp-json\/wp\/v2\/product\/343","targetHints":{"allow":["GET"]}}],"collection":[{"href":"https:\/\/chinaminiloader.com\/fr\/wp-json\/wp\/v2\/product"}],"about":[{"href":"https:\/\/chinaminiloader.com\/fr\/wp-json\/wp\/v2\/types\/product"}],"wp:featuredmedia":[{"embeddable":true,"href":"https:\/\/chinaminiloader.com\/fr\/wp-json\/wp\/v2\/media\/348"}],"wp:attachment":[{"href":"https:\/\/chinaminiloader.com\/fr\/wp-json\/wp\/v2\/media?parent=343"}],"wp:term":[{"taxonomy":"product_brand","embeddable":true,"href":"https:\/\/chinaminiloader.com\/fr\/wp-json\/wp\/v2\/product_brand?post=343"},{"taxonomy":"product_cat","embeddable":true,"href":"https:\/\/chinaminiloader.com\/fr\/wp-json\/wp\/v2\/product_cat?post=343"},{"taxonomy":"product_tag","embeddable":true,"href":"https:\/\/chinaminiloader.com\/fr\/wp-json\/wp\/v2\/product_tag?post=343"}],"curies":[{"name":"wp","href":"https:\/\/api.w.org\/{rel}","templated":true}]}}