{"id":323,"date":"2026-04-25T07:52:41","date_gmt":"2026-04-25T07:52:41","guid":{"rendered":"https:\/\/chinaminiloader.com\/?post_type=product&#038;p=323"},"modified":"2026-04-25T07:52:41","modified_gmt":"2026-04-25T07:52:41","slug":"remote-control-crawler-gasoline-lawn-mower-mulcher","status":"publish","type":"product","link":"https:\/\/chinaminiloader.com\/fr\/remote-control-crawler-gasoline-lawn-mower-mulcher\/","title":{"rendered":"Tondeuse \u00e0 gazon \u00e0 essence \u00e0 chenilles t\u00e9l\u00e9command\u00e9e D\u00e9broussailleuse"},"content":{"rendered":"<p>Notre tondeuse \u00e0 gazon \u00e0 essence sur chenilles t\u00e9l\u00e9command\u00e9e est une solution tr\u00e8s efficace pour tondre l'herbe dans les vergers, les fermes, les jardins, les collines et les terrains complexes. Dot\u00e9e d'un ch\u00e2ssis \u00e0 chenilles durable, d'un puissant moteur \u00e0 essence et d'une t\u00e9l\u00e9commande intelligente, elle garantit des performances stables et une s\u00e9curit\u00e9 accrue pour l'op\u00e9rateur. Le syst\u00e8me de broyage int\u00e9gr\u00e9 permet de r\u00e9duire les d\u00e9chets d'herbe tout en am\u00e9liorant l'efficacit\u00e9 du travail. Sa forte capacit\u00e9 de mont\u00e9e et sa structure compacte lui permettent de s'adapter aux espaces \u00e9troits et aux pentes raides. Con\u00e7ue pour les environnements ext\u00e9rieurs exigeants, cette machine est id\u00e9ale pour l'entretien agricole, les projets d'am\u00e9nagement paysager et les applications commerciales d'entretien des sols.<\/p>","protected":false},"excerpt":{"rendered":"<p>Cette tondeuse \u00e0 essence sur chenilles t\u00e9l\u00e9command\u00e9e est con\u00e7ue pour une tonte efficace de l'herbe sur les terrains accident\u00e9s, les vergers, les jardins et les pentes. \u00c9quip\u00e9e de chenilles robustes, d'un moteur puissant et d'une fonction de broyage, elle permet de tondre en toute s\u00e9curit\u00e9, en \u00e9conomisant du travail et de mani\u00e8re tr\u00e8s performante.<\/p>","protected":false},"featured_media":341,"template":"","meta":{"_gspb_post_css":""},"product_brand":[],"product_cat":[27,25],"product_tag":[66,92,80],"class_list":{"0":"post-323","1":"product","2":"type-product","3":"status-publish","4":"has-post-thumbnail","6":"product_cat-crawler-lawn-mower","7":"product_cat-lawn-mower","8":"product_tag-crawler-grass-cutter","9":"product_tag-gasoline-mulching-mower","10":"product_tag-remote-control-lawn-mower","12":"first","13":"instock","14":"shipping-taxable","15":"product-type-simple"},"_links":{"self":[{"href":"https:\/\/chinaminiloader.com\/fr\/wp-json\/wp\/v2\/product\/323","targetHints":{"allow":["GET"]}}],"collection":[{"href":"https:\/\/chinaminiloader.com\/fr\/wp-json\/wp\/v2\/product"}],"about":[{"href":"https:\/\/chinaminiloader.com\/fr\/wp-json\/wp\/v2\/types\/product"}],"wp:featuredmedia":[{"embeddable":true,"href":"https:\/\/chinaminiloader.com\/fr\/wp-json\/wp\/v2\/media\/341"}],"wp:attachment":[{"href":"https:\/\/chinaminiloader.com\/fr\/wp-json\/wp\/v2\/media?parent=323"}],"wp:term":[{"taxonomy":"product_brand","embeddable":true,"href":"https:\/\/chinaminiloader.com\/fr\/wp-json\/wp\/v2\/product_brand?post=323"},{"taxonomy":"product_cat","embeddable":true,"href":"https:\/\/chinaminiloader.com\/fr\/wp-json\/wp\/v2\/product_cat?post=323"},{"taxonomy":"product_tag","embeddable":true,"href":"https:\/\/chinaminiloader.com\/fr\/wp-json\/wp\/v2\/product_tag?post=323"}],"curies":[{"name":"wp","href":"https:\/\/api.w.org\/{rel}","templated":true}]}}