{"id":313,"date":"2026-04-25T07:07:57","date_gmt":"2026-04-25T07:07:57","guid":{"rendered":"https:\/\/chinaminiloader.com\/?post_type=product&#038;p=313"},"modified":"2026-04-26T08:30:18","modified_gmt":"2026-04-26T08:30:18","slug":"electric-mini-loader-for-compact-material-handling-jobs-55-characters","status":"publish","type":"product","link":"https:\/\/chinaminiloader.com\/fr\/electric-mini-loader-for-compact-material-handling-jobs-55-characters\/","title":{"rendered":"Mini chargeur \u00e9lectrique pour les travaux de manutention compacts 55 caract\u00e8res"},"content":{"rendered":"<p>Con\u00e7ue pour des travaux flexibles \u00e0 l'int\u00e9rieur et \u00e0 l'ext\u00e9rieur, cette mini chargeuse \u00e9lectrique associe une taille compacte \u00e0 des performances de levage et de chargement pratiques. Le godet avant permet de d\u00e9placer du sable, de la terre, des aliments pour animaux, des d\u00e9chets, des mat\u00e9riaux d'emballage et des agr\u00e9gats l\u00e9gers dans les usines, les fermes, les entrep\u00f4ts, les jardins et les chantiers de construction. Son faible rayon de braquage, son poste de conduite simple et son toit de protection lui permettent de s'adapter aux all\u00e9es \u00e9troites et aux chantiers confin\u00e9s. Par rapport aux chargeurs plus grands, il est plus facile \u00e0 transporter, \u00e0 stocker et \u00e0 entretenir, tout en r\u00e9duisant le travail de manutention manuelle. En tant que fabricant chinois, nous pouvons r\u00e9pondre aux exigences des OEM, assurer un approvisionnement stable et proposer des options de configuration pour diff\u00e9rentes applications de manutention et diff\u00e9rents chantiers.<\/p>","protected":false},"excerpt":{"rendered":"<p>Cette mini chargeuse \u00e9lectrique est con\u00e7ue pour la manutention compacte de mat\u00e9riaux dans les usines, les exploitations agricoles, les entrep\u00f4ts et les chantiers de construction. Son godet avant, son ch\u00e2ssis articul\u00e9, son toit et ses commandes simples permettent de charger, transf\u00e9rer, remblayer et nettoyer l\u00e0 o\u00f9 les chargeuses plus grandes ne peuvent pas fonctionner efficacement avec les options des \u00e9quipementiers.<br data-start=\"762\" data-end=\"765\" \/><em data-start=\"765\" data-end=\"781\">300 caract\u00e8res<\/em><\/p>","protected":false},"featured_media":317,"template":"","meta":{"_gspb_post_css":""},"product_brand":[],"product_cat":[15,17],"product_tag":[28,88,42],"class_list":{"0":"post-313","1":"product","2":"type-product","3":"status-publish","4":"has-post-thumbnail","6":"product_cat-mini-loader","7":"product_cat-diesel-mini-loader","8":"product_tag-compact-wheel-loader","9":"product_tag-electric-mini-loader","10":"product_tag-material-handling-equipment","12":"first","13":"instock","14":"shipping-taxable","15":"product-type-simple"},"_links":{"self":[{"href":"https:\/\/chinaminiloader.com\/fr\/wp-json\/wp\/v2\/product\/313","targetHints":{"allow":["GET"]}}],"collection":[{"href":"https:\/\/chinaminiloader.com\/fr\/wp-json\/wp\/v2\/product"}],"about":[{"href":"https:\/\/chinaminiloader.com\/fr\/wp-json\/wp\/v2\/types\/product"}],"wp:featuredmedia":[{"embeddable":true,"href":"https:\/\/chinaminiloader.com\/fr\/wp-json\/wp\/v2\/media\/317"}],"wp:attachment":[{"href":"https:\/\/chinaminiloader.com\/fr\/wp-json\/wp\/v2\/media?parent=313"}],"wp:term":[{"taxonomy":"product_brand","embeddable":true,"href":"https:\/\/chinaminiloader.com\/fr\/wp-json\/wp\/v2\/product_brand?post=313"},{"taxonomy":"product_cat","embeddable":true,"href":"https:\/\/chinaminiloader.com\/fr\/wp-json\/wp\/v2\/product_cat?post=313"},{"taxonomy":"product_tag","embeddable":true,"href":"https:\/\/chinaminiloader.com\/fr\/wp-json\/wp\/v2\/product_tag?post=313"}],"curies":[{"name":"wp","href":"https:\/\/api.w.org\/{rel}","templated":true}]}}