{"id":280,"date":"2026-04-25T04:08:49","date_gmt":"2026-04-25T04:08:49","guid":{"rendered":"https:\/\/chinaminiloader.com\/?post_type=product&#038;p=280"},"modified":"2026-04-25T04:08:49","modified_gmt":"2026-04-25T04:08:49","slug":"remote-control-tracked-gasoline-lawn-mower-for-slope-use","status":"publish","type":"product","link":"https:\/\/chinaminiloader.com\/fr\/remote-control-tracked-gasoline-lawn-mower-for-slope-use\/","title":{"rendered":"Tondeuse \u00e0 essence sur chenilles t\u00e9l\u00e9command\u00e9e pour utilisation en pente"},"content":{"rendered":"<p>Notre tondeuse \u00e0 essence sur chenilles t\u00e9l\u00e9command\u00e9e est con\u00e7ue pour une gestion efficace de la v\u00e9g\u00e9tation sur les pentes, les vergers, les fermes, les parcs et les projets de bord de route. Le syst\u00e8me de chenilles en caoutchouc assure un d\u00e9placement stable sur les sols irr\u00e9guliers, tandis que le moteur \u00e0 essence offre des performances de coupe puissantes sans limite de c\u00e2ble. Les op\u00e9rateurs peuvent contr\u00f4ler la machine \u00e0 une distance plus s\u00fbre, ce qui r\u00e9duit le travail manuel et l'exposition aux d\u00e9bris. Le ch\u00e2ssis compact en acier, la protection avant, le bouton d'arr\u00eat d'urgence et le plateau de coupe robuste en font une machine adapt\u00e9e aux travaux ext\u00e9rieurs exigeants. C'est un choix pratique pour les entrepreneurs, les \u00e9quipes d'entretien municipal et les propri\u00e9taires fonciers qui ont besoin d'une flexibilit\u00e9 et d'une \u00e9conomie de main-d'\u0153uvre pour le contr\u00f4le de l'herbe et des mauvaises herbes.<\/p>","protected":false},"excerpt":{"rendered":"<p>Cette tondeuse \u00e0 essence sur chenilles t\u00e9l\u00e9command\u00e9e est con\u00e7ue pour la tonte de l'herbe sur les pentes, les vergers, les fermes et les bords de route. Le ch\u00e2ssis \u00e0 chenilles am\u00e9liore la traction et la stabilit\u00e9, tandis que la carrosserie compacte, le pare-chocs de protection et la t\u00e9l\u00e9commande aident les op\u00e9rateurs \u00e0 couper les mauvaises herbes \u00e0 une distance plus s\u00fbre et \u00e0 \u00e9conomiser rapidement de la main-d'\u0153uvre.<\/p>","protected":false},"featured_media":286,"template":"","meta":{"_gspb_post_css":""},"product_brand":[],"product_cat":[25,27],"product_tag":[80,64,82],"class_list":{"0":"post-280","1":"product","2":"type-product","3":"status-publish","4":"has-post-thumbnail","6":"product_cat-lawn-mower","7":"product_cat-crawler-lawn-mower","8":"product_tag-remote-control-lawn-mower","9":"product_tag-slope-grass-cutter","10":"product_tag-tracked-gasoline-mower","12":"first","13":"instock","14":"shipping-taxable","15":"product-type-simple"},"_links":{"self":[{"href":"https:\/\/chinaminiloader.com\/fr\/wp-json\/wp\/v2\/product\/280","targetHints":{"allow":["GET"]}}],"collection":[{"href":"https:\/\/chinaminiloader.com\/fr\/wp-json\/wp\/v2\/product"}],"about":[{"href":"https:\/\/chinaminiloader.com\/fr\/wp-json\/wp\/v2\/types\/product"}],"wp:featuredmedia":[{"embeddable":true,"href":"https:\/\/chinaminiloader.com\/fr\/wp-json\/wp\/v2\/media\/286"}],"wp:attachment":[{"href":"https:\/\/chinaminiloader.com\/fr\/wp-json\/wp\/v2\/media?parent=280"}],"wp:term":[{"taxonomy":"product_brand","embeddable":true,"href":"https:\/\/chinaminiloader.com\/fr\/wp-json\/wp\/v2\/product_brand?post=280"},{"taxonomy":"product_cat","embeddable":true,"href":"https:\/\/chinaminiloader.com\/fr\/wp-json\/wp\/v2\/product_cat?post=280"},{"taxonomy":"product_tag","embeddable":true,"href":"https:\/\/chinaminiloader.com\/fr\/wp-json\/wp\/v2\/product_tag?post=280"}],"curies":[{"name":"wp","href":"https:\/\/api.w.org\/{rel}","templated":true}]}}