{"id":235,"date":"2026-04-25T02:28:49","date_gmt":"2026-04-25T02:28:49","guid":{"rendered":"https:\/\/chinaminiloader.com\/?post_type=product&#038;p=235"},"modified":"2026-04-27T05:58:36","modified_gmt":"2026-04-27T05:58:36","slug":"remote-control-crawler-lawn-mower-for-slopes-rough-land","status":"publish","type":"product","link":"https:\/\/chinaminiloader.com\/fr\/remote-control-crawler-lawn-mower-for-slopes-rough-land\/","title":{"rendered":"Tondeuse \u00e0 chenilles t\u00e9l\u00e9command\u00e9e pour les pentes et les terrains accident\u00e9s"},"content":{"rendered":"<p>Notre tondeuse \u00e0 gazon sur chenilles t\u00e9l\u00e9command\u00e9e est sp\u00e9cialement con\u00e7ue pour une tonte efficace de l'herbe sur les pentes, les terrains in\u00e9gaux, les vergers et les grands espaces ext\u00e9rieurs. Dot\u00e9e d'un ch\u00e2ssis \u00e0 chenilles durable, d'un puissant moteur \u00e0 essence et d'un syst\u00e8me de lame de coupe de pr\u00e9cision, elle offre de solides performances de mont\u00e9e et un fonctionnement stable dans les environnements difficiles. La fonction de commande \u00e0 distance am\u00e9liore la s\u00e9curit\u00e9 de l'op\u00e9rateur et r\u00e9duit l'intensit\u00e9 du travail, en particulier sur les terrains escarp\u00e9s ou dangereux. Largement utilis\u00e9e dans les fermes, les jardins, les vignobles et les projets d'am\u00e9nagement paysager, cette machine offre une grande efficacit\u00e9 de tonte, un faible co\u00fbt d'entretien et des performances fiables \u00e0 long terme pour une gestion professionnelle de la v\u00e9g\u00e9tation.<\/p>","protected":false},"excerpt":{"rendered":"<p>Cette tondeuse \u00e0 chenilles t\u00e9l\u00e9command\u00e9e est con\u00e7ue pour les pentes raides, les vergers, les jardins et les terrains accident\u00e9s. \u00c9quip\u00e9e de chenilles en caoutchouc robustes, d'un moteur puissant et d'un syst\u00e8me de coupe \u00e0 haut rendement, elle assure un fonctionnement stable, une excellente capacit\u00e9 de mont\u00e9e et une tonte t\u00e9l\u00e9command\u00e9e en toute s\u00e9curit\u00e9.<\/p>","protected":false},"featured_media":965,"template":"","meta":{"_gspb_post_css":""},"product_brand":[],"product_cat":[25,27],"product_tag":[62,63,64],"class_list":{"0":"post-235","1":"product","2":"type-product","3":"status-publish","4":"has-post-thumbnail","6":"product_cat-lawn-mower","7":"product_cat-crawler-lawn-mower","8":"product_tag-crawler-lawn-mower","9":"product_tag-remote-control-mower","10":"product_tag-slope-grass-cutter","12":"first","13":"instock","14":"shipping-taxable","15":"product-type-simple"},"_links":{"self":[{"href":"https:\/\/chinaminiloader.com\/fr\/wp-json\/wp\/v2\/product\/235","targetHints":{"allow":["GET"]}}],"collection":[{"href":"https:\/\/chinaminiloader.com\/fr\/wp-json\/wp\/v2\/product"}],"about":[{"href":"https:\/\/chinaminiloader.com\/fr\/wp-json\/wp\/v2\/types\/product"}],"wp:featuredmedia":[{"embeddable":true,"href":"https:\/\/chinaminiloader.com\/fr\/wp-json\/wp\/v2\/media\/965"}],"wp:attachment":[{"href":"https:\/\/chinaminiloader.com\/fr\/wp-json\/wp\/v2\/media?parent=235"}],"wp:term":[{"taxonomy":"product_brand","embeddable":true,"href":"https:\/\/chinaminiloader.com\/fr\/wp-json\/wp\/v2\/product_brand?post=235"},{"taxonomy":"product_cat","embeddable":true,"href":"https:\/\/chinaminiloader.com\/fr\/wp-json\/wp\/v2\/product_cat?post=235"},{"taxonomy":"product_tag","embeddable":true,"href":"https:\/\/chinaminiloader.com\/fr\/wp-json\/wp\/v2\/product_tag?post=235"}],"curies":[{"name":"wp","href":"https:\/\/api.w.org\/{rel}","templated":true}]}}