{"id":224,"date":"2026-04-25T02:02:23","date_gmt":"2026-04-25T02:02:23","guid":{"rendered":"https:\/\/chinaminiloader.com\/?post_type=product&#038;p=224"},"modified":"2026-04-25T02:02:23","modified_gmt":"2026-04-25T02:02:23","slug":"hydraulic-cargo-lift-platform-for-warehouse-freight-use","status":"publish","type":"product","link":"https:\/\/chinaminiloader.com\/fr\/hydraulic-cargo-lift-platform-for-warehouse-freight-use\/","title":{"rendered":"Plate-forme \u00e9l\u00e9vatrice hydraulique pour entrep\u00f4ts de marchandises"},"content":{"rendered":"<p>Notre plate-forme \u00e9l\u00e9vatrice hydraulique de fret est une solution fiable pour le transport vertical de fret dans les environnements industriels. Largement utilis\u00e9e dans les entrep\u00f4ts, les ateliers, les usines et les chantiers de construction, elle assure un chargement et un d\u00e9chargement s\u00fbrs et efficaces des marchandises lourdes. Dot\u00e9e d'un cadre en acier solide et d'un syst\u00e8me de levage hydraulique stable, la plate-forme offre un fonctionnement en douceur, une capacit\u00e9 de charge \u00e9lev\u00e9e et une longue dur\u00e9e de vie. Les rails de s\u00e9curit\u00e9, les fonctions d'arr\u00eat d'urgence et les dimensions personnalisables de la plate-forme offrent une protection et une flexibilit\u00e9 accrues. Nous prenons en charge la fabrication OEM et personnalis\u00e9e en fonction de la hauteur de levage, de la capacit\u00e9 de charge et des exigences d'installation, afin d'aider les clients \u00e0 am\u00e9liorer leur flux de travail et \u00e0 r\u00e9duire les co\u00fbts de main-d'\u0153uvre.<\/p>","protected":false},"excerpt":{"rendered":"<p>Cette plate-forme \u00e9l\u00e9vatrice hydraulique est con\u00e7ue pour le transport vertical s\u00fbr et efficace de marchandises dans les entrep\u00f4ts, les usines et les chantiers de construction. Dot\u00e9e de performances de levage stables, d'une structure en acier solide et d'une capacit\u00e9 de charge personnalisable, elle am\u00e9liore l'efficacit\u00e9 de la manutention des mat\u00e9riaux.<\/p>","protected":false},"featured_media":227,"template":"","meta":{"_gspb_post_css":""},"product_brand":[],"product_cat":[19,21],"product_tag":[59,74,60],"class_list":{"0":"post-224","1":"product","2":"type-product","3":"status-publish","4":"has-post-thumbnail","6":"product_cat-freight-elevator","7":"product_cat-hydraulic-freight-elevator","8":"product_tag-hydraulic-cargo-lift","9":"product_tag-material-handling-platform","10":"product_tag-warehouse-freight-elevator","12":"first","13":"instock","14":"shipping-taxable","15":"product-type-simple"},"_links":{"self":[{"href":"https:\/\/chinaminiloader.com\/fr\/wp-json\/wp\/v2\/product\/224","targetHints":{"allow":["GET"]}}],"collection":[{"href":"https:\/\/chinaminiloader.com\/fr\/wp-json\/wp\/v2\/product"}],"about":[{"href":"https:\/\/chinaminiloader.com\/fr\/wp-json\/wp\/v2\/types\/product"}],"wp:featuredmedia":[{"embeddable":true,"href":"https:\/\/chinaminiloader.com\/fr\/wp-json\/wp\/v2\/media\/227"}],"wp:attachment":[{"href":"https:\/\/chinaminiloader.com\/fr\/wp-json\/wp\/v2\/media?parent=224"}],"wp:term":[{"taxonomy":"product_brand","embeddable":true,"href":"https:\/\/chinaminiloader.com\/fr\/wp-json\/wp\/v2\/product_brand?post=224"},{"taxonomy":"product_cat","embeddable":true,"href":"https:\/\/chinaminiloader.com\/fr\/wp-json\/wp\/v2\/product_cat?post=224"},{"taxonomy":"product_tag","embeddable":true,"href":"https:\/\/chinaminiloader.com\/fr\/wp-json\/wp\/v2\/product_tag?post=224"}],"curies":[{"name":"wp","href":"https:\/\/api.w.org\/{rel}","templated":true}]}}