{"id":173,"date":"2026-04-24T11:41:52","date_gmt":"2026-04-24T11:41:52","guid":{"rendered":"https:\/\/chinaminiloader.com\/?post_type=product&#038;p=173"},"modified":"2026-04-24T11:41:52","modified_gmt":"2026-04-24T11:41:52","slug":"remote-control-crawler-gasoline-lawn-mower-for-slopes","status":"publish","type":"product","link":"https:\/\/chinaminiloader.com\/fr\/remote-control-crawler-gasoline-lawn-mower-for-slopes\/","title":{"rendered":"Tondeuse \u00e0 gazon \u00e0 essence t\u00e9l\u00e9command\u00e9e pour les pentes"},"content":{"rendered":"<p>Notre tondeuse \u00e0 gazon \u00e0 essence sur chenilles t\u00e9l\u00e9command\u00e9e est sp\u00e9cialement con\u00e7ue pour les environnements de tonte difficiles tels que les coteaux, les vergers, les prairies, les berges des rivi\u00e8res et les terrains accident\u00e9s. Aliment\u00e9e par un moteur \u00e0 essence fiable, elle offre une puissance \u00e9lev\u00e9e, d'excellentes performances en mont\u00e9e et un fonctionnement stable sur les pentes raides. Le syst\u00e8me de chenilles am\u00e9liore la traction et la mobilit\u00e9 tout en r\u00e9duisant la pression au sol. Gr\u00e2ce \u00e0 la commande \u00e0 distance, les utilisateurs peuvent g\u00e9rer en toute s\u00e9curit\u00e9 les t\u00e2ches de tonte \u00e0 distance, ce qui am\u00e9liore la s\u00e9curit\u00e9 et l'efficacit\u00e9 du travail. Cette machine est id\u00e9ale pour l'agriculture, l'entretien des paysages et la gestion commerciale de la v\u00e9g\u00e9tation, l\u00e0 o\u00f9 les tondeuses traditionnelles ne peuvent pas fonctionner facilement.<\/p>","protected":false},"excerpt":{"rendered":"<p>Cette tondeuse \u00e0 essence sur chenilles t\u00e9l\u00e9command\u00e9e est con\u00e7ue pour les pentes raides, les vergers, les champs et les terrains accident\u00e9s. \u00c9quip\u00e9e d'un puissant moteur \u00e0 essence, de chenilles durables et d'une forte capacit\u00e9 \u00e0 grimper, elle permet de tondre efficacement l'herbe tout en \u00e9tant command\u00e9e \u00e0 distance en toute s\u00e9curit\u00e9.<\/p>","protected":false},"featured_media":176,"template":"","meta":{"_gspb_post_css":""},"product_brand":[],"product_cat":[25,26],"product_tag":[66,67,65],"class_list":{"0":"post-173","1":"product","2":"type-product","3":"status-publish","4":"has-post-thumbnail","6":"product_cat-lawn-mower","7":"product_cat-4wd-lawn-mower","8":"product_tag-crawler-grass-cutter","9":"product_tag-gasoline-slope-mower","10":"product_tag-remote-lawn-mower","12":"first","13":"instock","14":"shipping-taxable","15":"product-type-simple"},"_links":{"self":[{"href":"https:\/\/chinaminiloader.com\/fr\/wp-json\/wp\/v2\/product\/173","targetHints":{"allow":["GET"]}}],"collection":[{"href":"https:\/\/chinaminiloader.com\/fr\/wp-json\/wp\/v2\/product"}],"about":[{"href":"https:\/\/chinaminiloader.com\/fr\/wp-json\/wp\/v2\/types\/product"}],"wp:featuredmedia":[{"embeddable":true,"href":"https:\/\/chinaminiloader.com\/fr\/wp-json\/wp\/v2\/media\/176"}],"wp:attachment":[{"href":"https:\/\/chinaminiloader.com\/fr\/wp-json\/wp\/v2\/media?parent=173"}],"wp:term":[{"taxonomy":"product_brand","embeddable":true,"href":"https:\/\/chinaminiloader.com\/fr\/wp-json\/wp\/v2\/product_brand?post=173"},{"taxonomy":"product_cat","embeddable":true,"href":"https:\/\/chinaminiloader.com\/fr\/wp-json\/wp\/v2\/product_cat?post=173"},{"taxonomy":"product_tag","embeddable":true,"href":"https:\/\/chinaminiloader.com\/fr\/wp-json\/wp\/v2\/product_tag?post=173"}],"curies":[{"name":"wp","href":"https:\/\/api.w.org\/{rel}","templated":true}]}}