{"id":161,"date":"2026-04-24T11:28:59","date_gmt":"2026-04-24T11:28:59","guid":{"rendered":"https:\/\/chinaminiloader.com\/?post_type=product&#038;p=161"},"modified":"2026-04-27T04:05:27","modified_gmt":"2026-04-27T04:05:27","slug":"remote-control-crawler-lawn-mower-for-slope-grass-cutting","status":"publish","type":"product","link":"https:\/\/chinaminiloader.com\/fr\/remote-control-crawler-lawn-mower-for-slope-grass-cutting\/","title":{"rendered":"Tondeuse \u00e0 gazon sur chenilles t\u00e9l\u00e9command\u00e9e pour la tonte de l'herbe en pente"},"content":{"rendered":"<p>Notre tondeuse \u00e0 chenilles t\u00e9l\u00e9command\u00e9e est sp\u00e9cialement con\u00e7ue pour une tonte efficace sur les pentes, les vergers, les bords de route et autres terrains complexes. Aliment\u00e9e par un moteur \u00e0 essence fiable de 9 CV, elle offre des performances \u00e9lev\u00e9es avec une faible consommation de carburant et un entretien facile. Les chenilles en caoutchouc r\u00e9sistant \u00e0 l'usure offrent une excellente adh\u00e9rence, une capacit\u00e9 antid\u00e9rapante et permettent de grimper sur des pentes de 30 \u00e0 50 degr\u00e9s sans endommager le sol. La commande \u00e0 distance am\u00e9liore la s\u00e9curit\u00e9 et r\u00e9duit l'intensit\u00e9 du travail, tandis que les caract\u00e9ristiques telles que le d\u00e9marrage par touche unique, le r\u00e9glage de la vitesse, l'arr\u00eat d'urgence et la souplesse de man\u0153uvre en font la machine id\u00e9ale pour les travaux professionnels d'am\u00e9nagement paysager et d'entretien des terres agricoles.<\/p>","protected":false},"excerpt":{"rendered":"<p>Cette tondeuse \u00e0 chenilles t\u00e9l\u00e9command\u00e9e est con\u00e7ue pour tondre efficacement l'herbe sur les pentes, les terrains accident\u00e9s et les grandes surfaces ext\u00e9rieures. \u00c9quip\u00e9e d'un puissant moteur \u00e0 essence, de chenilles en caoutchouc r\u00e9sistantes \u00e0 l'usure et d'une commande \u00e0 distance flexible, elle garantit des performances de tonte s\u00fbres, stables et \u00e9conomes en main-d'\u0153uvre.<\/p>","protected":false},"featured_media":166,"template":"","meta":{"_gspb_post_css":""},"product_brand":[],"product_cat":[25,27],"product_tag":[62,63,64],"class_list":{"0":"post-161","1":"product","2":"type-product","3":"status-publish","4":"has-post-thumbnail","6":"product_cat-lawn-mower","7":"product_cat-crawler-lawn-mower","8":"product_tag-crawler-lawn-mower","9":"product_tag-remote-control-mower","10":"product_tag-slope-grass-cutter","12":"first","13":"instock","14":"shipping-taxable","15":"product-type-simple"},"_links":{"self":[{"href":"https:\/\/chinaminiloader.com\/fr\/wp-json\/wp\/v2\/product\/161","targetHints":{"allow":["GET"]}}],"collection":[{"href":"https:\/\/chinaminiloader.com\/fr\/wp-json\/wp\/v2\/product"}],"about":[{"href":"https:\/\/chinaminiloader.com\/fr\/wp-json\/wp\/v2\/types\/product"}],"wp:featuredmedia":[{"embeddable":true,"href":"https:\/\/chinaminiloader.com\/fr\/wp-json\/wp\/v2\/media\/166"}],"wp:attachment":[{"href":"https:\/\/chinaminiloader.com\/fr\/wp-json\/wp\/v2\/media?parent=161"}],"wp:term":[{"taxonomy":"product_brand","embeddable":true,"href":"https:\/\/chinaminiloader.com\/fr\/wp-json\/wp\/v2\/product_brand?post=161"},{"taxonomy":"product_cat","embeddable":true,"href":"https:\/\/chinaminiloader.com\/fr\/wp-json\/wp\/v2\/product_cat?post=161"},{"taxonomy":"product_tag","embeddable":true,"href":"https:\/\/chinaminiloader.com\/fr\/wp-json\/wp\/v2\/product_tag?post=161"}],"curies":[{"name":"wp","href":"https:\/\/api.w.org\/{rel}","templated":true}]}}