{"id":1203,"date":"2026-04-27T09:37:21","date_gmt":"2026-04-27T09:37:21","guid":{"rendered":"https:\/\/chinaminiloader.com\/?post_type=product&#038;p=1203"},"modified":"2026-04-27T09:37:21","modified_gmt":"2026-04-27T09:37:21","slug":"remote-control-tracked-flail-mower-4wd-slope-cutter-pro","status":"publish","type":"product","link":"https:\/\/chinaminiloader.com\/fr\/remote-control-tracked-flail-mower-4wd-slope-cutter-pro\/","title":{"rendered":"Faucheuse \u00e0 chenilles t\u00e9l\u00e9command\u00e9e 4WD Slope Cutter Pro"},"content":{"rendered":"<p>Notre faucheuse \u00e0 chenilles t\u00e9l\u00e9command\u00e9e est con\u00e7ue pour les environnements exigeants o\u00f9 les faucheuses traditionnelles ne peuvent pas fonctionner en toute s\u00e9curit\u00e9. \u00c9quip\u00e9e d'un robuste syst\u00e8me \u00e0 quatre roues motrices sur chenilles, elle offre une stabilit\u00e9 et une traction excellentes sur les pentes, les mar\u00e9cages et les terrains accident\u00e9s. La fonction de commande \u00e0 distance am\u00e9liore la s\u00e9curit\u00e9 et l'efficacit\u00e9 de l'op\u00e9rateur, en lui permettant d'effectuer des man\u0153uvres pr\u00e9cises \u00e0 distance. Construite avec un ch\u00e2ssis durable et un moteur haute performance, cette tondeuse est id\u00e9ale pour l'agriculture, l'am\u00e9nagement paysager et l'entretien des bords de route. Sa conception compacte permet un transport facile tout en conservant des capacit\u00e9s de coupe puissantes, ce qui en fait une solution fiable pour la gestion professionnelle de la v\u00e9g\u00e9tation.<\/p>","protected":false},"excerpt":{"rendered":"<p>Cette tondeuse \u00e0 fl\u00e9aux sur chenilles t\u00e9l\u00e9command\u00e9e est dot\u00e9e d'un puissant syst\u00e8me \u00e0 quatre roues motrices et de chenilles antid\u00e9rapantes, ce qui la rend id\u00e9ale pour les pentes raides et les terrains accident\u00e9s. Con\u00e7ue pour couper efficacement l'herbe et les broussailles, elle garantit un fonctionnement s\u00fbr, stable et performant dans les environnements agricoles et paysagers.<\/p>","protected":false},"featured_media":1206,"template":"","meta":{"_gspb_post_css":""},"product_brand":[],"product_cat":[26],"product_tag":[63,225,143],"class_list":{"0":"post-1203","1":"product","2":"type-product","3":"status-publish","4":"has-post-thumbnail","6":"product_cat-4wd-lawn-mower","7":"product_tag-remote-control-mower","8":"product_tag-slope-grass-cutte","9":"product_tag-tracked-mower","11":"first","12":"instock","13":"shipping-taxable","14":"product-type-simple"},"_links":{"self":[{"href":"https:\/\/chinaminiloader.com\/fr\/wp-json\/wp\/v2\/product\/1203","targetHints":{"allow":["GET"]}}],"collection":[{"href":"https:\/\/chinaminiloader.com\/fr\/wp-json\/wp\/v2\/product"}],"about":[{"href":"https:\/\/chinaminiloader.com\/fr\/wp-json\/wp\/v2\/types\/product"}],"wp:featuredmedia":[{"embeddable":true,"href":"https:\/\/chinaminiloader.com\/fr\/wp-json\/wp\/v2\/media\/1206"}],"wp:attachment":[{"href":"https:\/\/chinaminiloader.com\/fr\/wp-json\/wp\/v2\/media?parent=1203"}],"wp:term":[{"taxonomy":"product_brand","embeddable":true,"href":"https:\/\/chinaminiloader.com\/fr\/wp-json\/wp\/v2\/product_brand?post=1203"},{"taxonomy":"product_cat","embeddable":true,"href":"https:\/\/chinaminiloader.com\/fr\/wp-json\/wp\/v2\/product_cat?post=1203"},{"taxonomy":"product_tag","embeddable":true,"href":"https:\/\/chinaminiloader.com\/fr\/wp-json\/wp\/v2\/product_tag?post=1203"}],"curies":[{"name":"wp","href":"https:\/\/api.w.org\/{rel}","templated":true}]}}