{"id":1192,"date":"2026-04-27T09:29:32","date_gmt":"2026-04-27T09:29:32","guid":{"rendered":"https:\/\/chinaminiloader.com\/?post_type=product&#038;p=1192"},"modified":"2026-04-27T09:29:32","modified_gmt":"2026-04-27T09:29:32","slug":"remote-control-4wd-lawn-mower-for-rough-terrain-use","status":"publish","type":"product","link":"https:\/\/chinaminiloader.com\/fr\/remote-control-4wd-lawn-mower-for-rough-terrain-use\/","title":{"rendered":"Tondeuse \u00e0 gazon t\u00e9l\u00e9command\u00e9e \u00e0 4 roues motrices pour utilisation en terrain accident\u00e9"},"content":{"rendered":"<p>La tondeuse \u00e0 gazon t\u00e9l\u00e9command\u00e9e \u00e0 quatre roues motrices est une solution performante pour tondre l'herbe dans des environnements difficiles et dangereux. Dot\u00e9e d'un moteur robuste, d'un ch\u00e2ssis en acier durable et de pneus tout-terrain, elle assure stabilit\u00e9 et efficacit\u00e9 sur les pentes, les collines et les terrains irr\u00e9guliers. Le syst\u00e8me de commande \u00e0 distance sans fil permet de travailler en toute s\u00e9curit\u00e9 \u00e0 distance, ce qui r\u00e9duit l'intensit\u00e9 du travail et am\u00e9liore la productivit\u00e9. Sa conception compacte permet de la man\u0153uvrer facilement dans les espaces restreints tout en conservant une grande puissance de coupe. Largement utilis\u00e9e dans l'agriculture, l'am\u00e9nagement paysager, les vergers et l'entretien des bords de route, cette machine est con\u00e7ue pour offrir fiabilit\u00e9, s\u00e9curit\u00e9 et performances \u00e0 long terme dans des conditions exigeantes.<\/p>","protected":false},"excerpt":{"rendered":"<p>Cette tondeuse \u00e0 gazon t\u00e9l\u00e9command\u00e9e \u00e0 quatre roues motrices est con\u00e7ue pour une tonte efficace de l'herbe dans les environnements difficiles. \u00c9quip\u00e9e d'un moteur puissant, de pneus robustes et d'un ch\u00e2ssis stable, elle franchit facilement les pentes, les terrains accident\u00e9s et la v\u00e9g\u00e9tation dense. Id\u00e9ale pour l'agriculture, les bords de route et l'industrie.<\/p>","protected":false},"featured_media":1193,"template":"","meta":{"_gspb_post_css":""},"product_brand":[],"product_cat":[26],"product_tag":[223,116,65],"class_list":{"0":"post-1192","1":"product","2":"type-product","3":"status-publish","4":"has-post-thumbnail","6":"product_cat-4wd-lawn-mower","7":"product_tag-4wd-grass-cutter","8":"product_tag-all-terrain-mower","9":"product_tag-remote-lawn-mower","11":"first","12":"instock","13":"shipping-taxable","14":"product-type-simple"},"_links":{"self":[{"href":"https:\/\/chinaminiloader.com\/fr\/wp-json\/wp\/v2\/product\/1192","targetHints":{"allow":["GET"]}}],"collection":[{"href":"https:\/\/chinaminiloader.com\/fr\/wp-json\/wp\/v2\/product"}],"about":[{"href":"https:\/\/chinaminiloader.com\/fr\/wp-json\/wp\/v2\/types\/product"}],"wp:featuredmedia":[{"embeddable":true,"href":"https:\/\/chinaminiloader.com\/fr\/wp-json\/wp\/v2\/media\/1193"}],"wp:attachment":[{"href":"https:\/\/chinaminiloader.com\/fr\/wp-json\/wp\/v2\/media?parent=1192"}],"wp:term":[{"taxonomy":"product_brand","embeddable":true,"href":"https:\/\/chinaminiloader.com\/fr\/wp-json\/wp\/v2\/product_brand?post=1192"},{"taxonomy":"product_cat","embeddable":true,"href":"https:\/\/chinaminiloader.com\/fr\/wp-json\/wp\/v2\/product_cat?post=1192"},{"taxonomy":"product_tag","embeddable":true,"href":"https:\/\/chinaminiloader.com\/fr\/wp-json\/wp\/v2\/product_tag?post=1192"}],"curies":[{"name":"wp","href":"https:\/\/api.w.org\/{rel}","templated":true}]}}