{"id":1187,"date":"2026-04-27T09:25:57","date_gmt":"2026-04-27T09:25:57","guid":{"rendered":"https:\/\/chinaminiloader.com\/?post_type=product&#038;p=1187"},"modified":"2026-04-27T09:25:57","modified_gmt":"2026-04-27T09:25:57","slug":"remote-control-all-terrain-4wd-lawn-mower-robot","status":"publish","type":"product","link":"https:\/\/chinaminiloader.com\/fr\/remote-control-all-terrain-4wd-lawn-mower-robot\/","title":{"rendered":"Robot tondeuse tout terrain t\u00e9l\u00e9command\u00e9 \u00e0 4 roues motrices"},"content":{"rendered":"<p>La tondeuse tout-terrain t\u00e9l\u00e9command\u00e9e est con\u00e7ue pour une tonte performante dans les environnements difficiles. Dot\u00e9e d'un robuste syst\u00e8me \u00e0 quatre roues motrices, elle se faufile facilement sur les terrains irr\u00e9guliers, les pentes et la v\u00e9g\u00e9tation dense. Le moteur puissant assure une efficacit\u00e9 de coupe constante, tandis que la t\u00e9l\u00e9commande sans fil am\u00e9liore la s\u00e9curit\u00e9 et la commodit\u00e9 de l'op\u00e9rateur. Construite avec un ch\u00e2ssis en acier durable et des pneus r\u00e9sistants, cette machine est id\u00e9ale pour les champs agricoles, l'entretien des bords de route, les vergers et l'am\u00e9nagement paysager industriel. Sa conception compacte mais robuste permet une utilisation flexible dans les zones difficiles d'acc\u00e8s, ce qui en fait une solution fiable pour les t\u00e2ches professionnelles de gestion des terres et de contr\u00f4le de la v\u00e9g\u00e9tation.<\/p>","protected":false},"excerpt":{"rendered":"<p>Cette tondeuse \u00e0 gazon t\u00e9l\u00e9command\u00e9e \u00e0 quatre roues motrices est con\u00e7ue pour les terrains difficiles et les pentes raides. \u00c9quip\u00e9e d'un moteur puissant, d'un ch\u00e2ssis en acier durable et de pneus tout-terrain, elle permet une tonte efficace de l'herbe avec une s\u00e9curit\u00e9 et une maniabilit\u00e9 accrues, ce qui est id\u00e9al pour l'agriculture, l'am\u00e9nagement paysager et l'utilisation industrielle.<\/p>","protected":false},"featured_media":1188,"template":"","meta":{"_gspb_post_css":""},"product_brand":[],"product_cat":[26],"product_tag":[223,222,63],"class_list":{"0":"post-1187","1":"product","2":"type-product","3":"status-publish","4":"has-post-thumbnail","6":"product_cat-4wd-lawn-mower","7":"product_tag-4wd-grass-cutter","8":"product_tag-all-terrain-lawn-mower","9":"product_tag-remote-control-mower","11":"first","12":"instock","13":"shipping-taxable","14":"product-type-simple"},"_links":{"self":[{"href":"https:\/\/chinaminiloader.com\/fr\/wp-json\/wp\/v2\/product\/1187","targetHints":{"allow":["GET"]}}],"collection":[{"href":"https:\/\/chinaminiloader.com\/fr\/wp-json\/wp\/v2\/product"}],"about":[{"href":"https:\/\/chinaminiloader.com\/fr\/wp-json\/wp\/v2\/types\/product"}],"wp:featuredmedia":[{"embeddable":true,"href":"https:\/\/chinaminiloader.com\/fr\/wp-json\/wp\/v2\/media\/1188"}],"wp:attachment":[{"href":"https:\/\/chinaminiloader.com\/fr\/wp-json\/wp\/v2\/media?parent=1187"}],"wp:term":[{"taxonomy":"product_brand","embeddable":true,"href":"https:\/\/chinaminiloader.com\/fr\/wp-json\/wp\/v2\/product_brand?post=1187"},{"taxonomy":"product_cat","embeddable":true,"href":"https:\/\/chinaminiloader.com\/fr\/wp-json\/wp\/v2\/product_cat?post=1187"},{"taxonomy":"product_tag","embeddable":true,"href":"https:\/\/chinaminiloader.com\/fr\/wp-json\/wp\/v2\/product_tag?post=1187"}],"curies":[{"name":"wp","href":"https:\/\/api.w.org\/{rel}","templated":true}]}}