{"id":1181,"date":"2026-04-27T09:22:58","date_gmt":"2026-04-27T09:22:58","guid":{"rendered":"https:\/\/chinaminiloader.com\/?post_type=product&#038;p=1181"},"modified":"2026-04-27T09:22:58","modified_gmt":"2026-04-27T09:22:58","slug":"remote-control-tracked-lawn-mower-for-slopes-and-rough-terrain","status":"publish","type":"product","link":"https:\/\/chinaminiloader.com\/fr\/remote-control-tracked-lawn-mower-for-slopes-and-rough-terrain\/","title":{"rendered":"Tondeuse \u00e0 chenilles t\u00e9l\u00e9command\u00e9e pour les pentes et les terrains accident\u00e9s"},"content":{"rendered":"<p>Notre tondeuse \u00e0 gazon sur chenilles t\u00e9l\u00e9command\u00e9e est con\u00e7ue pour les environnements exigeants o\u00f9 les tondeuses traditionnelles ne peuvent pas fonctionner efficacement. Gr\u00e2ce \u00e0 sa conception robuste \u00e0 chenilles, elle offre une excellente traction sur les pentes raides, les sols humides et les terrains irr\u00e9guliers. La machine est propuls\u00e9e par un moteur haute performance, offrant une grande capacit\u00e9 de coupe pour l'herbe dense et les mauvaises herbes. La commande \u00e0 distance renforce la s\u00e9curit\u00e9 en permettant \u00e0 l'op\u00e9rateur de contr\u00f4ler la tondeuse \u00e0 distance, ce qui r\u00e9duit les risques dans les zones dangereuses. Id\u00e9ale pour l'agriculture, les vergers, l'entretien des bords de route et les sites industriels, cette tondeuse allie efficacit\u00e9, durabilit\u00e9 et facilit\u00e9 d'utilisation, ce qui en fait une solution fiable pour la gestion professionnelle de la v\u00e9g\u00e9tation.<\/p>","protected":false},"excerpt":{"rendered":"<p>Cette tondeuse \u00e0 chenilles t\u00e9l\u00e9command\u00e9e est con\u00e7ue pour une tonte efficace de l'herbe sur les pentes, les terrains accident\u00e9s et la v\u00e9g\u00e9tation dense. \u00c9quip\u00e9e d'un moteur puissant et de chenilles durables, elle garantit stabilit\u00e9, s\u00e9curit\u00e9 et performances \u00e9lev\u00e9es dans les applications agricoles, routi\u00e8res et industrielles.<\/p>","protected":false},"featured_media":1185,"template":"","meta":{"_gspb_post_css":""},"product_brand":[],"product_cat":[27],"product_tag":[142,221,115],"class_list":{"0":"post-1181","1":"product","2":"type-product","3":"status-publish","4":"has-post-thumbnail","6":"product_cat-crawler-lawn-mower","7":"product_tag-remote-mower","8":"product_tag-slope-lawn-mower","9":"product_tag-tracked-grass-cutter","11":"first","12":"instock","13":"shipping-taxable","14":"product-type-simple"},"_links":{"self":[{"href":"https:\/\/chinaminiloader.com\/fr\/wp-json\/wp\/v2\/product\/1181","targetHints":{"allow":["GET"]}}],"collection":[{"href":"https:\/\/chinaminiloader.com\/fr\/wp-json\/wp\/v2\/product"}],"about":[{"href":"https:\/\/chinaminiloader.com\/fr\/wp-json\/wp\/v2\/types\/product"}],"wp:featuredmedia":[{"embeddable":true,"href":"https:\/\/chinaminiloader.com\/fr\/wp-json\/wp\/v2\/media\/1185"}],"wp:attachment":[{"href":"https:\/\/chinaminiloader.com\/fr\/wp-json\/wp\/v2\/media?parent=1181"}],"wp:term":[{"taxonomy":"product_brand","embeddable":true,"href":"https:\/\/chinaminiloader.com\/fr\/wp-json\/wp\/v2\/product_brand?post=1181"},{"taxonomy":"product_cat","embeddable":true,"href":"https:\/\/chinaminiloader.com\/fr\/wp-json\/wp\/v2\/product_cat?post=1181"},{"taxonomy":"product_tag","embeddable":true,"href":"https:\/\/chinaminiloader.com\/fr\/wp-json\/wp\/v2\/product_tag?post=1181"}],"curies":[{"name":"wp","href":"https:\/\/api.w.org\/{rel}","templated":true}]}}