{"id":1173,"date":"2026-04-27T09:20:19","date_gmt":"2026-04-27T09:20:19","guid":{"rendered":"https:\/\/chinaminiloader.com\/?post_type=product&#038;p=1173"},"modified":"2026-04-27T09:20:19","modified_gmt":"2026-04-27T09:20:19","slug":"remote-control-track-mulching-mower-for-tough-terrain","status":"publish","type":"product","link":"https:\/\/chinaminiloader.com\/fr\/remote-control-track-mulching-mower-for-tough-terrain\/","title":{"rendered":"Tondeuse mulching \u00e0 chenilles t\u00e9l\u00e9command\u00e9e pour terrains difficiles"},"content":{"rendered":"<p>Notre tondeuse mulcheuse \u00e0 chenilles t\u00e9l\u00e9command\u00e9e est con\u00e7ue pour une gestion tr\u00e8s efficace de la v\u00e9g\u00e9tation sur les terrains difficiles. \u00c9quip\u00e9e d'un moteur puissant et d'un ch\u00e2ssis \u00e0 chenilles robuste, elle offre une stabilit\u00e9 et une traction excellentes sur les pentes, les prairies et les surfaces irr\u00e9guli\u00e8res. La commande \u00e0 distance renforce la s\u00e9curit\u00e9 en permettant \u00e0 l'op\u00e9rateur de travailler \u00e0 distance dans des conditions dangereuses. Son syst\u00e8me de broyage avanc\u00e9 assure une coupe fine et r\u00e9guli\u00e8re, ce qui r\u00e9duit le temps d'entretien. Id\u00e9ale pour les am\u00e9nagements paysagers, l'agriculture et les applications municipales, cette machine allie durabilit\u00e9, pr\u00e9cision et facilit\u00e9 d'utilisation pour r\u00e9pondre aux besoins des utilisateurs professionnels \u00e0 la recherche de solutions de tonte fiables et efficaces.<\/p>","protected":false},"excerpt":{"rendered":"<p>Cette tondeuse mulcheuse \u00e0 chenilles t\u00e9l\u00e9command\u00e9e est con\u00e7ue pour un contr\u00f4le efficace de la v\u00e9g\u00e9tation sur les pentes, les terrains accident\u00e9s et les zones difficiles d'acc\u00e8s. Dot\u00e9e d'un moteur puissant, de chenilles durables et d'un syst\u00e8me de coupe robuste, elle assure une tonte s\u00fbre, pr\u00e9cise et performante dans les environnements exigeants.<\/p>","protected":false},"featured_media":1178,"template":"","meta":{"_gspb_post_css":""},"product_brand":[],"product_cat":[27],"product_tag":[220,63,219],"class_list":{"0":"post-1173","1":"product","2":"type-product","3":"status-publish","4":"has-post-thumbnail","6":"product_cat-crawler-lawn-mower","7":"product_tag-mulching-machine","8":"product_tag-remote-control-mower","9":"product_tag-track-mower","11":"first","12":"instock","13":"shipping-taxable","14":"product-type-simple"},"_links":{"self":[{"href":"https:\/\/chinaminiloader.com\/fr\/wp-json\/wp\/v2\/product\/1173","targetHints":{"allow":["GET"]}}],"collection":[{"href":"https:\/\/chinaminiloader.com\/fr\/wp-json\/wp\/v2\/product"}],"about":[{"href":"https:\/\/chinaminiloader.com\/fr\/wp-json\/wp\/v2\/types\/product"}],"wp:featuredmedia":[{"embeddable":true,"href":"https:\/\/chinaminiloader.com\/fr\/wp-json\/wp\/v2\/media\/1178"}],"wp:attachment":[{"href":"https:\/\/chinaminiloader.com\/fr\/wp-json\/wp\/v2\/media?parent=1173"}],"wp:term":[{"taxonomy":"product_brand","embeddable":true,"href":"https:\/\/chinaminiloader.com\/fr\/wp-json\/wp\/v2\/product_brand?post=1173"},{"taxonomy":"product_cat","embeddable":true,"href":"https:\/\/chinaminiloader.com\/fr\/wp-json\/wp\/v2\/product_cat?post=1173"},{"taxonomy":"product_tag","embeddable":true,"href":"https:\/\/chinaminiloader.com\/fr\/wp-json\/wp\/v2\/product_tag?post=1173"}],"curies":[{"name":"wp","href":"https:\/\/api.w.org\/{rel}","templated":true}]}}