{"id":117,"date":"2026-04-24T10:57:17","date_gmt":"2026-04-24T10:57:17","guid":{"rendered":"https:\/\/chinaminiloader.com\/?post_type=product&#038;p=117"},"modified":"2026-04-24T10:57:17","modified_gmt":"2026-04-24T10:57:17","slug":"heavy-duty-electric-freight-elevator-cargo-lift-platform","status":"publish","type":"product","link":"https:\/\/chinaminiloader.com\/fr\/heavy-duty-electric-freight-elevator-cargo-lift-platform\/","title":{"rendered":"Plateforme \u00e9l\u00e9vatrice \u00e9lectrique de fret pour charges lourdes"},"content":{"rendered":"<p>Notre monte-charge \u00e9lectrique est une solution pratique pour soulever des marchandises de mani\u00e8re s\u00fbre et efficace dans les environnements industriels. Il est dot\u00e9 d'une structure en acier solide, d'un moteur de haute qualit\u00e9, de c\u00e2bles en acier \u00e9pais et d'une protection fiable contre les chutes pour une s\u00e9curit\u00e9 accrue. Adapt\u00e9 aux entrep\u00f4ts, aux usines, aux ateliers et aux chantiers de construction, ce monte-charge am\u00e9liore l'efficacit\u00e9 du travail et r\u00e9duit les t\u00e2ches manuelles. La conception compacte \u00e0 montage mural permet d'\u00e9conomiser l'espace d'installation tout en offrant des performances de levage stables. La capacit\u00e9 de charge, la hauteur de levage et la taille de la plate-forme sont personnalisables, ce qui permet de r\u00e9pondre \u00e0 diverses exigences en mati\u00e8re de manutention. Elle est durable, facile \u00e0 utiliser et con\u00e7ue pour une utilisation industrielle \u00e0 long terme.<\/p>","protected":false},"excerpt":{"rendered":"<p>Ce monte-charge \u00e9lectrique est con\u00e7u pour le transport vertical de marchandises en toute s\u00e9curit\u00e9 et efficacit\u00e9. Dot\u00e9 d'un cadre en acier robuste, de c\u00e2bles m\u00e9talliques r\u00e9sistants et d'un syst\u00e8me de moteur fiable, il est id\u00e9al pour les entrep\u00f4ts, les usines, les ateliers et le levage de mat\u00e9riaux de construction.<\/p>","protected":false},"featured_media":125,"template":"","meta":{"_gspb_post_css":""},"product_brand":[],"product_cat":[19,20],"product_tag":[32,31,58],"class_list":{"0":"post-117","1":"product","2":"type-product","3":"status-publish","4":"has-post-thumbnail","6":"product_cat-freight-elevator","7":"product_cat-electric-freight-elevator","8":"product_tag-cargo-lift-platform","9":"product_tag-freight-elevator","10":"product_tag-material-handling-lift","12":"first","13":"instock","14":"shipping-taxable","15":"product-type-simple"},"_links":{"self":[{"href":"https:\/\/chinaminiloader.com\/fr\/wp-json\/wp\/v2\/product\/117","targetHints":{"allow":["GET"]}}],"collection":[{"href":"https:\/\/chinaminiloader.com\/fr\/wp-json\/wp\/v2\/product"}],"about":[{"href":"https:\/\/chinaminiloader.com\/fr\/wp-json\/wp\/v2\/types\/product"}],"wp:featuredmedia":[{"embeddable":true,"href":"https:\/\/chinaminiloader.com\/fr\/wp-json\/wp\/v2\/media\/125"}],"wp:attachment":[{"href":"https:\/\/chinaminiloader.com\/fr\/wp-json\/wp\/v2\/media?parent=117"}],"wp:term":[{"taxonomy":"product_brand","embeddable":true,"href":"https:\/\/chinaminiloader.com\/fr\/wp-json\/wp\/v2\/product_brand?post=117"},{"taxonomy":"product_cat","embeddable":true,"href":"https:\/\/chinaminiloader.com\/fr\/wp-json\/wp\/v2\/product_cat?post=117"},{"taxonomy":"product_tag","embeddable":true,"href":"https:\/\/chinaminiloader.com\/fr\/wp-json\/wp\/v2\/product_tag?post=117"}],"curies":[{"name":"wp","href":"https:\/\/api.w.org\/{rel}","templated":true}]}}