{"id":1168,"date":"2026-04-27T09:17:32","date_gmt":"2026-04-27T09:17:32","guid":{"rendered":"https:\/\/chinaminiloader.com\/?post_type=product&#038;p=1168"},"modified":"2026-04-27T09:17:33","modified_gmt":"2026-04-27T09:17:33","slug":"remote-control-tracked-lawn-mower-with-all-terrain-design","status":"publish","type":"product","link":"https:\/\/chinaminiloader.com\/fr\/remote-control-tracked-lawn-mower-with-all-terrain-design\/","title":{"rendered":"Tondeuse \u00e0 gazon sur chenilles t\u00e9l\u00e9command\u00e9e avec design tout-terrain"},"content":{"rendered":"<p>La tondeuse \u00e0 gazon sur chenilles t\u00e9l\u00e9command\u00e9e est une solution puissante et polyvalente pour les t\u00e2ches de tonte exigeantes. Dot\u00e9e d'un robuste ch\u00e2ssis \u00e0 chenilles, elle offre une traction et une stabilit\u00e9 excellentes sur les pentes, les terrains irr\u00e9guliers et les environnements difficiles. Le syst\u00e8me de commande \u00e0 distance garantit un fonctionnement s\u00fbr et pratique, minimisant la fatigue et les risques pour l'op\u00e9rateur. \u00c9quip\u00e9e d'un moteur haute performance et d'un syst\u00e8me de coupe efficace, elle offre des performances fiables pour les applications agricoles, paysag\u00e8res et industrielles. Sa conception compacte permet de la man\u0153uvrer facilement, ce qui la rend adapt\u00e9e aux vergers, aux coteaux et \u00e0 l'entretien des bords de route. Cette machine est un choix id\u00e9al pour am\u00e9liorer la productivit\u00e9 et r\u00e9duire les co\u00fbts de main-d'\u0153uvre.<\/p>","protected":false},"excerpt":{"rendered":"<p>Cette tondeuse \u00e0 chenilles t\u00e9l\u00e9command\u00e9e est con\u00e7ue pour une tonte efficace de l'herbe sur les terrains accident\u00e9s. Dot\u00e9e d'une forte capacit\u00e9 de mont\u00e9e, d'un fonctionnement stable et de chenilles durables, elle est id\u00e9ale pour les pentes, les vergers et les travaux d'am\u00e9nagement paysager, tout en r\u00e9duisant le travail manuel.<\/p>","protected":false},"featured_media":1169,"template":"","meta":{"_gspb_post_css":""},"product_brand":[],"product_cat":[27],"product_tag":[218,63,107],"class_list":{"0":"post-1168","1":"product","2":"type-product","3":"status-publish","4":"has-post-thumbnail","6":"product_cat-crawler-lawn-mower","7":"product_tag-all-terrain-grass-cutter","8":"product_tag-remote-control-mower","9":"product_tag-tracked-lawn-mower","11":"first","12":"instock","13":"shipping-taxable","14":"product-type-simple"},"_links":{"self":[{"href":"https:\/\/chinaminiloader.com\/fr\/wp-json\/wp\/v2\/product\/1168","targetHints":{"allow":["GET"]}}],"collection":[{"href":"https:\/\/chinaminiloader.com\/fr\/wp-json\/wp\/v2\/product"}],"about":[{"href":"https:\/\/chinaminiloader.com\/fr\/wp-json\/wp\/v2\/types\/product"}],"wp:featuredmedia":[{"embeddable":true,"href":"https:\/\/chinaminiloader.com\/fr\/wp-json\/wp\/v2\/media\/1169"}],"wp:attachment":[{"href":"https:\/\/chinaminiloader.com\/fr\/wp-json\/wp\/v2\/media?parent=1168"}],"wp:term":[{"taxonomy":"product_brand","embeddable":true,"href":"https:\/\/chinaminiloader.com\/fr\/wp-json\/wp\/v2\/product_brand?post=1168"},{"taxonomy":"product_cat","embeddable":true,"href":"https:\/\/chinaminiloader.com\/fr\/wp-json\/wp\/v2\/product_cat?post=1168"},{"taxonomy":"product_tag","embeddable":true,"href":"https:\/\/chinaminiloader.com\/fr\/wp-json\/wp\/v2\/product_tag?post=1168"}],"curies":[{"name":"wp","href":"https:\/\/api.w.org\/{rel}","templated":true}]}}