{"id":1161,"date":"2026-04-27T09:15:01","date_gmt":"2026-04-27T09:15:01","guid":{"rendered":"https:\/\/chinaminiloader.com\/?post_type=product&#038;p=1161"},"modified":"2026-04-27T09:15:02","modified_gmt":"2026-04-27T09:15:02","slug":"compact-tracked-remote-control-loader-for-rough-terrain","status":"publish","type":"product","link":"https:\/\/chinaminiloader.com\/fr\/compact-tracked-remote-control-loader-for-rough-terrain\/","title":{"rendered":"Chargeur compact sur chenilles t\u00e9l\u00e9command\u00e9 pour terrain accident\u00e9"},"content":{"rendered":"<p>La chargeuse compacte sur chenilles t\u00e9l\u00e9command\u00e9e est une solution polyvalente pour la manutention de mat\u00e9riaux dans des environnements difficiles. Con\u00e7ue avec un syst\u00e8me de chenilles robuste, elle offre une traction et une stabilit\u00e9 excellentes sur les terrains accident\u00e9s. Sa commande \u00e0 distance am\u00e9liore la s\u00e9curit\u00e9 et la commodit\u00e9, permettant aux op\u00e9rateurs de travailler \u00e0 distance. Id\u00e9ale pour les chantiers de construction, les travaux agricoles et les espaces confin\u00e9s, cette machine offre des performances et une efficacit\u00e9 fiables. Sa structure durable, son moteur puissant et sa conception conviviale en font un excellent choix pour am\u00e9liorer la productivit\u00e9 tout en r\u00e9duisant l'intensit\u00e9 du travail. Elle est con\u00e7ue pour r\u00e9pondre aux exigences modernes de flexibilit\u00e9, de s\u00e9curit\u00e9 et de pr\u00e9cision op\u00e9rationnelle.<\/p>","protected":false},"excerpt":{"rendered":"<p>Cette chargeuse compacte sur chenilles t\u00e9l\u00e9command\u00e9e est con\u00e7ue pour une manutention efficace des mat\u00e9riaux dans des environnements \u00e9troits et difficiles. \u00c9quip\u00e9e de chenilles durables et d'un moteur puissant, elle assure stabilit\u00e9, flexibilit\u00e9 et hautes performances pour les applications de construction, agricoles et industrielles.<\/p>","protected":false},"featured_media":1162,"template":"","meta":{"_gspb_post_css":""},"product_brand":[],"product_cat":[27],"product_tag":[114,217,75],"class_list":{"0":"post-1161","1":"product","2":"type-product","3":"status-publish","4":"has-post-thumbnail","6":"product_cat-crawler-lawn-mower","7":"product_tag-compact-material-handler","8":"product_tag-remote-control-crawler","9":"product_tag-tracked-loader","11":"first","12":"instock","13":"shipping-taxable","14":"product-type-simple"},"_links":{"self":[{"href":"https:\/\/chinaminiloader.com\/fr\/wp-json\/wp\/v2\/product\/1161","targetHints":{"allow":["GET"]}}],"collection":[{"href":"https:\/\/chinaminiloader.com\/fr\/wp-json\/wp\/v2\/product"}],"about":[{"href":"https:\/\/chinaminiloader.com\/fr\/wp-json\/wp\/v2\/types\/product"}],"wp:featuredmedia":[{"embeddable":true,"href":"https:\/\/chinaminiloader.com\/fr\/wp-json\/wp\/v2\/media\/1162"}],"wp:attachment":[{"href":"https:\/\/chinaminiloader.com\/fr\/wp-json\/wp\/v2\/media?parent=1161"}],"wp:term":[{"taxonomy":"product_brand","embeddable":true,"href":"https:\/\/chinaminiloader.com\/fr\/wp-json\/wp\/v2\/product_brand?post=1161"},{"taxonomy":"product_cat","embeddable":true,"href":"https:\/\/chinaminiloader.com\/fr\/wp-json\/wp\/v2\/product_cat?post=1161"},{"taxonomy":"product_tag","embeddable":true,"href":"https:\/\/chinaminiloader.com\/fr\/wp-json\/wp\/v2\/product_tag?post=1161"}],"curies":[{"name":"wp","href":"https:\/\/api.w.org\/{rel}","templated":true}]}}