{"id":1155,"date":"2026-04-27T09:11:55","date_gmt":"2026-04-27T09:11:55","guid":{"rendered":"https:\/\/chinaminiloader.com\/?post_type=product&#038;p=1155"},"modified":"2026-04-27T09:11:55","modified_gmt":"2026-04-27T09:11:55","slug":"remote-control-tracked-lawn-mower-brush-cutter-robot","status":"publish","type":"product","link":"https:\/\/chinaminiloader.com\/fr\/remote-control-tracked-lawn-mower-brush-cutter-robot\/","title":{"rendered":"Robot tondeuse \u00e0 gazon sur chenilles t\u00e9l\u00e9command\u00e9 D\u00e9broussailleuse"},"content":{"rendered":"<p>La tondeuse \u00e0 gazon sur chenilles t\u00e9l\u00e9command\u00e9e est une solution avanc\u00e9e pour couper l'herbe et d\u00e9broussailler dans des environnements difficiles. Sa conception \u00e0 chenilles offre une traction et une stabilit\u00e9 excellentes, ce qui la rend adapt\u00e9e aux pentes, aux terrains accident\u00e9s et aux zones difficiles d'acc\u00e8s. Aliment\u00e9e par un moteur fiable, elle offre des performances de coupe \u00e9lev\u00e9es tout en r\u00e9duisant le travail manuel. La commande \u00e0 distance am\u00e9liore la s\u00e9curit\u00e9 et la commodit\u00e9 de l'op\u00e9rateur. Cette machine est largement utilis\u00e9e dans l'agriculture, l'am\u00e9nagement paysager, les vergers et l'entretien municipal. Construite avec des mat\u00e9riaux durables et une structure compacte, elle garantit une longue dur\u00e9e de vie et un entretien facile, ce qui en fait un choix id\u00e9al pour les utilisateurs professionnels.<\/p>","protected":false},"excerpt":{"rendered":"<p>Cette tondeuse sur chenilles t\u00e9l\u00e9command\u00e9e est con\u00e7ue pour une tonte efficace de l'herbe et des broussailles sur les terrains irr\u00e9guliers et les pentes. \u00c9quip\u00e9e d'un moteur puissant et de chenilles durables, elle garantit la stabilit\u00e9, la s\u00e9curit\u00e9 et une productivit\u00e9 \u00e9lev\u00e9e pour les travaux d'am\u00e9nagement paysager, d'agriculture et d'entretien municipal.<\/p>","protected":false},"featured_media":1156,"template":"","meta":{"_gspb_post_css":""},"product_brand":[],"product_cat":[27],"product_tag":[216,80,143],"class_list":{"0":"post-1155","1":"product","2":"type-product","3":"status-publish","4":"has-post-thumbnail","6":"product_cat-crawler-lawn-mower","7":"product_tag-brush-cutter-robot","8":"product_tag-remote-control-lawn-mower","9":"product_tag-tracked-mower","11":"first","12":"instock","13":"shipping-taxable","14":"product-type-simple"},"_links":{"self":[{"href":"https:\/\/chinaminiloader.com\/fr\/wp-json\/wp\/v2\/product\/1155","targetHints":{"allow":["GET"]}}],"collection":[{"href":"https:\/\/chinaminiloader.com\/fr\/wp-json\/wp\/v2\/product"}],"about":[{"href":"https:\/\/chinaminiloader.com\/fr\/wp-json\/wp\/v2\/types\/product"}],"wp:featuredmedia":[{"embeddable":true,"href":"https:\/\/chinaminiloader.com\/fr\/wp-json\/wp\/v2\/media\/1156"}],"wp:attachment":[{"href":"https:\/\/chinaminiloader.com\/fr\/wp-json\/wp\/v2\/media?parent=1155"}],"wp:term":[{"taxonomy":"product_brand","embeddable":true,"href":"https:\/\/chinaminiloader.com\/fr\/wp-json\/wp\/v2\/product_brand?post=1155"},{"taxonomy":"product_cat","embeddable":true,"href":"https:\/\/chinaminiloader.com\/fr\/wp-json\/wp\/v2\/product_cat?post=1155"},{"taxonomy":"product_tag","embeddable":true,"href":"https:\/\/chinaminiloader.com\/fr\/wp-json\/wp\/v2\/product_tag?post=1155"}],"curies":[{"name":"wp","href":"https:\/\/api.w.org\/{rel}","templated":true}]}}