{"id":1139,"date":"2026-04-27T09:04:54","date_gmt":"2026-04-27T09:04:54","guid":{"rendered":"https:\/\/chinaminiloader.com\/?post_type=product&#038;p=1139"},"modified":"2026-04-27T09:04:55","modified_gmt":"2026-04-27T09:04:55","slug":"heavy-duty-remote-control-track-loader-mower-for-orchard","status":"publish","type":"product","link":"https:\/\/chinaminiloader.com\/fr\/heavy-duty-remote-control-track-loader-mower-for-orchard\/","title":{"rendered":"Faucheuse \u00e0 chenilles t\u00e9l\u00e9command\u00e9e pour verger"},"content":{"rendered":"<p>Notre tondeuse chargeuse \u00e0 chenilles t\u00e9l\u00e9command\u00e9e est une solution polyvalente pour la gestion des vergers, l'am\u00e9nagement paysager et l'entretien des terrains accident\u00e9s. Con\u00e7ue avec un ch\u00e2ssis \u00e0 chenilles robuste, elle assure une traction et une stabilit\u00e9 sup\u00e9rieures sur les pentes et les sols irr\u00e9guliers. La commande \u00e0 distance renforce la s\u00e9curit\u00e9 et r\u00e9duit la fatigue de l'op\u00e9rateur, ce qui la rend id\u00e9ale pour les environnements difficiles. Dot\u00e9e d'un moteur puissant et d'un syst\u00e8me de coupe efficace, cette machine offre des performances fiables et une productivit\u00e9 \u00e9lev\u00e9e. Sa structure compacte permet une navigation ais\u00e9e dans les espaces \u00e9troits, ce qui en fait un choix parfait pour les applications agricoles et de construction modernes.<\/p>","protected":false},"excerpt":{"rendered":"<p>Cette tondeuse chargeuse \u00e0 chenilles t\u00e9l\u00e9command\u00e9e est con\u00e7ue pour fonctionner efficacement dans les vergers, sur les terrains accident\u00e9s et dans la v\u00e9g\u00e9tation dense. \u00c9quip\u00e9e de chenilles durables et d'un moteur puissant, elle offre une stabilit\u00e9, une capacit\u00e9 de mont\u00e9e et des performances de coupe excellentes. Sa conception compacte permet de man\u0153uvrer facilement dans les espaces restreints, am\u00e9liorant ainsi la productivit\u00e9 et la s\u00e9curit\u00e9.<\/p>","protected":false},"featured_media":1140,"template":"","meta":{"_gspb_post_css":""},"product_brand":[],"product_cat":[27],"product_tag":[214,63,213],"class_list":{"0":"post-1139","1":"product","2":"type-product","3":"status-publish","4":"has-post-thumbnail","6":"product_cat-crawler-lawn-mower","7":"product_tag-orchard-equipment","8":"product_tag-remote-control-mower","9":"product_tag-track-loader","11":"first","12":"instock","13":"shipping-taxable","14":"product-type-simple"},"_links":{"self":[{"href":"https:\/\/chinaminiloader.com\/fr\/wp-json\/wp\/v2\/product\/1139","targetHints":{"allow":["GET"]}}],"collection":[{"href":"https:\/\/chinaminiloader.com\/fr\/wp-json\/wp\/v2\/product"}],"about":[{"href":"https:\/\/chinaminiloader.com\/fr\/wp-json\/wp\/v2\/types\/product"}],"wp:featuredmedia":[{"embeddable":true,"href":"https:\/\/chinaminiloader.com\/fr\/wp-json\/wp\/v2\/media\/1140"}],"wp:attachment":[{"href":"https:\/\/chinaminiloader.com\/fr\/wp-json\/wp\/v2\/media?parent=1139"}],"wp:term":[{"taxonomy":"product_brand","embeddable":true,"href":"https:\/\/chinaminiloader.com\/fr\/wp-json\/wp\/v2\/product_brand?post=1139"},{"taxonomy":"product_cat","embeddable":true,"href":"https:\/\/chinaminiloader.com\/fr\/wp-json\/wp\/v2\/product_cat?post=1139"},{"taxonomy":"product_tag","embeddable":true,"href":"https:\/\/chinaminiloader.com\/fr\/wp-json\/wp\/v2\/product_tag?post=1139"}],"curies":[{"name":"wp","href":"https:\/\/api.w.org\/{rel}","templated":true}]}}